{"id":114889,"date":"2025-05-18T21:06:17","date_gmt":"2025-05-18T21:06:17","guid":{"rendered":"https:\/\/staging2.stylingagenten.com\/da\/produkt\/joico-colorful-anti-fade-conditioner-1000ml\/"},"modified":"2026-03-11T22:01:11","modified_gmt":"2026-03-11T22:01:11","slug":"joico-colorful-anti-fade-conditioner-1000ml","status":"publish","type":"product","link":"https:\/\/stylingagenten.com\/da\/produkt\/joico-colorful-anti-fade-conditioner-1000ml\/","title":{"rendered":"Joico Colorful Anti-Fade Conditioner 1000ml"},"content":{"rendered":"<p>Joico Colorful Anti-Fade Conditioner, denne fantastisk fugtgivende balsam til daglig brug giver den perfekte balance til farvebehandlet h\u00e5r\u2014fylder h\u00e5rstr\u00e5ene med bl\u00f8dhed og glans og giver samtidig h\u00e5ret en sikker beskyttelse mod, at h\u00e5rfarven falmer.<\/p>\n<p>Egenskaber:<\/p>\n<p>Farvens livlighed varer op til 8 uger<br \/>\n<br \/>\u00d8jeblikkelig udredning og pleje af farvet h\u00e5r<br \/>\n<br \/>Beskytter h\u00e5ret og reducerer skader med over 70 %<br \/>\n<br \/>1000ml<\/p>\n","protected":false},"excerpt":{"rendered":"<p>Joico Colorful Anti-Fade Conditioner, denne fantastisk fugtgivende balsam til daglig brug giver den perfekte balance til farvebehandlet h\u00e5r\u2014fylder h\u00e5rstr\u00e5ene med bl\u00f8dhed og glans og giver samtidig h\u00e5ret en sikker beskyttelse mod, at h\u00e5rfarven falmer. Egenskaber: Farvens livlighed varer op til 8 uger \u00d8jeblikkelig udredning og pleje af farvet h\u00e5r Beskytter h\u00e5ret og reducerer skader med [&hellip;]<\/p>\n","protected":false},"featured_media":114888,"comment_status":"open","ping_status":"closed","template":"","meta":{"_trash_the_other_posts":false},"product_brand":[],"product_cat":[587],"product_tag":[3061],"berocket_brand":[1372],"class_list":{"0":"post-114889","1":"product","2":"type-product","3":"status-publish","4":"has-post-thumbnail","6":"product_cat-balsam","7":"product_tag-joico-colorful-anti-fade-conditioner","8":"pa_brand-joico","9":"pa_variant-1000ml","10":"berocket_brand-joico","12":"first","13":"instock","14":"sale","15":"taxable","16":"shipping-taxable","17":"purchasable","18":"product-type-simple"},"_links":{"self":[{"href":"https:\/\/stylingagenten.com\/da\/wp-json\/wp\/v2\/product\/114889","targetHints":{"allow":["GET"]}}],"collection":[{"href":"https:\/\/stylingagenten.com\/da\/wp-json\/wp\/v2\/product"}],"about":[{"href":"https:\/\/stylingagenten.com\/da\/wp-json\/wp\/v2\/types\/product"}],"replies":[{"embeddable":true,"href":"https:\/\/stylingagenten.com\/da\/wp-json\/wp\/v2\/comments?post=114889"}],"version-history":[{"count":0,"href":"https:\/\/stylingagenten.com\/da\/wp-json\/wp\/v2\/product\/114889\/revisions"}],"wp:featuredmedia":[{"embeddable":true,"href":"https:\/\/stylingagenten.com\/da\/wp-json\/wp\/v2\/media\/114888"}],"wp:attachment":[{"href":"https:\/\/stylingagenten.com\/da\/wp-json\/wp\/v2\/media?parent=114889"}],"wp:term":[{"taxonomy":"product_brand","embeddable":true,"href":"https:\/\/stylingagenten.com\/da\/wp-json\/wp\/v2\/product_brand?post=114889"},{"taxonomy":"product_cat","embeddable":true,"href":"https:\/\/stylingagenten.com\/da\/wp-json\/wp\/v2\/product_cat?post=114889"},{"taxonomy":"product_tag","embeddable":true,"href":"https:\/\/stylingagenten.com\/da\/wp-json\/wp\/v2\/product_tag?post=114889"},{"taxonomy":"berocket_brand","embeddable":true,"href":"https:\/\/stylingagenten.com\/da\/wp-json\/wp\/v2\/berocket_brand?post=114889"}],"curies":[{"name":"wp","href":"https:\/\/api.w.org\/{rel}","templated":true}]}}