{"id":114887,"date":"2025-05-18T21:06:15","date_gmt":"2025-05-18T21:06:15","guid":{"rendered":"https:\/\/staging2.stylingagenten.com\/da\/produkt\/balmain-couleurs-couture-conditioner-300ml\/"},"modified":"2026-03-11T22:00:42","modified_gmt":"2026-03-11T22:00:42","slug":"balmain-couleurs-couture-conditioner-300ml","status":"publish","type":"product","link":"https:\/\/stylingagenten.com\/da\/produkt\/balmain-couleurs-couture-conditioner-300ml\/","title":{"rendered":"Balmain Couleurs Couture Conditioner 300ml"},"content":{"rendered":"<p>Intensivt fugtgivende balsam til farvet, skadet og overbehandlet h\u00e5r. Giver n\u00e6ring og er bl\u00f8dt udredende, styrker h\u00e5rstr\u00e5et indefra og ud. Beriget med en unik blanding af argan-eliksir, kashmirproteiner, quinoafr\u00f8 og kokosolie for at give en m\u00e6rkbar forskel i glans, udstr\u00e5ling, pleje og dybdeg\u00e5ende n\u00e6ring samt styrke h\u00e5rstr\u00e5et. UV-beskyttelsen forl\u00e6nger h\u00e5rfarvens levetid.<\/p>\n<p>300 ml<\/p>\n","protected":false},"excerpt":{"rendered":"<p>Intensivt fugtgivende balsam til farvet, skadet og overbehandlet h\u00e5r. Giver n\u00e6ring og er bl\u00f8dt udredende, styrker h\u00e5rstr\u00e5et indefra og ud. Beriget med en unik blanding af argan-eliksir, kashmirproteiner, quinoafr\u00f8 og kokosolie for at give en m\u00e6rkbar forskel i glans, udstr\u00e5ling, pleje og dybdeg\u00e5ende n\u00e6ring samt styrke h\u00e5rstr\u00e5et. UV-beskyttelsen forl\u00e6nger h\u00e5rfarvens levetid. 300 ml<\/p>\n","protected":false},"featured_media":114883,"comment_status":"open","ping_status":"closed","template":"","meta":{"_trash_the_other_posts":false},"product_brand":[],"product_cat":[587],"product_tag":[],"berocket_brand":[1144],"class_list":{"0":"post-114887","1":"product","2":"type-product","3":"status-publish","4":"has-post-thumbnail","6":"product_cat-balsam","7":"pa_brand-balmain","8":"berocket_brand-balmain","10":"first","11":"instock","12":"sale","13":"taxable","14":"shipping-taxable","15":"purchasable","16":"product-type-simple"},"_links":{"self":[{"href":"https:\/\/stylingagenten.com\/da\/wp-json\/wp\/v2\/product\/114887","targetHints":{"allow":["GET"]}}],"collection":[{"href":"https:\/\/stylingagenten.com\/da\/wp-json\/wp\/v2\/product"}],"about":[{"href":"https:\/\/stylingagenten.com\/da\/wp-json\/wp\/v2\/types\/product"}],"replies":[{"embeddable":true,"href":"https:\/\/stylingagenten.com\/da\/wp-json\/wp\/v2\/comments?post=114887"}],"version-history":[{"count":0,"href":"https:\/\/stylingagenten.com\/da\/wp-json\/wp\/v2\/product\/114887\/revisions"}],"wp:featuredmedia":[{"embeddable":true,"href":"https:\/\/stylingagenten.com\/da\/wp-json\/wp\/v2\/media\/114883"}],"wp:attachment":[{"href":"https:\/\/stylingagenten.com\/da\/wp-json\/wp\/v2\/media?parent=114887"}],"wp:term":[{"taxonomy":"product_brand","embeddable":true,"href":"https:\/\/stylingagenten.com\/da\/wp-json\/wp\/v2\/product_brand?post=114887"},{"taxonomy":"product_cat","embeddable":true,"href":"https:\/\/stylingagenten.com\/da\/wp-json\/wp\/v2\/product_cat?post=114887"},{"taxonomy":"product_tag","embeddable":true,"href":"https:\/\/stylingagenten.com\/da\/wp-json\/wp\/v2\/product_tag?post=114887"},{"taxonomy":"berocket_brand","embeddable":true,"href":"https:\/\/stylingagenten.com\/da\/wp-json\/wp\/v2\/berocket_brand?post=114887"}],"curies":[{"name":"wp","href":"https:\/\/api.w.org\/{rel}","templated":true}]}}