{"id":114878,"date":"2025-05-18T21:06:10","date_gmt":"2025-05-18T21:06:10","guid":{"rendered":"https:\/\/staging2.stylingagenten.com\/da\/produkt\/ida-warg-everyday-conditioner-pro-size-500ml\/"},"modified":"2026-03-11T21:56:05","modified_gmt":"2026-03-11T21:56:05","slug":"ida-warg-everyday-conditioner-pro-size-500ml","status":"publish","type":"product","link":"https:\/\/stylingagenten.com\/da\/produkt\/ida-warg-everyday-conditioner-pro-size-500ml\/","title":{"rendered":"Ida Warg Everyday Conditioner Pro Size 500ml"},"content":{"rendered":"<p>Ida Warg Everyday Conditioner Pro Size er en mild og sk\u00e5nsom balsam i pumpeflaske til dig, der vasker dit h\u00e5r ofte. Den renser effektivt uden at t\u00f8rre h\u00e5r og hovedbund ud. Den indeholder bl\u00f8dg\u00f8rende og fugtgivende Abyssinian-olie samt beroligende Aloe Vera, som hj\u00e6lper med at holde h\u00e5r og hovedbund i balance.<\/p>\n<p>Dufter rent og friskt med et hint af citrus verbena. 100 % Vegansk &amp; Cruelty-free Fri for parabener og sulfater.<\/p>\n<p>500 ml<\/p>\n","protected":false},"excerpt":{"rendered":"<p>Ida Warg Everyday Conditioner Pro Size er en mild og sk\u00e5nsom balsam i pumpeflaske til dig, der vasker dit h\u00e5r ofte. Den renser effektivt uden at t\u00f8rre h\u00e5r og hovedbund ud. Den indeholder bl\u00f8dg\u00f8rende og fugtgivende Abyssinian-olie samt beroligende Aloe Vera, som hj\u00e6lper med at holde h\u00e5r og hovedbund i balance. Dufter rent og friskt [&hellip;]<\/p>\n","protected":false},"featured_media":114872,"comment_status":"open","ping_status":"closed","template":"","meta":{"_trash_the_other_posts":false},"product_brand":[],"product_cat":[587],"product_tag":[3005],"berocket_brand":[1346],"class_list":{"0":"post-114878","1":"product","2":"type-product","3":"status-publish","4":"has-post-thumbnail","6":"product_cat-balsam","7":"product_tag-ida-warg-everyday-conditioner","8":"pa_brand-ida-warg","9":"pa_variant-500ml","10":"berocket_brand-ida-warg","12":"first","13":"instock","14":"sale","15":"taxable","16":"shipping-taxable","17":"purchasable","18":"product-type-simple"},"_links":{"self":[{"href":"https:\/\/stylingagenten.com\/da\/wp-json\/wp\/v2\/product\/114878","targetHints":{"allow":["GET"]}}],"collection":[{"href":"https:\/\/stylingagenten.com\/da\/wp-json\/wp\/v2\/product"}],"about":[{"href":"https:\/\/stylingagenten.com\/da\/wp-json\/wp\/v2\/types\/product"}],"replies":[{"embeddable":true,"href":"https:\/\/stylingagenten.com\/da\/wp-json\/wp\/v2\/comments?post=114878"}],"version-history":[{"count":0,"href":"https:\/\/stylingagenten.com\/da\/wp-json\/wp\/v2\/product\/114878\/revisions"}],"wp:featuredmedia":[{"embeddable":true,"href":"https:\/\/stylingagenten.com\/da\/wp-json\/wp\/v2\/media\/114872"}],"wp:attachment":[{"href":"https:\/\/stylingagenten.com\/da\/wp-json\/wp\/v2\/media?parent=114878"}],"wp:term":[{"taxonomy":"product_brand","embeddable":true,"href":"https:\/\/stylingagenten.com\/da\/wp-json\/wp\/v2\/product_brand?post=114878"},{"taxonomy":"product_cat","embeddable":true,"href":"https:\/\/stylingagenten.com\/da\/wp-json\/wp\/v2\/product_cat?post=114878"},{"taxonomy":"product_tag","embeddable":true,"href":"https:\/\/stylingagenten.com\/da\/wp-json\/wp\/v2\/product_tag?post=114878"},{"taxonomy":"berocket_brand","embeddable":true,"href":"https:\/\/stylingagenten.com\/da\/wp-json\/wp\/v2\/berocket_brand?post=114878"}],"curies":[{"name":"wp","href":"https:\/\/api.w.org\/{rel}","templated":true}]}}