{"id":114876,"date":"2025-05-18T21:06:10","date_gmt":"2025-05-18T21:06:10","guid":{"rendered":"https:\/\/staging2.stylingagenten.com\/da\/produkt\/ida-warg-cure-conditioner-250ml\/"},"modified":"2026-03-11T21:50:35","modified_gmt":"2026-03-11T21:50:35","slug":"ida-warg-cure-conditioner-250ml","status":"publish","type":"product","link":"https:\/\/stylingagenten.com\/da\/produkt\/ida-warg-cure-conditioner-250ml\/","title":{"rendered":"Ida Warg Cure Conditioner 250ml"},"content":{"rendered":"<p>Ida Warg Cure Conditioner er en plejende og mild balsam, der modvirker sk\u00e6l og beroliger en irriteret hovedbund. Den indeholder Piroctone Olamine, en aktiv ingrediens der reducerer tilstedev\u00e6relsen af g\u00e6rcellerne Malassezia, samt Sodium PCA, som fugter sammen med beroligende aloe vera og peptider, der hj\u00e6lper med at stimulere h\u00e5rv\u00e6kst. Formlen indeholder ogs\u00e5 ekstrakt fra r\u00f8dkl\u00f8ver, som virker beroligende p\u00e5 hud og h\u00e5r.<\/p>\n<p>Masser ind i nyvasket fugtigt h\u00e5r, gerne ogs\u00e5 i hovedbunden, og lad det virke i et minut. Skyl derefter grundigt. Anvendes med fordel efter IDA WARG Cure Shampoo for bedst resultat.<\/p>\n<p>En mild, frugtagtig duft af \u00e6ble og p\u00e6re med et strejf af blomster. 100 % Vegansk &amp; Cruelty-free Fri for sulfater &amp; parabener.<\/p>\n<p>250 ml<\/p>\n","protected":false},"excerpt":{"rendered":"<p>Ida Warg Cure Conditioner er en plejende og mild balsam, der modvirker sk\u00e6l og beroliger en irriteret hovedbund. Den indeholder Piroctone Olamine, en aktiv ingrediens der reducerer tilstedev\u00e6relsen af g\u00e6rcellerne Malassezia, samt Sodium PCA, som fugter sammen med beroligende aloe vera og peptider, der hj\u00e6lper med at stimulere h\u00e5rv\u00e6kst. Formlen indeholder ogs\u00e5 ekstrakt fra r\u00f8dkl\u00f8ver, [&hellip;]<\/p>\n","protected":false},"featured_media":114868,"comment_status":"open","ping_status":"closed","template":"","meta":{"_trash_the_other_posts":false},"product_brand":[],"product_cat":[587],"product_tag":[],"berocket_brand":[1346],"class_list":{"0":"post-114876","1":"product","2":"type-product","3":"status-publish","4":"has-post-thumbnail","6":"product_cat-balsam","7":"pa_brand-ida-warg","8":"berocket_brand-ida-warg","10":"first","11":"instock","12":"sale","13":"taxable","14":"shipping-taxable","15":"purchasable","16":"product-type-simple"},"_links":{"self":[{"href":"https:\/\/stylingagenten.com\/da\/wp-json\/wp\/v2\/product\/114876","targetHints":{"allow":["GET"]}}],"collection":[{"href":"https:\/\/stylingagenten.com\/da\/wp-json\/wp\/v2\/product"}],"about":[{"href":"https:\/\/stylingagenten.com\/da\/wp-json\/wp\/v2\/types\/product"}],"replies":[{"embeddable":true,"href":"https:\/\/stylingagenten.com\/da\/wp-json\/wp\/v2\/comments?post=114876"}],"version-history":[{"count":0,"href":"https:\/\/stylingagenten.com\/da\/wp-json\/wp\/v2\/product\/114876\/revisions"}],"wp:featuredmedia":[{"embeddable":true,"href":"https:\/\/stylingagenten.com\/da\/wp-json\/wp\/v2\/media\/114868"}],"wp:attachment":[{"href":"https:\/\/stylingagenten.com\/da\/wp-json\/wp\/v2\/media?parent=114876"}],"wp:term":[{"taxonomy":"product_brand","embeddable":true,"href":"https:\/\/stylingagenten.com\/da\/wp-json\/wp\/v2\/product_brand?post=114876"},{"taxonomy":"product_cat","embeddable":true,"href":"https:\/\/stylingagenten.com\/da\/wp-json\/wp\/v2\/product_cat?post=114876"},{"taxonomy":"product_tag","embeddable":true,"href":"https:\/\/stylingagenten.com\/da\/wp-json\/wp\/v2\/product_tag?post=114876"},{"taxonomy":"berocket_brand","embeddable":true,"href":"https:\/\/stylingagenten.com\/da\/wp-json\/wp\/v2\/berocket_brand?post=114876"}],"curies":[{"name":"wp","href":"https:\/\/api.w.org\/{rel}","templated":true}]}}