{"id":114870,"date":"2025-05-18T21:06:08","date_gmt":"2025-05-18T21:06:08","guid":{"rendered":"https:\/\/staging2.stylingagenten.com\/da\/produkt\/balmain-moisturizing-conditioner-50ml\/"},"modified":"2026-03-11T21:44:51","modified_gmt":"2026-03-11T21:44:51","slug":"balmain-moisturizing-conditioner-50ml","status":"publish","type":"product","link":"https:\/\/stylingagenten.com\/da\/produkt\/balmain-moisturizing-conditioner-50ml\/","title":{"rendered":"Balmain Moisturizing Conditioner 50ml"},"content":{"rendered":"<p>En fugtgivende balsam beriget med ren \u00f8kologisk arganolie. Balsammen reparerer, styrker og bevarer farvet h\u00e5r, samtidig med at den beskytter h\u00e5ret mod varme og UV-str\u00e5ler.<br \/>\n<br \/>Reparerer, styrker og beskytter h\u00e5ret, beskytter h\u00e5rfarven mod varme og har UV-beskyttelsesfilter.<\/p>\n<p>50 ml<\/p>\n","protected":false},"excerpt":{"rendered":"<p>En fugtgivende balsam beriget med ren \u00f8kologisk arganolie. Balsammen reparerer, styrker og bevarer farvet h\u00e5r, samtidig med at den beskytter h\u00e5ret mod varme og UV-str\u00e5ler. Reparerer, styrker og beskytter h\u00e5ret, beskytter h\u00e5rfarven mod varme og har UV-beskyttelsesfilter. 50 ml<\/p>\n","protected":false},"featured_media":114866,"comment_status":"open","ping_status":"closed","template":"","meta":{"_trash_the_other_posts":false},"product_brand":[],"product_cat":[587],"product_tag":[2459],"berocket_brand":[1144],"class_list":{"0":"post-114870","1":"product","2":"type-product","3":"status-publish","4":"has-post-thumbnail","6":"product_cat-balsam","7":"product_tag-balmain-moisturizing-conditioner","8":"pa_brand-balmain","9":"pa_variant-50ml","10":"berocket_brand-balmain","12":"first","13":"instock","14":"sale","15":"taxable","16":"shipping-taxable","17":"purchasable","18":"product-type-simple"},"_links":{"self":[{"href":"https:\/\/stylingagenten.com\/da\/wp-json\/wp\/v2\/product\/114870","targetHints":{"allow":["GET"]}}],"collection":[{"href":"https:\/\/stylingagenten.com\/da\/wp-json\/wp\/v2\/product"}],"about":[{"href":"https:\/\/stylingagenten.com\/da\/wp-json\/wp\/v2\/types\/product"}],"replies":[{"embeddable":true,"href":"https:\/\/stylingagenten.com\/da\/wp-json\/wp\/v2\/comments?post=114870"}],"version-history":[{"count":0,"href":"https:\/\/stylingagenten.com\/da\/wp-json\/wp\/v2\/product\/114870\/revisions"}],"wp:featuredmedia":[{"embeddable":true,"href":"https:\/\/stylingagenten.com\/da\/wp-json\/wp\/v2\/media\/114866"}],"wp:attachment":[{"href":"https:\/\/stylingagenten.com\/da\/wp-json\/wp\/v2\/media?parent=114870"}],"wp:term":[{"taxonomy":"product_brand","embeddable":true,"href":"https:\/\/stylingagenten.com\/da\/wp-json\/wp\/v2\/product_brand?post=114870"},{"taxonomy":"product_cat","embeddable":true,"href":"https:\/\/stylingagenten.com\/da\/wp-json\/wp\/v2\/product_cat?post=114870"},{"taxonomy":"product_tag","embeddable":true,"href":"https:\/\/stylingagenten.com\/da\/wp-json\/wp\/v2\/product_tag?post=114870"},{"taxonomy":"berocket_brand","embeddable":true,"href":"https:\/\/stylingagenten.com\/da\/wp-json\/wp\/v2\/berocket_brand?post=114870"}],"curies":[{"name":"wp","href":"https:\/\/api.w.org\/{rel}","templated":true}]}}