{"id":114798,"date":"2025-05-18T21:05:42","date_gmt":"2025-05-18T21:05:42","guid":{"rendered":"https:\/\/staging2.stylingagenten.com\/da\/produkt\/wella-professionals-invigo-sun-care-express-conditioner-200ml\/"},"modified":"2026-03-13T14:42:39","modified_gmt":"2026-03-13T14:42:39","slug":"wella-professionals-invigo-sun-care-express-conditioner-200ml","status":"publish","type":"product","link":"https:\/\/stylingagenten.com\/da\/produkt\/wella-professionals-invigo-sun-care-express-conditioner-200ml\/","title":{"rendered":"Wella Professionals Invigo Sun Care Express Conditioner 200ml"},"content":{"rendered":"<p>Wella Professionals Invigo Sun Express Conditioner er en balsam formuleret med Sun-blend og beriget med provitamin B5, som giver en reparerende og fugtgivende effekt efter eksponering for sand, hav og salt. Den lette formel sikrer, at h\u00e5ret ser uimodst\u00e5eligt sundt og bl\u00f8dt ud uden risiko for tunge produktrester. Invigo Sun Express Conditioner beskytter ogs\u00e5 mod UV-str\u00e5ling og minimerer risikoen for farvefading, hvilket g\u00f8r den ideel til farvet h\u00e5r. Din after-sun rutine til alle h\u00e5rtyper.<\/p>\n<p>200ml<\/p>\n","protected":false},"excerpt":{"rendered":"<p>Wella Professionals Invigo Sun Express Conditioner er en balsam formuleret med Sun-blend og beriget med provitamin B5, som giver en reparerende og fugtgivende effekt efter eksponering for sand, hav og salt. Den lette formel sikrer, at h\u00e5ret ser uimodst\u00e5eligt sundt og bl\u00f8dt ud uden risiko for tunge produktrester. Invigo Sun Express Conditioner beskytter ogs\u00e5 mod [&hellip;]<\/p>\n","protected":false},"featured_media":114784,"comment_status":"open","ping_status":"closed","template":"","meta":{"_trash_the_other_posts":false},"product_brand":[],"product_cat":[587],"product_tag":[],"berocket_brand":[1030],"class_list":{"0":"post-114798","1":"product","2":"type-product","3":"status-publish","4":"has-post-thumbnail","6":"product_cat-balsam","7":"pa_brand-wella","8":"berocket_brand-wella","10":"first","11":"instock","12":"sale","13":"taxable","14":"shipping-taxable","15":"purchasable","16":"product-type-simple"},"_links":{"self":[{"href":"https:\/\/stylingagenten.com\/da\/wp-json\/wp\/v2\/product\/114798","targetHints":{"allow":["GET"]}}],"collection":[{"href":"https:\/\/stylingagenten.com\/da\/wp-json\/wp\/v2\/product"}],"about":[{"href":"https:\/\/stylingagenten.com\/da\/wp-json\/wp\/v2\/types\/product"}],"replies":[{"embeddable":true,"href":"https:\/\/stylingagenten.com\/da\/wp-json\/wp\/v2\/comments?post=114798"}],"version-history":[{"count":0,"href":"https:\/\/stylingagenten.com\/da\/wp-json\/wp\/v2\/product\/114798\/revisions"}],"wp:featuredmedia":[{"embeddable":true,"href":"https:\/\/stylingagenten.com\/da\/wp-json\/wp\/v2\/media\/114784"}],"wp:attachment":[{"href":"https:\/\/stylingagenten.com\/da\/wp-json\/wp\/v2\/media?parent=114798"}],"wp:term":[{"taxonomy":"product_brand","embeddable":true,"href":"https:\/\/stylingagenten.com\/da\/wp-json\/wp\/v2\/product_brand?post=114798"},{"taxonomy":"product_cat","embeddable":true,"href":"https:\/\/stylingagenten.com\/da\/wp-json\/wp\/v2\/product_cat?post=114798"},{"taxonomy":"product_tag","embeddable":true,"href":"https:\/\/stylingagenten.com\/da\/wp-json\/wp\/v2\/product_tag?post=114798"},{"taxonomy":"berocket_brand","embeddable":true,"href":"https:\/\/stylingagenten.com\/da\/wp-json\/wp\/v2\/berocket_brand?post=114798"}],"curies":[{"name":"wp","href":"https:\/\/api.w.org\/{rel}","templated":true}]}}