{"id":114649,"date":"2025-05-18T21:05:11","date_gmt":"2025-05-18T21:05:11","guid":{"rendered":"https:\/\/staging2.stylingagenten.com\/da\/produkt\/round-lab-soybean-nourishing-toner-300ml\/"},"modified":"2025-12-18T21:55:45","modified_gmt":"2025-12-18T21:55:45","slug":"round-lab-soybean-nourishing-toner-300ml","status":"publish","type":"product","link":"https:\/\/stylingagenten.com\/da\/produkt\/round-lab-soybean-nourishing-toner-300ml\/","title":{"rendered":"Round Lab Soybean Nourishing Toner 300ml"},"content":{"rendered":"<p>Round Lab Soybean Nourishing Toner er en cremet, m\u00e6lkeagtig toner fyldt med hudvenlige ingredienser, der beroliger irriteret hud og r\u00f8dme, perfekt til alle hudtyper.<\/p>\n<p>Basen af denne toner er den n\u00e6ringsrige og antioxidantrige sojab\u00f8nne. Sojab\u00f8nner er kendt for deres isoflavoner, en skjold mod aldring, der stimulerer produktionen af kollagen og beskytter huden mod tidlige aldringstegn. Derfor er Soybean Nourishing Toner en fremragende anti-aging l\u00f8sning til din hud.<\/p>\n<p>For at yderligere st\u00f8tte hudens sundhed indeholder den ogs\u00e5 ceramider, der er vigtige for at opretholde hudens barrierefunktion. Med alderen falder ceramidniveauerne naturligt i huden, hvilket kan f\u00f8re til tab af fasthed og elasticitet. Ved at tilf\u00f8re ceramider hj\u00e6lper denne toner med at bevare hudens ungdommelige udseende og styrke dens modstandsdygtighed.<\/p>\n<p>300 ml<\/p>\n","protected":false},"excerpt":{"rendered":"<p>Round Lab Soybean Nourishing Toner er en cremet, m\u00e6lkeagtig toner fyldt med hudvenlige ingredienser, der beroliger irriteret hud og r\u00f8dme, perfekt til alle hudtyper. Basen af denne toner er den n\u00e6ringsrige og antioxidantrige sojab\u00f8nne. Sojab\u00f8nner er kendt for deres isoflavoner, en skjold mod aldring, der stimulerer produktionen af kollagen og beskytter huden mod tidlige aldringstegn. [&hellip;]<\/p>\n","protected":false},"featured_media":114632,"comment_status":"open","ping_status":"closed","template":"","meta":{"_trash_the_other_posts":false},"product_brand":[],"product_cat":[571,1001],"product_tag":[],"berocket_brand":[1415],"class_list":{"0":"post-114649","1":"product","2":"type-product","3":"status-publish","4":"has-post-thumbnail","6":"product_cat-ansigtstoner","7":"product_cat-k-beauty","8":"pa_brand-round-lab","9":"berocket_brand-round-lab","11":"first","12":"instock","13":"sale","14":"taxable","15":"shipping-taxable","16":"purchasable","17":"product-type-simple"},"_links":{"self":[{"href":"https:\/\/stylingagenten.com\/da\/wp-json\/wp\/v2\/product\/114649","targetHints":{"allow":["GET"]}}],"collection":[{"href":"https:\/\/stylingagenten.com\/da\/wp-json\/wp\/v2\/product"}],"about":[{"href":"https:\/\/stylingagenten.com\/da\/wp-json\/wp\/v2\/types\/product"}],"replies":[{"embeddable":true,"href":"https:\/\/stylingagenten.com\/da\/wp-json\/wp\/v2\/comments?post=114649"}],"version-history":[{"count":0,"href":"https:\/\/stylingagenten.com\/da\/wp-json\/wp\/v2\/product\/114649\/revisions"}],"wp:featuredmedia":[{"embeddable":true,"href":"https:\/\/stylingagenten.com\/da\/wp-json\/wp\/v2\/media\/114632"}],"wp:attachment":[{"href":"https:\/\/stylingagenten.com\/da\/wp-json\/wp\/v2\/media?parent=114649"}],"wp:term":[{"taxonomy":"product_brand","embeddable":true,"href":"https:\/\/stylingagenten.com\/da\/wp-json\/wp\/v2\/product_brand?post=114649"},{"taxonomy":"product_cat","embeddable":true,"href":"https:\/\/stylingagenten.com\/da\/wp-json\/wp\/v2\/product_cat?post=114649"},{"taxonomy":"product_tag","embeddable":true,"href":"https:\/\/stylingagenten.com\/da\/wp-json\/wp\/v2\/product_tag?post=114649"},{"taxonomy":"berocket_brand","embeddable":true,"href":"https:\/\/stylingagenten.com\/da\/wp-json\/wp\/v2\/berocket_brand?post=114649"}],"curies":[{"name":"wp","href":"https:\/\/api.w.org\/{rel}","templated":true}]}}