{"id":114629,"date":"2025-05-18T21:05:09","date_gmt":"2025-05-18T21:05:09","guid":{"rendered":"https:\/\/staging2.stylingagenten.com\/da\/produkt\/nuxe-aquabella-beauty-revealing-essence-lotion-200ml\/"},"modified":"2026-04-12T18:58:32","modified_gmt":"2026-04-12T18:58:32","slug":"nuxe-aquabella-beauty-revealing-essence-lotion-200ml","status":"publish","type":"product","link":"https:\/\/stylingagenten.com\/da\/produkt\/nuxe-aquabella-beauty-revealing-essence-lotion-200ml\/","title":{"rendered":"Nuxe Aquabella Beauty Revealing Essence Lotion 200ml"},"content":{"rendered":"<p>Nuxe Aquabella Beauty-Revealing Essence-Lotion er en eksklusiv ansigtsvand, specielt udviklet til dig med kombineret hud. Denne toner g\u00f8r mere end blot at friske huden op \u2013 den forbedrer hudstrukturen og strammer porerne, hvilket resulterer i et glattere og mere str\u00e5lende udseende.<\/p>\n<p>Aquabella ansigtsvand giver en balanceret, str\u00e5lende gl\u00f8d, der varer hele dagen. Uanset om du k\u00e6mper med olieholdige eller t\u00f8rre omr\u00e5der, vil denne lotion give dig en j\u00e6vn og sund hud.<\/p>\n<p>200ml<\/p>\n","protected":false},"excerpt":{"rendered":"<p>Nuxe Aquabella Beauty-Revealing Essence-Lotion er en eksklusiv ansigtsvand, specielt udviklet til dig med kombineret hud. Denne toner g\u00f8r mere end blot at friske huden op \u2013 den forbedrer hudstrukturen og strammer porerne, hvilket resulterer i et glattere og mere str\u00e5lende udseende. Aquabella ansigtsvand giver en balanceret, str\u00e5lende gl\u00f8d, der varer hele dagen. Uanset om du [&hellip;]<\/p>\n","protected":false},"featured_media":114618,"comment_status":"open","ping_status":"closed","template":"","meta":{"_trash_the_other_posts":false},"product_brand":[],"product_cat":[571],"product_tag":[],"berocket_brand":[1024],"class_list":{"0":"post-114629","1":"product","2":"type-product","3":"status-publish","4":"has-post-thumbnail","6":"product_cat-ansigtstoner","7":"pa_brand-nuxe","8":"berocket_brand-nuxe","10":"first","11":"instock","12":"sale","13":"taxable","14":"shipping-taxable","15":"purchasable","16":"product-type-simple"},"_links":{"self":[{"href":"https:\/\/stylingagenten.com\/da\/wp-json\/wp\/v2\/product\/114629","targetHints":{"allow":["GET"]}}],"collection":[{"href":"https:\/\/stylingagenten.com\/da\/wp-json\/wp\/v2\/product"}],"about":[{"href":"https:\/\/stylingagenten.com\/da\/wp-json\/wp\/v2\/types\/product"}],"replies":[{"embeddable":true,"href":"https:\/\/stylingagenten.com\/da\/wp-json\/wp\/v2\/comments?post=114629"}],"version-history":[{"count":0,"href":"https:\/\/stylingagenten.com\/da\/wp-json\/wp\/v2\/product\/114629\/revisions"}],"wp:featuredmedia":[{"embeddable":true,"href":"https:\/\/stylingagenten.com\/da\/wp-json\/wp\/v2\/media\/114618"}],"wp:attachment":[{"href":"https:\/\/stylingagenten.com\/da\/wp-json\/wp\/v2\/media?parent=114629"}],"wp:term":[{"taxonomy":"product_brand","embeddable":true,"href":"https:\/\/stylingagenten.com\/da\/wp-json\/wp\/v2\/product_brand?post=114629"},{"taxonomy":"product_cat","embeddable":true,"href":"https:\/\/stylingagenten.com\/da\/wp-json\/wp\/v2\/product_cat?post=114629"},{"taxonomy":"product_tag","embeddable":true,"href":"https:\/\/stylingagenten.com\/da\/wp-json\/wp\/v2\/product_tag?post=114629"},{"taxonomy":"berocket_brand","embeddable":true,"href":"https:\/\/stylingagenten.com\/da\/wp-json\/wp\/v2\/berocket_brand?post=114629"}],"curies":[{"name":"wp","href":"https:\/\/api.w.org\/{rel}","templated":true}]}}