{"id":114627,"date":"2025-05-18T21:05:08","date_gmt":"2025-05-18T21:05:08","guid":{"rendered":"https:\/\/staging2.stylingagenten.com\/da\/produkt\/dermalogica-ultracalming-mist-177ml\/"},"modified":"2026-04-08T15:30:15","modified_gmt":"2026-04-08T15:30:15","slug":"dermalogica-ultracalming-mist-177ml","status":"publish","type":"product","link":"https:\/\/stylingagenten.com\/da\/produkt\/dermalogica-ultracalming-mist-177ml\/","title":{"rendered":"Dermalogica UltraCalming Mist 177ml"},"content":{"rendered":"<p>Dermalogica UltraCalming Mist er en beroligende fugtspray, der \u00f8jeblikkeligt d\u00e6mper hudirritation og stramhedsfornemmelse. Kan bruges n\u00e5r som helst i l\u00f8bet af dagen \u2013 direkte efter rensning, f\u00f8r fugtighedscreme og endda over makeup. Til sensitiv eller sensitiviseret hud.<\/p>\n<p>N\u00f8gleingredienser:<\/p>\n<p>UltraCalming Complex (punarnava, havre, ingef\u00e6r, kamille): Reducerer r\u00f8dme, hudirritation og inflammation.<br \/>\n<br \/>Avenanthramider (Hydroxyphenylpropamidobenzoesyre): Syntetisk fremstillet havrekoncentrat med ekstra h\u00f8j evne til at berolige huden.<br \/>\n<br \/>Aloe Vera: Beroliger og binder fugt.<br \/>\n<br \/>177 ml<\/p>\n","protected":false},"excerpt":{"rendered":"<p>Dermalogica UltraCalming Mist er en beroligende fugtspray, der \u00f8jeblikkeligt d\u00e6mper hudirritation og stramhedsfornemmelse. Kan bruges n\u00e5r som helst i l\u00f8bet af dagen \u2013 direkte efter rensning, f\u00f8r fugtighedscreme og endda over makeup. Til sensitiv eller sensitiviseret hud. N\u00f8gleingredienser: UltraCalming Complex (punarnava, havre, ingef\u00e6r, kamille): Reducerer r\u00f8dme, hudirritation og inflammation. Avenanthramider (Hydroxyphenylpropamidobenzoesyre): Syntetisk fremstillet havrekoncentrat med [&hellip;]<\/p>\n","protected":false},"featured_media":114614,"comment_status":"open","ping_status":"closed","template":"","meta":{"_trash_the_other_posts":false},"product_brand":[],"product_cat":[571],"product_tag":[],"berocket_brand":[1420],"class_list":{"0":"post-114627","1":"product","2":"type-product","3":"status-publish","4":"has-post-thumbnail","6":"product_cat-ansigtstoner","7":"pa_brand-dermalogica","8":"berocket_brand-dermalogica","10":"first","11":"instock","12":"sale","13":"taxable","14":"shipping-taxable","15":"purchasable","16":"product-type-simple"},"_links":{"self":[{"href":"https:\/\/stylingagenten.com\/da\/wp-json\/wp\/v2\/product\/114627","targetHints":{"allow":["GET"]}}],"collection":[{"href":"https:\/\/stylingagenten.com\/da\/wp-json\/wp\/v2\/product"}],"about":[{"href":"https:\/\/stylingagenten.com\/da\/wp-json\/wp\/v2\/types\/product"}],"replies":[{"embeddable":true,"href":"https:\/\/stylingagenten.com\/da\/wp-json\/wp\/v2\/comments?post=114627"}],"version-history":[{"count":0,"href":"https:\/\/stylingagenten.com\/da\/wp-json\/wp\/v2\/product\/114627\/revisions"}],"wp:featuredmedia":[{"embeddable":true,"href":"https:\/\/stylingagenten.com\/da\/wp-json\/wp\/v2\/media\/114614"}],"wp:attachment":[{"href":"https:\/\/stylingagenten.com\/da\/wp-json\/wp\/v2\/media?parent=114627"}],"wp:term":[{"taxonomy":"product_brand","embeddable":true,"href":"https:\/\/stylingagenten.com\/da\/wp-json\/wp\/v2\/product_brand?post=114627"},{"taxonomy":"product_cat","embeddable":true,"href":"https:\/\/stylingagenten.com\/da\/wp-json\/wp\/v2\/product_cat?post=114627"},{"taxonomy":"product_tag","embeddable":true,"href":"https:\/\/stylingagenten.com\/da\/wp-json\/wp\/v2\/product_tag?post=114627"},{"taxonomy":"berocket_brand","embeddable":true,"href":"https:\/\/stylingagenten.com\/da\/wp-json\/wp\/v2\/berocket_brand?post=114627"}],"curies":[{"name":"wp","href":"https:\/\/api.w.org\/{rel}","templated":true}]}}