{"id":114620,"date":"2025-05-18T21:05:08","date_gmt":"2025-05-18T21:05:08","guid":{"rendered":"https:\/\/staging2.stylingagenten.com\/da\/produkt\/round-lab-mugwort-calming-toner-300ml\/"},"modified":"2026-04-15T07:29:37","modified_gmt":"2026-04-15T07:29:37","slug":"round-lab-mugwort-calming-toner-300ml","status":"publish","type":"product","link":"https:\/\/stylingagenten.com\/da\/produkt\/round-lab-mugwort-calming-toner-300ml\/","title":{"rendered":"Round Lab Mugwort Calming Toner 300ml"},"content":{"rendered":"<p>Round Lab Mugwort Calming Toner er formuleret med Mugwort Extract for at berolige og hele sensitiv hud ved at tilf\u00f8re rige n\u00e6ringsstoffer. Giv din hud et forfriskende boost med dette vandlignende ansigtsvand.<\/p>\n<p>Med Madecassoside, der beskytter mod h\u00e5rde ydre p\u00e5virkninger samtidig med at det tilf\u00f8rer fugt, er dette en fremragende toner til en beroligende hudoplevelse. Artemisia Extract styrker huden med sine potente antiinflammatoriske egenskaber og opbygger dens modstandsdygtighed og styrke.<\/p>\n<p>Aktive ingredienser inkluderer Artemisia Vulgaris-ekstrakt, der beroliger r\u00f8dme og bek\u00e6mper akne, samt Chondrus Crispus Extract, der er fyldt med hudforbedrende proteiner, vitaminer og antioxidanter. Betain hj\u00e6lper med at forebygge og mindske fine linjer, mens Saccharum Officinarum (sukkerr\u00f8r) ekstrakt minimerer pletter og holder huden fugtig. Madecassoside beroliger effektivt irriteret hud og fremmer hudfornyelse, mens Theobroma Cacao (kakao) fr\u00f8ekstrakt giver fugt og har anti-aging egenskaber.<\/p>\n<p>300 ml<br \/><\/p>\n","protected":false},"excerpt":{"rendered":"<p>Round Lab Mugwort Calming Toner er formuleret med Mugwort Extract for at berolige og hele sensitiv hud ved at tilf\u00f8re rige n\u00e6ringsstoffer. Giv din hud et forfriskende boost med dette vandlignende ansigtsvand. Med Madecassoside, der beskytter mod h\u00e5rde ydre p\u00e5virkninger samtidig med at det tilf\u00f8rer fugt, er dette en fremragende toner til en beroligende hudoplevelse. [&hellip;]<\/p>\n","protected":false},"featured_media":114611,"comment_status":"open","ping_status":"closed","template":"","meta":{"_trash_the_other_posts":false},"product_brand":[],"product_cat":[571,1001],"product_tag":[],"berocket_brand":[1415],"class_list":{"0":"post-114620","1":"product","2":"type-product","3":"status-publish","4":"has-post-thumbnail","6":"product_cat-ansigtstoner","7":"product_cat-k-beauty","8":"pa_brand-round-lab","9":"berocket_brand-round-lab","11":"first","12":"instock","13":"sale","14":"taxable","15":"shipping-taxable","16":"purchasable","17":"product-type-simple"},"_links":{"self":[{"href":"https:\/\/stylingagenten.com\/da\/wp-json\/wp\/v2\/product\/114620","targetHints":{"allow":["GET"]}}],"collection":[{"href":"https:\/\/stylingagenten.com\/da\/wp-json\/wp\/v2\/product"}],"about":[{"href":"https:\/\/stylingagenten.com\/da\/wp-json\/wp\/v2\/types\/product"}],"replies":[{"embeddable":true,"href":"https:\/\/stylingagenten.com\/da\/wp-json\/wp\/v2\/comments?post=114620"}],"version-history":[{"count":0,"href":"https:\/\/stylingagenten.com\/da\/wp-json\/wp\/v2\/product\/114620\/revisions"}],"wp:featuredmedia":[{"embeddable":true,"href":"https:\/\/stylingagenten.com\/da\/wp-json\/wp\/v2\/media\/114611"}],"wp:attachment":[{"href":"https:\/\/stylingagenten.com\/da\/wp-json\/wp\/v2\/media?parent=114620"}],"wp:term":[{"taxonomy":"product_brand","embeddable":true,"href":"https:\/\/stylingagenten.com\/da\/wp-json\/wp\/v2\/product_brand?post=114620"},{"taxonomy":"product_cat","embeddable":true,"href":"https:\/\/stylingagenten.com\/da\/wp-json\/wp\/v2\/product_cat?post=114620"},{"taxonomy":"product_tag","embeddable":true,"href":"https:\/\/stylingagenten.com\/da\/wp-json\/wp\/v2\/product_tag?post=114620"},{"taxonomy":"berocket_brand","embeddable":true,"href":"https:\/\/stylingagenten.com\/da\/wp-json\/wp\/v2\/berocket_brand?post=114620"}],"curies":[{"name":"wp","href":"https:\/\/api.w.org\/{rel}","templated":true}]}}