{"id":114612,"date":"2025-05-18T21:05:06","date_gmt":"2025-05-18T21:05:06","guid":{"rendered":"https:\/\/staging2.stylingagenten.com\/da\/produkt\/round-lab-dokdo-toner-100ml\/"},"modified":"2025-12-18T21:55:42","modified_gmt":"2025-12-18T21:55:42","slug":"round-lab-dokdo-toner-100ml","status":"publish","type":"product","link":"https:\/\/stylingagenten.com\/da\/produkt\/round-lab-dokdo-toner-100ml\/","title":{"rendered":"Round Lab Dokdo Toner 100ml"},"content":{"rendered":"<p>Round Lab Dokdo Toner &#8211; en revolutionerende toner med en vandlignende konsistens, der absorberes direkte ind i huden uden nogen klistret fornemmelse.<\/p>\n<p>Dybhavsvand arbejder for at opretholde hudens fugtbalance med sine rene og h\u00f8jt koncentrerede 72 naturligt afledte mineraler, herunder magnesium, calcium og zink, gennem vores patenterede mineralvandsteknologi med membranfiltre. Den banebrydende Hatching EX-07-teknologi kontrollerer overskud af talg og effektivt eksfolierer snavs samt t\u00f8rre og d\u00f8de hudceller for en klarere hud. Panthenol, Allantoin og Betaine giver beroligende pleje til tr\u00e6t og irriteret hud og efterlader din hud bl\u00f8d, glat og str\u00e5lende.<\/p>\n<p>100ml<\/p>\n","protected":false},"excerpt":{"rendered":"<p>Round Lab Dokdo Toner &#8211; en revolutionerende toner med en vandlignende konsistens, der absorberes direkte ind i huden uden nogen klistret fornemmelse. Dybhavsvand arbejder for at opretholde hudens fugtbalance med sine rene og h\u00f8jt koncentrerede 72 naturligt afledte mineraler, herunder magnesium, calcium og zink, gennem vores patenterede mineralvandsteknologi med membranfiltre. Den banebrydende Hatching EX-07-teknologi kontrollerer [&hellip;]<\/p>\n","protected":false},"featured_media":114594,"comment_status":"open","ping_status":"closed","template":"","meta":{"_trash_the_other_posts":false},"product_brand":[],"product_cat":[571,1001],"product_tag":[3948],"berocket_brand":[1415],"class_list":{"0":"post-114612","1":"product","2":"type-product","3":"status-publish","4":"has-post-thumbnail","6":"product_cat-ansigtstoner","7":"product_cat-k-beauty","8":"product_tag-round-lab-dokdo-toner","9":"pa_brand-round-lab","10":"pa_variant-100ml","11":"berocket_brand-round-lab","13":"first","14":"instock","15":"sale","16":"taxable","17":"shipping-taxable","18":"purchasable","19":"product-type-simple"},"_links":{"self":[{"href":"https:\/\/stylingagenten.com\/da\/wp-json\/wp\/v2\/product\/114612","targetHints":{"allow":["GET"]}}],"collection":[{"href":"https:\/\/stylingagenten.com\/da\/wp-json\/wp\/v2\/product"}],"about":[{"href":"https:\/\/stylingagenten.com\/da\/wp-json\/wp\/v2\/types\/product"}],"replies":[{"embeddable":true,"href":"https:\/\/stylingagenten.com\/da\/wp-json\/wp\/v2\/comments?post=114612"}],"version-history":[{"count":0,"href":"https:\/\/stylingagenten.com\/da\/wp-json\/wp\/v2\/product\/114612\/revisions"}],"wp:featuredmedia":[{"embeddable":true,"href":"https:\/\/stylingagenten.com\/da\/wp-json\/wp\/v2\/media\/114594"}],"wp:attachment":[{"href":"https:\/\/stylingagenten.com\/da\/wp-json\/wp\/v2\/media?parent=114612"}],"wp:term":[{"taxonomy":"product_brand","embeddable":true,"href":"https:\/\/stylingagenten.com\/da\/wp-json\/wp\/v2\/product_brand?post=114612"},{"taxonomy":"product_cat","embeddable":true,"href":"https:\/\/stylingagenten.com\/da\/wp-json\/wp\/v2\/product_cat?post=114612"},{"taxonomy":"product_tag","embeddable":true,"href":"https:\/\/stylingagenten.com\/da\/wp-json\/wp\/v2\/product_tag?post=114612"},{"taxonomy":"berocket_brand","embeddable":true,"href":"https:\/\/stylingagenten.com\/da\/wp-json\/wp\/v2\/berocket_brand?post=114612"}],"curies":[{"name":"wp","href":"https:\/\/api.w.org\/{rel}","templated":true}]}}