{"id":114593,"date":"2025-05-18T21:05:04","date_gmt":"2025-05-18T21:05:04","guid":{"rendered":"https:\/\/staging2.stylingagenten.com\/da\/produkt\/im-from-rice-toner-30ml\/"},"modified":"2026-03-31T11:39:03","modified_gmt":"2026-03-31T11:39:03","slug":"im-from-rice-toner-30ml","status":"publish","type":"product","link":"https:\/\/stylingagenten.com\/da\/produkt\/im-from-rice-toner-30ml\/","title":{"rendered":"I\u2019m From Rice Toner 30ml"},"content":{"rendered":"<p>Rice Toner fra I&#8217;m From er formuleret med 77,78% risekstrakt som er effektivt til \u00f8get elasticitet i huden. Det har en lysnende og str\u00e5lende effekt.<\/p>\n<p>Ris er en antioxidantrig ingrediens, der blandt andet indeholder E-vitamin, ferulinsyre og oryzanol. Produktet danner en beskyttende barriere over huden for at forhindre vandtab. Den fjerner d\u00f8de hudceller og bidrager til udstr\u00e5ling og ensartet hudtone, mens den beroliger irriteret og t\u00f8r hud.<\/p>\n<p>Risekstraktet kommer fra Yeoju i Gyeonggi-provinsen i Sydkorea.<\/p>\n<p>Toneren er fuldst\u00e6ndig vegansk og desuden fri for silikoner, alkohol, parfume og \u00e6teriske olier.<\/p>\n<p>Produktet passer til alle hudtyper.<\/p>\n<p>&#8211; Giver en fin, naturlig gl\u00f8d<\/p>\n<p>&#8211; Lysner og bl\u00f8dg\u00f8rer t\u00f8r hud<\/p>\n<p>&#8211; Fugtgivende<\/p>\n","protected":false},"excerpt":{"rendered":"<p>Rice Toner fra I&#8217;m From er formuleret med 77,78% risekstrakt som er effektivt til \u00f8get elasticitet i huden. Det har en lysnende og str\u00e5lende effekt. Ris er en antioxidantrig ingrediens, der blandt andet indeholder E-vitamin, ferulinsyre og oryzanol. Produktet danner en beskyttende barriere over huden for at forhindre vandtab. Den fjerner d\u00f8de hudceller og bidrager [&hellip;]<\/p>\n","protected":false},"featured_media":114590,"comment_status":"open","ping_status":"closed","template":"","meta":{"_trash_the_other_posts":false},"product_brand":[],"product_cat":[571],"product_tag":[],"berocket_brand":[1407],"class_list":{"0":"post-114593","1":"product","2":"type-product","3":"status-publish","4":"has-post-thumbnail","6":"product_cat-ansigtstoner","7":"pa_brand-im-from","8":"berocket_brand-im-from","10":"first","11":"instock","12":"sale","13":"taxable","14":"shipping-taxable","15":"purchasable","16":"product-type-simple"},"_links":{"self":[{"href":"https:\/\/stylingagenten.com\/da\/wp-json\/wp\/v2\/product\/114593","targetHints":{"allow":["GET"]}}],"collection":[{"href":"https:\/\/stylingagenten.com\/da\/wp-json\/wp\/v2\/product"}],"about":[{"href":"https:\/\/stylingagenten.com\/da\/wp-json\/wp\/v2\/types\/product"}],"replies":[{"embeddable":true,"href":"https:\/\/stylingagenten.com\/da\/wp-json\/wp\/v2\/comments?post=114593"}],"version-history":[{"count":0,"href":"https:\/\/stylingagenten.com\/da\/wp-json\/wp\/v2\/product\/114593\/revisions"}],"wp:featuredmedia":[{"embeddable":true,"href":"https:\/\/stylingagenten.com\/da\/wp-json\/wp\/v2\/media\/114590"}],"wp:attachment":[{"href":"https:\/\/stylingagenten.com\/da\/wp-json\/wp\/v2\/media?parent=114593"}],"wp:term":[{"taxonomy":"product_brand","embeddable":true,"href":"https:\/\/stylingagenten.com\/da\/wp-json\/wp\/v2\/product_brand?post=114593"},{"taxonomy":"product_cat","embeddable":true,"href":"https:\/\/stylingagenten.com\/da\/wp-json\/wp\/v2\/product_cat?post=114593"},{"taxonomy":"product_tag","embeddable":true,"href":"https:\/\/stylingagenten.com\/da\/wp-json\/wp\/v2\/product_tag?post=114593"},{"taxonomy":"berocket_brand","embeddable":true,"href":"https:\/\/stylingagenten.com\/da\/wp-json\/wp\/v2\/berocket_brand?post=114593"}],"curies":[{"name":"wp","href":"https:\/\/api.w.org\/{rel}","templated":true}]}}