{"id":114588,"date":"2025-05-18T21:05:03","date_gmt":"2025-05-18T21:05:03","guid":{"rendered":"https:\/\/staging2.stylingagenten.com\/da\/produkt\/cosrx-aha-bha-clarifying-treatment-face-toner-150ml\/"},"modified":"2026-03-21T16:17:34","modified_gmt":"2026-03-21T16:17:34","slug":"cosrx-aha-bha-clarifying-treatment-face-toner-150ml","status":"publish","type":"product","link":"https:\/\/stylingagenten.com\/da\/produkt\/cosrx-aha-bha-clarifying-treatment-face-toner-150ml\/","title":{"rendered":"COSRX AHA\/BHA Clarifying Treatment Face Toner 150ml"},"content":{"rendered":"<p>Rens og frisk huden op med AHA\/BHA Clarifying Treatment Toner fra COSRX, en innovativ og fugtgivende ansigtsvand, der forbedrer hudtonen og teksturen. Ved hj\u00e6lp af hvid pilebark og \u00e6blevand (en ingrediens, der indeholder naturlige alfahydroxysyrer) fjernes d\u00f8de hudceller og urenheder, samtidig med at forekomsten af bumser og hudorme reduceres. Intens fugtgivende allantoin kombineres med mineralvand fra Jeju-\u00f8en i Sydkorea, kendt for sit naturlige indhold af BHA (betahydroxysyre), hvilket hj\u00e6lper med at genoprette en fugtet og genoplivet hud.<\/p>\n<p>Hvad er AHA? Alfa-hydroxysyrer, i dette tilf\u00e6lde glykolsyre, som sk\u00e5nsomt eksfolierer hudens overflade og fjerner d\u00f8de hudceller. Et mildt produkt, der ikke udt\u00f8rrer huden.<\/p>\n<p>Hvad er BHA? Beta-hydroxysyrer, i dette tilf\u00e6lde betain-salicylat, som sk\u00e5nsomt eksfolierer hudens overflade, renser dybt og opl\u00f8ser tilstoppede porer. Minimerer bumser, hudorme og hvide prikker og har antiinflammatoriske og antibakterielle egenskaber.<\/p>\n<p>150ml<\/p>\n","protected":false},"excerpt":{"rendered":"<p>Rens og frisk huden op med AHA\/BHA Clarifying Treatment Toner fra COSRX, en innovativ og fugtgivende ansigtsvand, der forbedrer hudtonen og teksturen. Ved hj\u00e6lp af hvid pilebark og \u00e6blevand (en ingrediens, der indeholder naturlige alfahydroxysyrer) fjernes d\u00f8de hudceller og urenheder, samtidig med at forekomsten af bumser og hudorme reduceres. Intens fugtgivende allantoin kombineres med mineralvand [&hellip;]<\/p>\n","protected":false},"featured_media":114580,"comment_status":"open","ping_status":"closed","template":"","meta":{"_trash_the_other_posts":false},"product_brand":[],"product_cat":[571],"product_tag":[],"berocket_brand":[1396],"class_list":{"0":"post-114588","1":"product","2":"type-product","3":"status-publish","4":"has-post-thumbnail","6":"product_cat-ansigtstoner","7":"pa_brand-cosrx","8":"berocket_brand-cosrx","10":"first","11":"instock","12":"sale","13":"taxable","14":"shipping-taxable","15":"purchasable","16":"product-type-simple"},"_links":{"self":[{"href":"https:\/\/stylingagenten.com\/da\/wp-json\/wp\/v2\/product\/114588","targetHints":{"allow":["GET"]}}],"collection":[{"href":"https:\/\/stylingagenten.com\/da\/wp-json\/wp\/v2\/product"}],"about":[{"href":"https:\/\/stylingagenten.com\/da\/wp-json\/wp\/v2\/types\/product"}],"replies":[{"embeddable":true,"href":"https:\/\/stylingagenten.com\/da\/wp-json\/wp\/v2\/comments?post=114588"}],"version-history":[{"count":0,"href":"https:\/\/stylingagenten.com\/da\/wp-json\/wp\/v2\/product\/114588\/revisions"}],"wp:featuredmedia":[{"embeddable":true,"href":"https:\/\/stylingagenten.com\/da\/wp-json\/wp\/v2\/media\/114580"}],"wp:attachment":[{"href":"https:\/\/stylingagenten.com\/da\/wp-json\/wp\/v2\/media?parent=114588"}],"wp:term":[{"taxonomy":"product_brand","embeddable":true,"href":"https:\/\/stylingagenten.com\/da\/wp-json\/wp\/v2\/product_brand?post=114588"},{"taxonomy":"product_cat","embeddable":true,"href":"https:\/\/stylingagenten.com\/da\/wp-json\/wp\/v2\/product_cat?post=114588"},{"taxonomy":"product_tag","embeddable":true,"href":"https:\/\/stylingagenten.com\/da\/wp-json\/wp\/v2\/product_tag?post=114588"},{"taxonomy":"berocket_brand","embeddable":true,"href":"https:\/\/stylingagenten.com\/da\/wp-json\/wp\/v2\/berocket_brand?post=114588"}],"curies":[{"name":"wp","href":"https:\/\/api.w.org\/{rel}","templated":true}]}}