{"id":114568,"date":"2025-05-18T21:05:00","date_gmt":"2025-05-18T21:05:00","guid":{"rendered":"https:\/\/staging2.stylingagenten.com\/da\/produkt\/banila-co-dear-hydration-cool-down-mist-99ml\/"},"modified":"2026-03-16T12:10:33","modified_gmt":"2026-03-16T12:10:33","slug":"banila-co-dear-hydration-cool-down-mist-99ml","status":"publish","type":"product","link":"https:\/\/stylingagenten.com\/da\/produkt\/banila-co-dear-hydration-cool-down-mist-99ml\/","title":{"rendered":"Banila Co Dear Hydration Cool Down Mist 99ml"},"content":{"rendered":"<p>Banila Co Dear Hydration Cool Down Mist er en fugtgivende, multifunktionel ansigtsmist med en let k\u00f8lende effekt, der passer til alle hudtyper og giver en frisk gl\u00f8d. Den kan bruges f\u00f8r makeup for ekstra fugt og forberedelse af huden, lige efter makeup for at s\u00e6tte den, eller n\u00e5r som helst i l\u00f8bet af dagen, n\u00e5r du har brug for en opfriskning.<\/p>\n<p>99ml<\/p>\n","protected":false},"excerpt":{"rendered":"<p>Banila Co Dear Hydration Cool Down Mist er en fugtgivende, multifunktionel ansigtsmist med en let k\u00f8lende effekt, der passer til alle hudtyper og giver en frisk gl\u00f8d. Den kan bruges f\u00f8r makeup for ekstra fugt og forberedelse af huden, lige efter makeup for at s\u00e6tte den, eller n\u00e5r som helst i l\u00f8bet af dagen, n\u00e5r [&hellip;]<\/p>\n","protected":false},"featured_media":114542,"comment_status":"open","ping_status":"closed","template":"","meta":{"_trash_the_other_posts":false},"product_brand":[],"product_cat":[571],"product_tag":[],"berocket_brand":[1394],"class_list":{"0":"post-114568","1":"product","2":"type-product","3":"status-publish","4":"has-post-thumbnail","6":"product_cat-ansigtstoner","7":"pa_brand-banila-co","8":"berocket_brand-banila-co","10":"first","11":"instock","12":"sale","13":"taxable","14":"shipping-taxable","15":"purchasable","16":"product-type-simple"},"_links":{"self":[{"href":"https:\/\/stylingagenten.com\/da\/wp-json\/wp\/v2\/product\/114568","targetHints":{"allow":["GET"]}}],"collection":[{"href":"https:\/\/stylingagenten.com\/da\/wp-json\/wp\/v2\/product"}],"about":[{"href":"https:\/\/stylingagenten.com\/da\/wp-json\/wp\/v2\/types\/product"}],"replies":[{"embeddable":true,"href":"https:\/\/stylingagenten.com\/da\/wp-json\/wp\/v2\/comments?post=114568"}],"version-history":[{"count":0,"href":"https:\/\/stylingagenten.com\/da\/wp-json\/wp\/v2\/product\/114568\/revisions"}],"wp:featuredmedia":[{"embeddable":true,"href":"https:\/\/stylingagenten.com\/da\/wp-json\/wp\/v2\/media\/114542"}],"wp:attachment":[{"href":"https:\/\/stylingagenten.com\/da\/wp-json\/wp\/v2\/media?parent=114568"}],"wp:term":[{"taxonomy":"product_brand","embeddable":true,"href":"https:\/\/stylingagenten.com\/da\/wp-json\/wp\/v2\/product_brand?post=114568"},{"taxonomy":"product_cat","embeddable":true,"href":"https:\/\/stylingagenten.com\/da\/wp-json\/wp\/v2\/product_cat?post=114568"},{"taxonomy":"product_tag","embeddable":true,"href":"https:\/\/stylingagenten.com\/da\/wp-json\/wp\/v2\/product_tag?post=114568"},{"taxonomy":"berocket_brand","embeddable":true,"href":"https:\/\/stylingagenten.com\/da\/wp-json\/wp\/v2\/berocket_brand?post=114568"}],"curies":[{"name":"wp","href":"https:\/\/api.w.org\/{rel}","templated":true}]}}