{"id":114559,"date":"2025-05-18T21:04:59","date_gmt":"2025-05-18T21:04:59","guid":{"rendered":"https:\/\/staging2.stylingagenten.com\/da\/produkt\/dermalogica-age-smart-antioxidant-hydramist-150ml\/"},"modified":"2026-04-08T15:29:59","modified_gmt":"2026-04-08T15:29:59","slug":"dermalogica-age-smart-antioxidant-hydramist-150ml","status":"publish","type":"product","link":"https:\/\/stylingagenten.com\/da\/produkt\/dermalogica-age-smart-antioxidant-hydramist-150ml\/","title":{"rendered":"Dermalogica AGE Smart Antioxidant HydraMist 150ml"},"content":{"rendered":"<p>Dermalogica AGE Smart Antioxidant HydraMist er en beskyttende fugtspray, der har en \u00f8jeblikkelig udglattende effekt. Denne mist skaber ogs\u00e5 et antioxidant skjold, der styrker hudbarrieren mod angreb fra frie radikaler.<\/p>\n<p>N\u00f8gleingredienser:<\/p>\n<p>Vitamin C: \u00f8ger kollagenproduktionen og virker som en antioxidant.<br \/>\n<br \/>Peptider: strukturforbedrende proteinfragmenter, der stimulerer kollagensyntese og forbedrer fasthed og elasticitet.<br \/>\n<br \/>Planteekstrakter fra bambus og \u00e6rt: fugter og giver en &#8220;flash firming&#8221;-effekt.<br \/>\n<br \/>150ml<\/p>\n","protected":false},"excerpt":{"rendered":"<p>Dermalogica AGE Smart Antioxidant HydraMist er en beskyttende fugtspray, der har en \u00f8jeblikkelig udglattende effekt. Denne mist skaber ogs\u00e5 et antioxidant skjold, der styrker hudbarrieren mod angreb fra frie radikaler. N\u00f8gleingredienser: Vitamin C: \u00f8ger kollagenproduktionen og virker som en antioxidant. Peptider: strukturforbedrende proteinfragmenter, der stimulerer kollagensyntese og forbedrer fasthed og elasticitet. Planteekstrakter fra bambus og [&hellip;]<\/p>\n","protected":false},"featured_media":114543,"comment_status":"open","ping_status":"closed","template":"","meta":{"_trash_the_other_posts":false},"product_brand":[],"product_cat":[571],"product_tag":[],"berocket_brand":[1420],"class_list":{"0":"post-114559","1":"product","2":"type-product","3":"status-publish","4":"has-post-thumbnail","6":"product_cat-ansigtstoner","7":"pa_brand-dermalogica","8":"berocket_brand-dermalogica","10":"first","11":"instock","12":"sale","13":"taxable","14":"shipping-taxable","15":"purchasable","16":"product-type-simple"},"_links":{"self":[{"href":"https:\/\/stylingagenten.com\/da\/wp-json\/wp\/v2\/product\/114559","targetHints":{"allow":["GET"]}}],"collection":[{"href":"https:\/\/stylingagenten.com\/da\/wp-json\/wp\/v2\/product"}],"about":[{"href":"https:\/\/stylingagenten.com\/da\/wp-json\/wp\/v2\/types\/product"}],"replies":[{"embeddable":true,"href":"https:\/\/stylingagenten.com\/da\/wp-json\/wp\/v2\/comments?post=114559"}],"version-history":[{"count":0,"href":"https:\/\/stylingagenten.com\/da\/wp-json\/wp\/v2\/product\/114559\/revisions"}],"wp:featuredmedia":[{"embeddable":true,"href":"https:\/\/stylingagenten.com\/da\/wp-json\/wp\/v2\/media\/114543"}],"wp:attachment":[{"href":"https:\/\/stylingagenten.com\/da\/wp-json\/wp\/v2\/media?parent=114559"}],"wp:term":[{"taxonomy":"product_brand","embeddable":true,"href":"https:\/\/stylingagenten.com\/da\/wp-json\/wp\/v2\/product_brand?post=114559"},{"taxonomy":"product_cat","embeddable":true,"href":"https:\/\/stylingagenten.com\/da\/wp-json\/wp\/v2\/product_cat?post=114559"},{"taxonomy":"product_tag","embeddable":true,"href":"https:\/\/stylingagenten.com\/da\/wp-json\/wp\/v2\/product_tag?post=114559"},{"taxonomy":"berocket_brand","embeddable":true,"href":"https:\/\/stylingagenten.com\/da\/wp-json\/wp\/v2\/berocket_brand?post=114559"}],"curies":[{"name":"wp","href":"https:\/\/api.w.org\/{rel}","templated":true}]}}