{"id":114361,"date":"2025-05-18T21:04:30","date_gmt":"2025-05-18T21:04:30","guid":{"rendered":"https:\/\/staging2.stylingagenten.com\/da\/produkt\/filorga-age-purify-clean-150ml\/"},"modified":"2026-04-10T15:08:40","modified_gmt":"2026-04-10T15:08:40","slug":"filorga-age-purify-clean-150ml","status":"publish","type":"product","link":"https:\/\/stylingagenten.com\/da\/produkt\/filorga-age-purify-clean-150ml\/","title":{"rendered":"Filorga Age-Purify Clean 150ml"},"content":{"rendered":"<p>Udglatnende og rensende rensegel for en ny hudeffekt efter 7 dages brug!<br \/>Ansigtsrens med en unik formel fra FILORGA, der er udviklet af eksperter i \u00e6stetisk medicin og dermatologi. Beriget med udglattende og rensende aktive ingredienser for glattere og klarere hud. <br \/>En gel, der forvandles til et fint skum og passer til kombineret eller fedtet hud, der er ubalanceret.<\/p>\n<p>Udj\u00e6vnende effekt og udfylder rynker<br \/>Bl\u00f8dg\u00f8r huden<br \/>Opstrammende porer<br \/>Reducerer bumser og pletter<br \/>Dybrensning<\/p>\n<p>HYALURO-YOUTH CX en kombination af tre anti-rynke-ingredienser, der har en plumpende og udglattende effekt til korrektion af rynker og fine linjer. Udj\u00e6vnende effekt efter 7 dage.<br \/>DERMO-RESCUE CX [5 mikro-peeling syrer + zink + vegetabilsk ekstrakt] giver korrektion mod pletter og ubalanceret hud. Synlig effekt efter 7 dage.<br \/>Tre rensende polysaccharider giver en direkte dybderensning og fjerner partikler for\u00e5rsaget af ansigtsrensning.<\/p>\n<p>Sk\u00f8nhedstips!<br \/>Undg\u00e5 at r\u00f8re ved ansigtet f\u00f8r r, s\u00e5 huden ikke bliver ubalanceret. . Kombiner dagligt med AGE-PURIFY for en dobbelt korrektion af rynker og ufuldkommenheder.<\/p>\n","protected":false},"excerpt":{"rendered":"<p>Udglatnende og rensende rensegel for en ny hudeffekt efter 7 dages brug!Ansigtsrens med en unik formel fra FILORGA, der er udviklet af eksperter i \u00e6stetisk medicin og dermatologi. Beriget med udglattende og rensende aktive ingredienser for glattere og klarere hud. En gel, der forvandles til et fint skum og passer til kombineret eller fedtet hud, [&hellip;]<\/p>\n","protected":false},"featured_media":114347,"comment_status":"open","ping_status":"closed","template":"","meta":{"_trash_the_other_posts":false},"product_brand":[],"product_cat":[609],"product_tag":[2912],"berocket_brand":[1317],"class_list":{"0":"post-114361","1":"product","2":"type-product","3":"status-publish","4":"has-post-thumbnail","6":"product_cat-ansigtsudrensning","7":"product_tag-filorga-age-purify-clean","8":"pa_brand-filorga","9":"pa_variant-150ml","10":"berocket_brand-filorga","12":"first","13":"instock","14":"sale","15":"taxable","16":"shipping-taxable","17":"purchasable","18":"product-type-simple"},"_links":{"self":[{"href":"https:\/\/stylingagenten.com\/da\/wp-json\/wp\/v2\/product\/114361","targetHints":{"allow":["GET"]}}],"collection":[{"href":"https:\/\/stylingagenten.com\/da\/wp-json\/wp\/v2\/product"}],"about":[{"href":"https:\/\/stylingagenten.com\/da\/wp-json\/wp\/v2\/types\/product"}],"replies":[{"embeddable":true,"href":"https:\/\/stylingagenten.com\/da\/wp-json\/wp\/v2\/comments?post=114361"}],"version-history":[{"count":0,"href":"https:\/\/stylingagenten.com\/da\/wp-json\/wp\/v2\/product\/114361\/revisions"}],"wp:featuredmedia":[{"embeddable":true,"href":"https:\/\/stylingagenten.com\/da\/wp-json\/wp\/v2\/media\/114347"}],"wp:attachment":[{"href":"https:\/\/stylingagenten.com\/da\/wp-json\/wp\/v2\/media?parent=114361"}],"wp:term":[{"taxonomy":"product_brand","embeddable":true,"href":"https:\/\/stylingagenten.com\/da\/wp-json\/wp\/v2\/product_brand?post=114361"},{"taxonomy":"product_cat","embeddable":true,"href":"https:\/\/stylingagenten.com\/da\/wp-json\/wp\/v2\/product_cat?post=114361"},{"taxonomy":"product_tag","embeddable":true,"href":"https:\/\/stylingagenten.com\/da\/wp-json\/wp\/v2\/product_tag?post=114361"},{"taxonomy":"berocket_brand","embeddable":true,"href":"https:\/\/stylingagenten.com\/da\/wp-json\/wp\/v2\/berocket_brand?post=114361"}],"curies":[{"name":"wp","href":"https:\/\/api.w.org\/{rel}","templated":true}]}}