{"id":114259,"date":"2025-05-18T21:04:13","date_gmt":"2025-05-18T21:04:13","guid":{"rendered":"https:\/\/staging2.stylingagenten.com\/da\/produkt\/banila-co-clean-it-zero-original-cleansing-balm-100ml\/"},"modified":"2026-03-13T06:26:31","modified_gmt":"2026-03-13T06:26:31","slug":"banila-co-clean-it-zero-original-cleansing-balm-100ml","status":"publish","type":"product","link":"https:\/\/stylingagenten.com\/da\/produkt\/banila-co-clean-it-zero-original-cleansing-balm-100ml\/","title":{"rendered":"Banila Co Clean it Zero Original Cleansing Balm 100ml"},"content":{"rendered":"<p>Banila Co Clean it Zero Original Cleansing Balm 100ml<br \/>Clean It Zero Cleansing Balm i originalt design. En rensebalsam, der effektivt smelter snavs og makeuprester v\u00e6k uden at udt\u00f8rre huden og kan bruges som f\u00f8rste skridt i dobbelt rensning. P\u00e5f\u00f8res i fast form og bliver til olie, n\u00e5r den masseres ind i huden. Indeholder esterolie og E-vitamin, som plejer og muligg\u00f8r brug for alle hudtyper.<\/p>\n","protected":false},"excerpt":{"rendered":"<p>Banila Co Clean it Zero Original Cleansing Balm 100mlClean It Zero Cleansing Balm i originalt design. En rensebalsam, der effektivt smelter snavs og makeuprester v\u00e6k uden at udt\u00f8rre huden og kan bruges som f\u00f8rste skridt i dobbelt rensning. P\u00e5f\u00f8res i fast form og bliver til olie, n\u00e5r den masseres ind i huden. Indeholder esterolie og [&hellip;]<\/p>\n","protected":false},"featured_media":114248,"comment_status":"open","ping_status":"closed","template":"","meta":{"_trash_the_other_posts":false},"product_brand":[],"product_cat":[609,1003,1001],"product_tag":[2464],"berocket_brand":[1394],"class_list":{"0":"post-114259","1":"product","2":"type-product","3":"status-publish","4":"has-post-thumbnail","6":"product_cat-ansigtsudrensning","7":"product_cat-bestsellere","8":"product_cat-k-beauty","9":"product_tag-banila-co-clean-it-zero-original-cleansing-balm","10":"pa_brand-banila-co","11":"pa_variant-100ml","12":"berocket_brand-banila-co","14":"first","15":"instock","16":"sale","17":"taxable","18":"shipping-taxable","19":"purchasable","20":"product-type-simple"},"_links":{"self":[{"href":"https:\/\/stylingagenten.com\/da\/wp-json\/wp\/v2\/product\/114259","targetHints":{"allow":["GET"]}}],"collection":[{"href":"https:\/\/stylingagenten.com\/da\/wp-json\/wp\/v2\/product"}],"about":[{"href":"https:\/\/stylingagenten.com\/da\/wp-json\/wp\/v2\/types\/product"}],"replies":[{"embeddable":true,"href":"https:\/\/stylingagenten.com\/da\/wp-json\/wp\/v2\/comments?post=114259"}],"version-history":[{"count":0,"href":"https:\/\/stylingagenten.com\/da\/wp-json\/wp\/v2\/product\/114259\/revisions"}],"wp:featuredmedia":[{"embeddable":true,"href":"https:\/\/stylingagenten.com\/da\/wp-json\/wp\/v2\/media\/114248"}],"wp:attachment":[{"href":"https:\/\/stylingagenten.com\/da\/wp-json\/wp\/v2\/media?parent=114259"}],"wp:term":[{"taxonomy":"product_brand","embeddable":true,"href":"https:\/\/stylingagenten.com\/da\/wp-json\/wp\/v2\/product_brand?post=114259"},{"taxonomy":"product_cat","embeddable":true,"href":"https:\/\/stylingagenten.com\/da\/wp-json\/wp\/v2\/product_cat?post=114259"},{"taxonomy":"product_tag","embeddable":true,"href":"https:\/\/stylingagenten.com\/da\/wp-json\/wp\/v2\/product_tag?post=114259"},{"taxonomy":"berocket_brand","embeddable":true,"href":"https:\/\/stylingagenten.com\/da\/wp-json\/wp\/v2\/berocket_brand?post=114259"}],"curies":[{"name":"wp","href":"https:\/\/api.w.org\/{rel}","templated":true}]}}