{"id":114221,"date":"2025-05-18T21:04:07","date_gmt":"2025-05-18T21:04:07","guid":{"rendered":"https:\/\/staging2.stylingagenten.com\/da\/produkt\/klairs-gentle-black-deep-cleansing-oil-150ml\/"},"modified":"2026-04-03T05:27:37","modified_gmt":"2026-04-03T05:27:37","slug":"klairs-gentle-black-deep-cleansing-oil-150ml","status":"publish","type":"product","link":"https:\/\/stylingagenten.com\/da\/produkt\/klairs-gentle-black-deep-cleansing-oil-150ml\/","title":{"rendered":"Klairs Gentle Black Deep Cleansing Oil 150ml"},"content":{"rendered":"<p>Klairs Gentle Black Deep Cleansing Oil 150 ml<br \/>Denne olievask er sk\u00e5nsom, men effektiv, perfekt til f\u00f8lsom hud. Den har en hypoallergen formulering med vegetabilske olier, der sk\u00e5nsomt renser, fugter og beskytter. Det anbefales at bruge en oliebaseret rens som det f\u00f8rste trin i din rensning for at opl\u00f8se oliebaserede urenheder. For de bedste resultater skal du f\u00f8lge op med et vandbaseret rensemiddel.<br \/>&#8211; Sorte b\u00f8nner og olie balancerer talgproduktionen.<br \/>&#8211; Sort sesamolie indeholder antioxidanter, der styrker hudbarrieren<br \/>&#8211; Solb\u00e6r- og fr\u00f8olie giver rige mineraler og vitaminer<\/p>\n","protected":false},"excerpt":{"rendered":"<p>Klairs Gentle Black Deep Cleansing Oil 150 mlDenne olievask er sk\u00e5nsom, men effektiv, perfekt til f\u00f8lsom hud. Den har en hypoallergen formulering med vegetabilske olier, der sk\u00e5nsomt renser, fugter og beskytter. Det anbefales at bruge en oliebaseret rens som det f\u00f8rste trin i din rensning for at opl\u00f8se oliebaserede urenheder. For de bedste resultater skal [&hellip;]<\/p>\n","protected":false},"featured_media":114206,"comment_status":"open","ping_status":"closed","template":"","meta":{"_trash_the_other_posts":false},"product_brand":[],"product_cat":[609,1001],"product_tag":[],"berocket_brand":[1397],"class_list":{"0":"post-114221","1":"product","2":"type-product","3":"status-publish","4":"has-post-thumbnail","6":"product_cat-ansigtsudrensning","7":"product_cat-k-beauty","8":"pa_brand-klairs","9":"berocket_brand-klairs","11":"first","12":"instock","13":"sale","14":"taxable","15":"shipping-taxable","16":"purchasable","17":"product-type-simple"},"_links":{"self":[{"href":"https:\/\/stylingagenten.com\/da\/wp-json\/wp\/v2\/product\/114221","targetHints":{"allow":["GET"]}}],"collection":[{"href":"https:\/\/stylingagenten.com\/da\/wp-json\/wp\/v2\/product"}],"about":[{"href":"https:\/\/stylingagenten.com\/da\/wp-json\/wp\/v2\/types\/product"}],"replies":[{"embeddable":true,"href":"https:\/\/stylingagenten.com\/da\/wp-json\/wp\/v2\/comments?post=114221"}],"version-history":[{"count":0,"href":"https:\/\/stylingagenten.com\/da\/wp-json\/wp\/v2\/product\/114221\/revisions"}],"wp:featuredmedia":[{"embeddable":true,"href":"https:\/\/stylingagenten.com\/da\/wp-json\/wp\/v2\/media\/114206"}],"wp:attachment":[{"href":"https:\/\/stylingagenten.com\/da\/wp-json\/wp\/v2\/media?parent=114221"}],"wp:term":[{"taxonomy":"product_brand","embeddable":true,"href":"https:\/\/stylingagenten.com\/da\/wp-json\/wp\/v2\/product_brand?post=114221"},{"taxonomy":"product_cat","embeddable":true,"href":"https:\/\/stylingagenten.com\/da\/wp-json\/wp\/v2\/product_cat?post=114221"},{"taxonomy":"product_tag","embeddable":true,"href":"https:\/\/stylingagenten.com\/da\/wp-json\/wp\/v2\/product_tag?post=114221"},{"taxonomy":"berocket_brand","embeddable":true,"href":"https:\/\/stylingagenten.com\/da\/wp-json\/wp\/v2\/berocket_brand?post=114221"}],"curies":[{"name":"wp","href":"https:\/\/api.w.org\/{rel}","templated":true}]}}