{"id":114149,"date":"2025-05-18T21:03:56","date_gmt":"2025-05-18T21:03:56","guid":{"rendered":"https:\/\/staging2.stylingagenten.com\/da\/produkt\/neutrogena-hydro-boost-triple-micellar-water-400ml\/"},"modified":"2026-03-10T15:49:33","modified_gmt":"2026-03-10T15:49:33","slug":"neutrogena-hydro-boost-triple-micellar-water-400ml","status":"publish","type":"product","link":"https:\/\/stylingagenten.com\/da\/produkt\/neutrogena-hydro-boost-triple-micellar-water-400ml\/","title":{"rendered":"Neutrogena Hydro Boost Triple Micellar Water 400ml"},"content":{"rendered":"<p>Neutrogena Hydro Boost Triple Micellar Water 400ml<br \/>Neutrogena Hydro Boost 3-i-1 Micellar Water tilstopper ikke porerne og er ideel til f\u00f8lsom hud og f\u00f8lsomme \u00f8jne:<br \/>1.fjerner effektivt snavs og talg<br \/>2. Ubesv\u00e6ret fjerner make-up, selv vandfast mascara &#8211; uden at tr\u00e6kke i huden<br \/>3.tilf\u00f8rer huden behagelig og n\u00f8dvendig fugt<\/p>\n","protected":false},"excerpt":{"rendered":"<p>Neutrogena Hydro Boost Triple Micellar Water 400mlNeutrogena Hydro Boost 3-i-1 Micellar Water tilstopper ikke porerne og er ideel til f\u00f8lsom hud og f\u00f8lsomme \u00f8jne:1.fjerner effektivt snavs og talg2. Ubesv\u00e6ret fjerner make-up, selv vandfast mascara &#8211; uden at tr\u00e6kke i huden3.tilf\u00f8rer huden behagelig og n\u00f8dvendig fugt<\/p>\n","protected":false},"featured_media":114147,"comment_status":"open","ping_status":"closed","template":"","meta":{"_trash_the_other_posts":false},"product_brand":[],"product_cat":[609],"product_tag":[],"berocket_brand":[1262],"class_list":{"0":"post-114149","1":"product","2":"type-product","3":"status-publish","4":"has-post-thumbnail","6":"product_cat-ansigtsudrensning","7":"pa_brand-neutrogena","8":"berocket_brand-neutrogena","10":"first","11":"instock","12":"sale","13":"taxable","14":"shipping-taxable","15":"purchasable","16":"product-type-simple"},"_links":{"self":[{"href":"https:\/\/stylingagenten.com\/da\/wp-json\/wp\/v2\/product\/114149","targetHints":{"allow":["GET"]}}],"collection":[{"href":"https:\/\/stylingagenten.com\/da\/wp-json\/wp\/v2\/product"}],"about":[{"href":"https:\/\/stylingagenten.com\/da\/wp-json\/wp\/v2\/types\/product"}],"replies":[{"embeddable":true,"href":"https:\/\/stylingagenten.com\/da\/wp-json\/wp\/v2\/comments?post=114149"}],"version-history":[{"count":0,"href":"https:\/\/stylingagenten.com\/da\/wp-json\/wp\/v2\/product\/114149\/revisions"}],"wp:featuredmedia":[{"embeddable":true,"href":"https:\/\/stylingagenten.com\/da\/wp-json\/wp\/v2\/media\/114147"}],"wp:attachment":[{"href":"https:\/\/stylingagenten.com\/da\/wp-json\/wp\/v2\/media?parent=114149"}],"wp:term":[{"taxonomy":"product_brand","embeddable":true,"href":"https:\/\/stylingagenten.com\/da\/wp-json\/wp\/v2\/product_brand?post=114149"},{"taxonomy":"product_cat","embeddable":true,"href":"https:\/\/stylingagenten.com\/da\/wp-json\/wp\/v2\/product_cat?post=114149"},{"taxonomy":"product_tag","embeddable":true,"href":"https:\/\/stylingagenten.com\/da\/wp-json\/wp\/v2\/product_tag?post=114149"},{"taxonomy":"berocket_brand","embeddable":true,"href":"https:\/\/stylingagenten.com\/da\/wp-json\/wp\/v2\/berocket_brand?post=114149"}],"curies":[{"name":"wp","href":"https:\/\/api.w.org\/{rel}","templated":true}]}}