{"id":114130,"date":"2025-05-18T21:03:54","date_gmt":"2025-05-18T21:03:54","guid":{"rendered":"https:\/\/staging2.stylingagenten.com\/da\/produkt\/nuxe-reve-de-miel-face-body-ultra-rich-cleansing-gel-400ml\/"},"modified":"2026-03-22T05:07:39","modified_gmt":"2026-03-22T05:07:39","slug":"nuxe-reve-de-miel-face-body-ultra-rich-cleansing-gel-400ml","status":"publish","type":"product","link":"https:\/\/stylingagenten.com\/da\/produkt\/nuxe-reve-de-miel-face-body-ultra-rich-cleansing-gel-400ml\/","title":{"rendered":"Nuxe Reve de Miel Face &amp; Body Ultra-Rich Cleansing Gel 400ml"},"content":{"rendered":"<p>Nuxe Reve de Miel Face &amp; Body Ultra-Rich Cleansing Gel er en klar gel, der renser hele kroppen uden at udt\u00f8rre huden. Velegnet til dig med t\u00f8r og f\u00f8lsom hud.<\/p>\n<p data-empty=\"true\"><\/p>\n<p>Gelen indeholder 90 % ingredienser af naturlig oprindelse. Produktet er fri for parabener, mineralske olier, syntetiske farver og animalske ingredienser.<\/p>\n","protected":false},"excerpt":{"rendered":"<p>Nuxe Reve de Miel Face &amp; Body Ultra-Rich Cleansing Gel er en klar gel, der renser hele kroppen uden at udt\u00f8rre huden. Velegnet til dig med t\u00f8r og f\u00f8lsom hud. Gelen indeholder 90 % ingredienser af naturlig oprindelse. Produktet er fri for parabener, mineralske olier, syntetiske farver og animalske ingredienser.<\/p>\n","protected":false},"featured_media":114128,"comment_status":"open","ping_status":"closed","template":"","meta":{"_trash_the_other_posts":false},"product_brand":[],"product_cat":[609],"product_tag":[],"berocket_brand":[1024],"class_list":{"0":"post-114130","1":"product","2":"type-product","3":"status-publish","4":"has-post-thumbnail","6":"product_cat-ansigtsudrensning","7":"pa_brand-nuxe","8":"berocket_brand-nuxe","10":"first","11":"instock","12":"sale","13":"taxable","14":"shipping-taxable","15":"purchasable","16":"product-type-simple"},"_links":{"self":[{"href":"https:\/\/stylingagenten.com\/da\/wp-json\/wp\/v2\/product\/114130","targetHints":{"allow":["GET"]}}],"collection":[{"href":"https:\/\/stylingagenten.com\/da\/wp-json\/wp\/v2\/product"}],"about":[{"href":"https:\/\/stylingagenten.com\/da\/wp-json\/wp\/v2\/types\/product"}],"replies":[{"embeddable":true,"href":"https:\/\/stylingagenten.com\/da\/wp-json\/wp\/v2\/comments?post=114130"}],"version-history":[{"count":0,"href":"https:\/\/stylingagenten.com\/da\/wp-json\/wp\/v2\/product\/114130\/revisions"}],"wp:featuredmedia":[{"embeddable":true,"href":"https:\/\/stylingagenten.com\/da\/wp-json\/wp\/v2\/media\/114128"}],"wp:attachment":[{"href":"https:\/\/stylingagenten.com\/da\/wp-json\/wp\/v2\/media?parent=114130"}],"wp:term":[{"taxonomy":"product_brand","embeddable":true,"href":"https:\/\/stylingagenten.com\/da\/wp-json\/wp\/v2\/product_brand?post=114130"},{"taxonomy":"product_cat","embeddable":true,"href":"https:\/\/stylingagenten.com\/da\/wp-json\/wp\/v2\/product_cat?post=114130"},{"taxonomy":"product_tag","embeddable":true,"href":"https:\/\/stylingagenten.com\/da\/wp-json\/wp\/v2\/product_tag?post=114130"},{"taxonomy":"berocket_brand","embeddable":true,"href":"https:\/\/stylingagenten.com\/da\/wp-json\/wp\/v2\/berocket_brand?post=114130"}],"curies":[{"name":"wp","href":"https:\/\/api.w.org\/{rel}","templated":true}]}}