{"id":114126,"date":"2025-05-18T21:03:53","date_gmt":"2025-05-18T21:03:53","guid":{"rendered":"https:\/\/staging2.stylingagenten.com\/da\/produkt\/dermalogica-active-clay-cleanser-150ml\/"},"modified":"2026-04-08T15:29:41","modified_gmt":"2026-04-08T15:29:41","slug":"dermalogica-active-clay-cleanser-150ml","status":"publish","type":"product","link":"https:\/\/stylingagenten.com\/da\/produkt\/dermalogica-active-clay-cleanser-150ml\/","title":{"rendered":"Dermalogica Active Clay Cleanser 150ml"},"content":{"rendered":"<p>Dermalogica Active Clay Cleanser er en dybderensende, mineralrig ansigtsrens med poreopstrammende kaolinler og aktivt kul. Rensen indeholder ogs\u00e5 balancerende pr\u00e6biotika, som n\u00e6rer de gode hudbakterier i den beskyttende mikroflora.<\/p>\n<p>Derudover opl\u00f8ser et lipidkompleks overskydende fedt p\u00e5 hudens overflade, hvilket efterlader huden str\u00e5lende ren\u2014men ogs\u00e5 bl\u00f8d og glat. Kan bruges som en 5-minutters maske!<\/p>\n<p>150 ml<\/p>\n","protected":false},"excerpt":{"rendered":"<p>Dermalogica Active Clay Cleanser er en dybderensende, mineralrig ansigtsrens med poreopstrammende kaolinler og aktivt kul. Rensen indeholder ogs\u00e5 balancerende pr\u00e6biotika, som n\u00e6rer de gode hudbakterier i den beskyttende mikroflora. Derudover opl\u00f8ser et lipidkompleks overskydende fedt p\u00e5 hudens overflade, hvilket efterlader huden str\u00e5lende ren\u2014men ogs\u00e5 bl\u00f8d og glat. Kan bruges som en 5-minutters maske! 150 ml<\/p>\n","protected":false},"featured_media":114103,"comment_status":"open","ping_status":"closed","template":"","meta":{"_trash_the_other_posts":false},"product_brand":[],"product_cat":[609],"product_tag":[],"berocket_brand":[1420],"class_list":{"0":"post-114126","1":"product","2":"type-product","3":"status-publish","4":"has-post-thumbnail","6":"product_cat-ansigtsudrensning","7":"pa_brand-dermalogica","8":"berocket_brand-dermalogica","10":"first","11":"outofstock","12":"sale","13":"taxable","14":"shipping-taxable","15":"purchasable","16":"product-type-simple"},"_links":{"self":[{"href":"https:\/\/stylingagenten.com\/da\/wp-json\/wp\/v2\/product\/114126","targetHints":{"allow":["GET"]}}],"collection":[{"href":"https:\/\/stylingagenten.com\/da\/wp-json\/wp\/v2\/product"}],"about":[{"href":"https:\/\/stylingagenten.com\/da\/wp-json\/wp\/v2\/types\/product"}],"replies":[{"embeddable":true,"href":"https:\/\/stylingagenten.com\/da\/wp-json\/wp\/v2\/comments?post=114126"}],"version-history":[{"count":0,"href":"https:\/\/stylingagenten.com\/da\/wp-json\/wp\/v2\/product\/114126\/revisions"}],"wp:featuredmedia":[{"embeddable":true,"href":"https:\/\/stylingagenten.com\/da\/wp-json\/wp\/v2\/media\/114103"}],"wp:attachment":[{"href":"https:\/\/stylingagenten.com\/da\/wp-json\/wp\/v2\/media?parent=114126"}],"wp:term":[{"taxonomy":"product_brand","embeddable":true,"href":"https:\/\/stylingagenten.com\/da\/wp-json\/wp\/v2\/product_brand?post=114126"},{"taxonomy":"product_cat","embeddable":true,"href":"https:\/\/stylingagenten.com\/da\/wp-json\/wp\/v2\/product_cat?post=114126"},{"taxonomy":"product_tag","embeddable":true,"href":"https:\/\/stylingagenten.com\/da\/wp-json\/wp\/v2\/product_tag?post=114126"},{"taxonomy":"berocket_brand","embeddable":true,"href":"https:\/\/stylingagenten.com\/da\/wp-json\/wp\/v2\/berocket_brand?post=114126"}],"curies":[{"name":"wp","href":"https:\/\/api.w.org\/{rel}","templated":true}]}}