{"id":114115,"date":"2025-05-18T21:03:52","date_gmt":"2025-05-18T21:03:52","guid":{"rendered":"https:\/\/staging2.stylingagenten.com\/da\/produkt\/dermalogica-special-cleansing-gel-250ml\/"},"modified":"2026-04-08T15:30:04","modified_gmt":"2026-04-08T15:30:04","slug":"dermalogica-special-cleansing-gel-250ml","status":"publish","type":"product","link":"https:\/\/stylingagenten.com\/da\/produkt\/dermalogica-special-cleansing-gel-250ml\/","title":{"rendered":"Dermalogica Special Cleansing Gel 250ml"},"content":{"rendered":"<p>Dermalogica Special Cleansing Gel er en skummende rensende gel, der hurtigt fjerner makeup og snavs uden at udt\u00f8rre huden. En smule r\u00e6kker langt!<\/p>\n<p>N\u00f8gleingredienser:<\/p>\n<p>S\u00e6betr\u00e6-ekstrakt: naturligt skummende komponent, der sk\u00e5nsomt fjerner snavs, makeup og urenheder.<br \/>\n<br \/>Citronmelisse: renser og beroliger.<br \/>\n<br \/>Lavendel: virker beroligende og rensende.<br \/>\n<br \/>250ml<\/p>\n","protected":false},"excerpt":{"rendered":"<p>Dermalogica Special Cleansing Gel er en skummende rensende gel, der hurtigt fjerner makeup og snavs uden at udt\u00f8rre huden. En smule r\u00e6kker langt! N\u00f8gleingredienser: S\u00e6betr\u00e6-ekstrakt: naturligt skummende komponent, der sk\u00e5nsomt fjerner snavs, makeup og urenheder. Citronmelisse: renser og beroliger. Lavendel: virker beroligende og rensende. 250ml<\/p>\n","protected":false},"featured_media":114095,"comment_status":"open","ping_status":"closed","template":"","meta":{"_trash_the_other_posts":false},"product_brand":[],"product_cat":[609],"product_tag":[2799],"berocket_brand":[1420],"class_list":{"0":"post-114115","1":"product","2":"type-product","3":"status-publish","4":"has-post-thumbnail","6":"product_cat-ansigtsudrensning","7":"product_tag-dermalogica-special-cleansing-gel","8":"pa_brand-dermalogica","9":"pa_variant-250ml","10":"berocket_brand-dermalogica","12":"first","13":"outofstock","14":"sale","15":"taxable","16":"shipping-taxable","17":"purchasable","18":"product-type-simple"},"_links":{"self":[{"href":"https:\/\/stylingagenten.com\/da\/wp-json\/wp\/v2\/product\/114115","targetHints":{"allow":["GET"]}}],"collection":[{"href":"https:\/\/stylingagenten.com\/da\/wp-json\/wp\/v2\/product"}],"about":[{"href":"https:\/\/stylingagenten.com\/da\/wp-json\/wp\/v2\/types\/product"}],"replies":[{"embeddable":true,"href":"https:\/\/stylingagenten.com\/da\/wp-json\/wp\/v2\/comments?post=114115"}],"version-history":[{"count":0,"href":"https:\/\/stylingagenten.com\/da\/wp-json\/wp\/v2\/product\/114115\/revisions"}],"wp:featuredmedia":[{"embeddable":true,"href":"https:\/\/stylingagenten.com\/da\/wp-json\/wp\/v2\/media\/114095"}],"wp:attachment":[{"href":"https:\/\/stylingagenten.com\/da\/wp-json\/wp\/v2\/media?parent=114115"}],"wp:term":[{"taxonomy":"product_brand","embeddable":true,"href":"https:\/\/stylingagenten.com\/da\/wp-json\/wp\/v2\/product_brand?post=114115"},{"taxonomy":"product_cat","embeddable":true,"href":"https:\/\/stylingagenten.com\/da\/wp-json\/wp\/v2\/product_cat?post=114115"},{"taxonomy":"product_tag","embeddable":true,"href":"https:\/\/stylingagenten.com\/da\/wp-json\/wp\/v2\/product_tag?post=114115"},{"taxonomy":"berocket_brand","embeddable":true,"href":"https:\/\/stylingagenten.com\/da\/wp-json\/wp\/v2\/berocket_brand?post=114115"}],"curies":[{"name":"wp","href":"https:\/\/api.w.org\/{rel}","templated":true}]}}