{"id":114090,"date":"2025-05-18T21:03:49","date_gmt":"2025-05-18T21:03:49","guid":{"rendered":"https:\/\/staging2.stylingagenten.com\/da\/produkt\/dermalogica-daily-glycolic-cleanser-295ml\/"},"modified":"2026-04-08T15:30:14","modified_gmt":"2026-04-08T15:30:14","slug":"dermalogica-daily-glycolic-cleanser-295ml","status":"publish","type":"product","link":"https:\/\/stylingagenten.com\/da\/produkt\/dermalogica-daily-glycolic-cleanser-295ml\/","title":{"rendered":"Dermalogica Daily Glycolic Cleanser 295ml"},"content":{"rendered":"<p>Dermalogica Daily Glycolic Cleanser er en 2-i-1: rens og eksfoliering i \u00e9t trin!<\/p>\n<p>Daily Glycolic Cleanser er en let skummende rensegel med naturlige planteekstrakter, der eksfolierer, renser og samtidig fugter din hud. Den milde og effektive formel opl\u00f8ser sk\u00e5nsomt indkapslede urenheder, samtidig med at hudens fugtbarriere bevares.<\/p>\n<p>Glykolsyre (AHA fra sukkerr\u00f8r): eksfolierer huden for at fjerne d\u00f8de hudceller.<br \/>\n<br \/>Ekstrakt fra morgenfrue: beroliger huden og er rig p\u00e5 beskyttende antioxidanter.<br \/>\n<br \/>Jojobafr\u00f8olie: genopretter, bl\u00f8dg\u00f8r og bevarer hudens fugtbarriere.<br \/>\n<br \/>Allantoin (kulsukker): behandler, beskytter og plejer.<br \/>\n<br \/>295 ml<\/p>\n","protected":false},"excerpt":{"rendered":"<p>Dermalogica Daily Glycolic Cleanser er en 2-i-1: rens og eksfoliering i \u00e9t trin! Daily Glycolic Cleanser er en let skummende rensegel med naturlige planteekstrakter, der eksfolierer, renser og samtidig fugter din hud. Den milde og effektive formel opl\u00f8ser sk\u00e5nsomt indkapslede urenheder, samtidig med at hudens fugtbarriere bevares. Glykolsyre (AHA fra sukkerr\u00f8r): eksfolierer huden for at [&hellip;]<\/p>\n","protected":false},"featured_media":114082,"comment_status":"open","ping_status":"closed","template":"","meta":{"_trash_the_other_posts":false},"product_brand":[],"product_cat":[609],"product_tag":[2793],"berocket_brand":[1420],"class_list":{"0":"post-114090","1":"product","2":"type-product","3":"status-publish","4":"has-post-thumbnail","6":"product_cat-ansigtsudrensning","7":"product_tag-dermalogica-daily-glycolic-cleanser","8":"pa_brand-dermalogica","9":"pa_variant-295ml","10":"berocket_brand-dermalogica","12":"first","13":"outofstock","14":"sale","15":"taxable","16":"shipping-taxable","17":"purchasable","18":"product-type-simple"},"_links":{"self":[{"href":"https:\/\/stylingagenten.com\/da\/wp-json\/wp\/v2\/product\/114090","targetHints":{"allow":["GET"]}}],"collection":[{"href":"https:\/\/stylingagenten.com\/da\/wp-json\/wp\/v2\/product"}],"about":[{"href":"https:\/\/stylingagenten.com\/da\/wp-json\/wp\/v2\/types\/product"}],"replies":[{"embeddable":true,"href":"https:\/\/stylingagenten.com\/da\/wp-json\/wp\/v2\/comments?post=114090"}],"version-history":[{"count":0,"href":"https:\/\/stylingagenten.com\/da\/wp-json\/wp\/v2\/product\/114090\/revisions"}],"wp:featuredmedia":[{"embeddable":true,"href":"https:\/\/stylingagenten.com\/da\/wp-json\/wp\/v2\/media\/114082"}],"wp:attachment":[{"href":"https:\/\/stylingagenten.com\/da\/wp-json\/wp\/v2\/media?parent=114090"}],"wp:term":[{"taxonomy":"product_brand","embeddable":true,"href":"https:\/\/stylingagenten.com\/da\/wp-json\/wp\/v2\/product_brand?post=114090"},{"taxonomy":"product_cat","embeddable":true,"href":"https:\/\/stylingagenten.com\/da\/wp-json\/wp\/v2\/product_cat?post=114090"},{"taxonomy":"product_tag","embeddable":true,"href":"https:\/\/stylingagenten.com\/da\/wp-json\/wp\/v2\/product_tag?post=114090"},{"taxonomy":"berocket_brand","embeddable":true,"href":"https:\/\/stylingagenten.com\/da\/wp-json\/wp\/v2\/berocket_brand?post=114090"}],"curies":[{"name":"wp","href":"https:\/\/api.w.org\/{rel}","templated":true}]}}