{"id":114084,"date":"2025-05-18T21:03:47","date_gmt":"2025-05-18T21:03:47","guid":{"rendered":"https:\/\/staging2.stylingagenten.com\/da\/produkt\/dermalogica-precleanse-150ml\/"},"modified":"2026-04-08T15:29:59","modified_gmt":"2026-04-08T15:29:59","slug":"dermalogica-precleanse-150ml","status":"publish","type":"product","link":"https:\/\/stylingagenten.com\/da\/produkt\/dermalogica-precleanse-150ml\/","title":{"rendered":"Dermalogica PreCleanse 150ml"},"content":{"rendered":"<p>Dermalogica PreCleanse bruges som en forvask og opl\u00f8ser effektivt olie-baseret snavs, solcreme og vandfast makeup. F\u00f8lg op med den rens, som din hudterapeut har anbefalet til din specifikke hudtilstand.<\/p>\n<p>N\u00f8gleingredienser<br \/>\n<br \/>\u2022 Hjulkkroneolie: beroliger og binder fugt<br \/>\n<br \/>\u2022 Abrikoskerneolie: styrker hudbarrieren, bl\u00f8dg\u00f8rende<br \/>\n<br \/>\u2022 Kukui-n\u00f8ddeolie: beskytter og binder fugt<\/p>\n<p>150 ml<\/p>\n","protected":false},"excerpt":{"rendered":"<p>Dermalogica PreCleanse bruges som en forvask og opl\u00f8ser effektivt olie-baseret snavs, solcreme og vandfast makeup. F\u00f8lg op med den rens, som din hudterapeut har anbefalet til din specifikke hudtilstand. N\u00f8gleingredienser \u2022 Hjulkkroneolie: beroliger og binder fugt \u2022 Abrikoskerneolie: styrker hudbarrieren, bl\u00f8dg\u00f8rende \u2022 Kukui-n\u00f8ddeolie: beskytter og binder fugt 150 ml<\/p>\n","protected":false},"featured_media":114071,"comment_status":"open","ping_status":"closed","template":"","meta":{"_trash_the_other_posts":false},"product_brand":[],"product_cat":[609],"product_tag":[2797],"berocket_brand":[1420],"class_list":{"0":"post-114084","1":"product","2":"type-product","3":"status-publish","4":"has-post-thumbnail","6":"product_cat-ansigtsudrensning","7":"product_tag-dermalogica-precleanse","8":"pa_brand-dermalogica","9":"pa_variant-150ml","10":"berocket_brand-dermalogica","12":"first","13":"instock","14":"sale","15":"taxable","16":"shipping-taxable","17":"purchasable","18":"product-type-simple"},"_links":{"self":[{"href":"https:\/\/stylingagenten.com\/da\/wp-json\/wp\/v2\/product\/114084","targetHints":{"allow":["GET"]}}],"collection":[{"href":"https:\/\/stylingagenten.com\/da\/wp-json\/wp\/v2\/product"}],"about":[{"href":"https:\/\/stylingagenten.com\/da\/wp-json\/wp\/v2\/types\/product"}],"replies":[{"embeddable":true,"href":"https:\/\/stylingagenten.com\/da\/wp-json\/wp\/v2\/comments?post=114084"}],"version-history":[{"count":0,"href":"https:\/\/stylingagenten.com\/da\/wp-json\/wp\/v2\/product\/114084\/revisions"}],"wp:featuredmedia":[{"embeddable":true,"href":"https:\/\/stylingagenten.com\/da\/wp-json\/wp\/v2\/media\/114071"}],"wp:attachment":[{"href":"https:\/\/stylingagenten.com\/da\/wp-json\/wp\/v2\/media?parent=114084"}],"wp:term":[{"taxonomy":"product_brand","embeddable":true,"href":"https:\/\/stylingagenten.com\/da\/wp-json\/wp\/v2\/product_brand?post=114084"},{"taxonomy":"product_cat","embeddable":true,"href":"https:\/\/stylingagenten.com\/da\/wp-json\/wp\/v2\/product_cat?post=114084"},{"taxonomy":"product_tag","embeddable":true,"href":"https:\/\/stylingagenten.com\/da\/wp-json\/wp\/v2\/product_tag?post=114084"},{"taxonomy":"berocket_brand","embeddable":true,"href":"https:\/\/stylingagenten.com\/da\/wp-json\/wp\/v2\/berocket_brand?post=114084"}],"curies":[{"name":"wp","href":"https:\/\/api.w.org\/{rel}","templated":true}]}}