{"id":114083,"date":"2025-05-18T21:03:47","date_gmt":"2025-05-18T21:03:47","guid":{"rendered":"https:\/\/staging2.stylingagenten.com\/da\/produkt\/dermalogica-oil-to-foam-total-cleanser-250ml\/"},"modified":"2026-04-08T15:29:40","modified_gmt":"2026-04-08T15:29:40","slug":"dermalogica-oil-to-foam-total-cleanser-250ml","status":"publish","type":"product","link":"https:\/\/stylingagenten.com\/da\/produkt\/dermalogica-oil-to-foam-total-cleanser-250ml\/","title":{"rendered":"Dermalogica Oil To Foam Total Cleanser 250ml"},"content":{"rendered":"<p>Dermalogica Oil To Foam Total Cleanser er en transformerende olie-til-skum rens, der fjerner makeup, solcreme og snavs, samtidig med at huden renses i \u00e9t trin for ultraren, sund hud!<\/p>\n<p>Denne kombinerede makeupfjerner og rens starter som en gylden gelolie med havtornolie; mass\u00e9r ind i huden for at opl\u00f8se lag af makeup, talg (olie) og solcreme. En skv\u00e6t vand forvandler gelolien til et rigt, sky-lignende skum, der vasker snavs og eventuelle resterende urenheder v\u00e6k. Denne skummende rens med plantebaserede pr\u00e6biotika efterlader huden med en \u00f8jeblikkelig bl\u00f8d og glat f\u00f8lelse.<\/p>\n<p>250 ml<\/p>\n","protected":false},"excerpt":{"rendered":"<p>Dermalogica Oil To Foam Total Cleanser er en transformerende olie-til-skum rens, der fjerner makeup, solcreme og snavs, samtidig med at huden renses i \u00e9t trin for ultraren, sund hud! Denne kombinerede makeupfjerner og rens starter som en gylden gelolie med havtornolie; mass\u00e9r ind i huden for at opl\u00f8se lag af makeup, talg (olie) og solcreme. [&hellip;]<\/p>\n","protected":false},"featured_media":114060,"comment_status":"open","ping_status":"closed","template":"","meta":{"_trash_the_other_posts":false},"product_brand":[],"product_cat":[609],"product_tag":[],"berocket_brand":[1420],"class_list":{"0":"post-114083","1":"product","2":"type-product","3":"status-publish","4":"has-post-thumbnail","6":"product_cat-ansigtsudrensning","7":"pa_brand-dermalogica","8":"berocket_brand-dermalogica","10":"first","11":"instock","12":"sale","13":"taxable","14":"shipping-taxable","15":"purchasable","16":"product-type-simple"},"_links":{"self":[{"href":"https:\/\/stylingagenten.com\/da\/wp-json\/wp\/v2\/product\/114083","targetHints":{"allow":["GET"]}}],"collection":[{"href":"https:\/\/stylingagenten.com\/da\/wp-json\/wp\/v2\/product"}],"about":[{"href":"https:\/\/stylingagenten.com\/da\/wp-json\/wp\/v2\/types\/product"}],"replies":[{"embeddable":true,"href":"https:\/\/stylingagenten.com\/da\/wp-json\/wp\/v2\/comments?post=114083"}],"version-history":[{"count":0,"href":"https:\/\/stylingagenten.com\/da\/wp-json\/wp\/v2\/product\/114083\/revisions"}],"wp:featuredmedia":[{"embeddable":true,"href":"https:\/\/stylingagenten.com\/da\/wp-json\/wp\/v2\/media\/114060"}],"wp:attachment":[{"href":"https:\/\/stylingagenten.com\/da\/wp-json\/wp\/v2\/media?parent=114083"}],"wp:term":[{"taxonomy":"product_brand","embeddable":true,"href":"https:\/\/stylingagenten.com\/da\/wp-json\/wp\/v2\/product_brand?post=114083"},{"taxonomy":"product_cat","embeddable":true,"href":"https:\/\/stylingagenten.com\/da\/wp-json\/wp\/v2\/product_cat?post=114083"},{"taxonomy":"product_tag","embeddable":true,"href":"https:\/\/stylingagenten.com\/da\/wp-json\/wp\/v2\/product_tag?post=114083"},{"taxonomy":"berocket_brand","embeddable":true,"href":"https:\/\/stylingagenten.com\/da\/wp-json\/wp\/v2\/berocket_brand?post=114083"}],"curies":[{"name":"wp","href":"https:\/\/api.w.org\/{rel}","templated":true}]}}