{"id":114049,"date":"2025-05-18T21:03:42","date_gmt":"2025-05-18T21:03:42","guid":{"rendered":"https:\/\/staging2.stylingagenten.com\/da\/produkt\/dermalogica-ultracalming-cleanser-250ml\/"},"modified":"2026-04-08T15:30:12","modified_gmt":"2026-04-08T15:30:12","slug":"dermalogica-ultracalming-cleanser-250ml","status":"publish","type":"product","link":"https:\/\/stylingagenten.com\/da\/produkt\/dermalogica-ultracalming-cleanser-250ml\/","title":{"rendered":"Dermalogica UltraCalming Cleanser 250ml"},"content":{"rendered":"<p>Dermalogica UltraCalming Cleanser er en mildt rensende og k\u00f8lende gel-creme. Fjerner sk\u00e5nsomt urenheder, ogs\u00e5 i \u00f8jenomr\u00e5det. Fjernes let med vand eller en bl\u00f8d vaskeklud.<\/p>\n<p>UltraCalming\u2122 Complex (punarnava, havre, ingef\u00e6r, kamille): Reducerer r\u00f8dme, hudirritation og inflammation.<br \/>\n<br \/>Hindb\u00e6rekstrakt: Lindrer r\u00f8dme og irritation.<br \/>\n<br \/>Lavendelekstrakt: Beroliger og virker rensende.<br \/>\n<br \/>250ml<\/p>\n","protected":false},"excerpt":{"rendered":"<p>Dermalogica UltraCalming Cleanser er en mildt rensende og k\u00f8lende gel-creme. Fjerner sk\u00e5nsomt urenheder, ogs\u00e5 i \u00f8jenomr\u00e5det. Fjernes let med vand eller en bl\u00f8d vaskeklud. UltraCalming\u2122 Complex (punarnava, havre, ingef\u00e6r, kamille): Reducerer r\u00f8dme, hudirritation og inflammation. Hindb\u00e6rekstrakt: Lindrer r\u00f8dme og irritation. Lavendelekstrakt: Beroliger og virker rensende. 250ml<\/p>\n","protected":false},"featured_media":114025,"comment_status":"open","ping_status":"closed","template":"","meta":{"_trash_the_other_posts":false},"product_brand":[],"product_cat":[609],"product_tag":[2800],"berocket_brand":[1420],"class_list":{"0":"post-114049","1":"product","2":"type-product","3":"status-publish","4":"has-post-thumbnail","6":"product_cat-ansigtsudrensning","7":"product_tag-dermalogica-ultracalming-cleanser","8":"pa_brand-dermalogica","9":"pa_variant-250ml","10":"berocket_brand-dermalogica","12":"first","13":"instock","14":"sale","15":"taxable","16":"shipping-taxable","17":"purchasable","18":"product-type-simple"},"_links":{"self":[{"href":"https:\/\/stylingagenten.com\/da\/wp-json\/wp\/v2\/product\/114049","targetHints":{"allow":["GET"]}}],"collection":[{"href":"https:\/\/stylingagenten.com\/da\/wp-json\/wp\/v2\/product"}],"about":[{"href":"https:\/\/stylingagenten.com\/da\/wp-json\/wp\/v2\/types\/product"}],"replies":[{"embeddable":true,"href":"https:\/\/stylingagenten.com\/da\/wp-json\/wp\/v2\/comments?post=114049"}],"version-history":[{"count":0,"href":"https:\/\/stylingagenten.com\/da\/wp-json\/wp\/v2\/product\/114049\/revisions"}],"wp:featuredmedia":[{"embeddable":true,"href":"https:\/\/stylingagenten.com\/da\/wp-json\/wp\/v2\/media\/114025"}],"wp:attachment":[{"href":"https:\/\/stylingagenten.com\/da\/wp-json\/wp\/v2\/media?parent=114049"}],"wp:term":[{"taxonomy":"product_brand","embeddable":true,"href":"https:\/\/stylingagenten.com\/da\/wp-json\/wp\/v2\/product_brand?post=114049"},{"taxonomy":"product_cat","embeddable":true,"href":"https:\/\/stylingagenten.com\/da\/wp-json\/wp\/v2\/product_cat?post=114049"},{"taxonomy":"product_tag","embeddable":true,"href":"https:\/\/stylingagenten.com\/da\/wp-json\/wp\/v2\/product_tag?post=114049"},{"taxonomy":"berocket_brand","embeddable":true,"href":"https:\/\/stylingagenten.com\/da\/wp-json\/wp\/v2\/berocket_brand?post=114049"}],"curies":[{"name":"wp","href":"https:\/\/api.w.org\/{rel}","templated":true}]}}