{"id":114036,"date":"2025-05-18T21:03:41","date_gmt":"2025-05-18T21:03:41","guid":{"rendered":"https:\/\/staging2.stylingagenten.com\/da\/produkt\/skin1004-madagascar-centella-ampoule-foam-125ml\/"},"modified":"2026-02-12T08:17:10","modified_gmt":"2026-02-12T08:17:10","slug":"skin1004-madagascar-centella-ampoule-foam-125ml","status":"publish","type":"product","link":"https:\/\/stylingagenten.com\/da\/produkt\/skin1004-madagascar-centella-ampoule-foam-125ml\/","title":{"rendered":"SKIN1004 Madagascar Centella Ampoule Foam 125ml"},"content":{"rendered":"<p>SKIN1004 Madagascar Centella Ampoule Foam er en sk\u00e5nsom rense-skum, der fjerner makeuprester, overskydende talg og urenheder uden at udt\u00f8rre huden. Naturlige kokosbaserede tensider renser huden effektivt uden at skade dens beskyttende barriere. Den bl\u00f8de og luftige formel er perfekt til brug b\u00e5de alene eller som det andet trin i en dobbelt-renseproces. Centella Asiatica-ekstrakt beroliger huden og hj\u00e6lper med hudens genopretning.<br \/>\n<br \/>125ml<\/p>\n","protected":false},"excerpt":{"rendered":"<p>SKIN1004 Madagascar Centella Ampoule Foam er en sk\u00e5nsom rense-skum, der fjerner makeuprester, overskydende talg og urenheder uden at udt\u00f8rre huden. Naturlige kokosbaserede tensider renser huden effektivt uden at skade dens beskyttende barriere. Den bl\u00f8de og luftige formel er perfekt til brug b\u00e5de alene eller som det andet trin i en dobbelt-renseproces. Centella Asiatica-ekstrakt beroliger huden [&hellip;]<\/p>\n","protected":false},"featured_media":114015,"comment_status":"open","ping_status":"closed","template":"","meta":{"_trash_the_other_posts":false},"product_brand":[],"product_cat":[609],"product_tag":[],"berocket_brand":[1422],"class_list":{"0":"post-114036","1":"product","2":"type-product","3":"status-publish","4":"has-post-thumbnail","6":"product_cat-ansigtsudrensning","7":"pa_brand-skin1004","8":"berocket_brand-skin1004","10":"first","11":"instock","12":"sale","13":"taxable","14":"shipping-taxable","15":"purchasable","16":"product-type-simple"},"_links":{"self":[{"href":"https:\/\/stylingagenten.com\/da\/wp-json\/wp\/v2\/product\/114036","targetHints":{"allow":["GET"]}}],"collection":[{"href":"https:\/\/stylingagenten.com\/da\/wp-json\/wp\/v2\/product"}],"about":[{"href":"https:\/\/stylingagenten.com\/da\/wp-json\/wp\/v2\/types\/product"}],"replies":[{"embeddable":true,"href":"https:\/\/stylingagenten.com\/da\/wp-json\/wp\/v2\/comments?post=114036"}],"version-history":[{"count":0,"href":"https:\/\/stylingagenten.com\/da\/wp-json\/wp\/v2\/product\/114036\/revisions"}],"wp:featuredmedia":[{"embeddable":true,"href":"https:\/\/stylingagenten.com\/da\/wp-json\/wp\/v2\/media\/114015"}],"wp:attachment":[{"href":"https:\/\/stylingagenten.com\/da\/wp-json\/wp\/v2\/media?parent=114036"}],"wp:term":[{"taxonomy":"product_brand","embeddable":true,"href":"https:\/\/stylingagenten.com\/da\/wp-json\/wp\/v2\/product_brand?post=114036"},{"taxonomy":"product_cat","embeddable":true,"href":"https:\/\/stylingagenten.com\/da\/wp-json\/wp\/v2\/product_cat?post=114036"},{"taxonomy":"product_tag","embeddable":true,"href":"https:\/\/stylingagenten.com\/da\/wp-json\/wp\/v2\/product_tag?post=114036"},{"taxonomy":"berocket_brand","embeddable":true,"href":"https:\/\/stylingagenten.com\/da\/wp-json\/wp\/v2\/berocket_brand?post=114036"}],"curies":[{"name":"wp","href":"https:\/\/api.w.org\/{rel}","templated":true}]}}