{"id":114012,"date":"2025-05-18T21:03:37","date_gmt":"2025-05-18T21:03:37","guid":{"rendered":"https:\/\/staging2.stylingagenten.com\/da\/produkt\/banila-co-clean-it-zero-original-cleansing-balm-50ml\/"},"modified":"2025-12-18T21:30:47","modified_gmt":"2025-12-18T21:30:47","slug":"banila-co-clean-it-zero-original-cleansing-balm-50ml","status":"publish","type":"product","link":"https:\/\/stylingagenten.com\/da\/produkt\/banila-co-clean-it-zero-original-cleansing-balm-50ml\/","title":{"rendered":"Banila Co Clean it Zero Original Cleansing Balm 50ml"},"content":{"rendered":"<p>Banila Clean It Zero Cleansing Balm i originaludf\u00f8relse. Et rensebalsam, der effektivt smelter v\u00e6k snavs og makeuprester uden at udt\u00f8rre huden og kan bruges som det f\u00f8rste skridt i dobbelt-rensning. P\u00e5f\u00f8res i fast form og omdannes til olie, n\u00e5r den masseres ind i huden. Indeholder esterolie og vitamin E, der plejer og muligg\u00f8r brug for alle hudtyper.<\/p>\n<p>50 ml<\/p>\n","protected":false},"excerpt":{"rendered":"<p>Banila Clean It Zero Cleansing Balm i originaludf\u00f8relse. Et rensebalsam, der effektivt smelter v\u00e6k snavs og makeuprester uden at udt\u00f8rre huden og kan bruges som det f\u00f8rste skridt i dobbelt-rensning. P\u00e5f\u00f8res i fast form og omdannes til olie, n\u00e5r den masseres ind i huden. Indeholder esterolie og vitamin E, der plejer og muligg\u00f8r brug for [&hellip;]<\/p>\n","protected":false},"featured_media":114004,"comment_status":"open","ping_status":"closed","template":"","meta":{"_trash_the_other_posts":false},"product_brand":[],"product_cat":[609],"product_tag":[2464],"berocket_brand":[1394],"class_list":{"0":"post-114012","1":"product","2":"type-product","3":"status-publish","4":"has-post-thumbnail","6":"product_cat-ansigtsudrensning","7":"product_tag-banila-co-clean-it-zero-original-cleansing-balm","8":"pa_brand-banila-co","9":"pa_variant-50ml","10":"berocket_brand-banila-co","12":"first","13":"instock","14":"sale","15":"taxable","16":"shipping-taxable","17":"purchasable","18":"product-type-simple"},"_links":{"self":[{"href":"https:\/\/stylingagenten.com\/da\/wp-json\/wp\/v2\/product\/114012","targetHints":{"allow":["GET"]}}],"collection":[{"href":"https:\/\/stylingagenten.com\/da\/wp-json\/wp\/v2\/product"}],"about":[{"href":"https:\/\/stylingagenten.com\/da\/wp-json\/wp\/v2\/types\/product"}],"replies":[{"embeddable":true,"href":"https:\/\/stylingagenten.com\/da\/wp-json\/wp\/v2\/comments?post=114012"}],"version-history":[{"count":0,"href":"https:\/\/stylingagenten.com\/da\/wp-json\/wp\/v2\/product\/114012\/revisions"}],"wp:featuredmedia":[{"embeddable":true,"href":"https:\/\/stylingagenten.com\/da\/wp-json\/wp\/v2\/media\/114004"}],"wp:attachment":[{"href":"https:\/\/stylingagenten.com\/da\/wp-json\/wp\/v2\/media?parent=114012"}],"wp:term":[{"taxonomy":"product_brand","embeddable":true,"href":"https:\/\/stylingagenten.com\/da\/wp-json\/wp\/v2\/product_brand?post=114012"},{"taxonomy":"product_cat","embeddable":true,"href":"https:\/\/stylingagenten.com\/da\/wp-json\/wp\/v2\/product_cat?post=114012"},{"taxonomy":"product_tag","embeddable":true,"href":"https:\/\/stylingagenten.com\/da\/wp-json\/wp\/v2\/product_tag?post=114012"},{"taxonomy":"berocket_brand","embeddable":true,"href":"https:\/\/stylingagenten.com\/da\/wp-json\/wp\/v2\/berocket_brand?post=114012"}],"curies":[{"name":"wp","href":"https:\/\/api.w.org\/{rel}","templated":true}]}}