{"id":114009,"date":"2025-05-18T21:03:37","date_gmt":"2025-05-18T21:03:37","guid":{"rendered":"https:\/\/staging2.stylingagenten.com\/da\/produkt\/neutrogena-clear-defend-2-salicylic-acid-face-wash-200ml\/"},"modified":"2026-04-06T09:21:26","modified_gmt":"2026-04-06T09:21:26","slug":"neutrogena-clear-defend-2-salicylic-acid-face-wash-200ml","status":"publish","type":"product","link":"https:\/\/stylingagenten.com\/da\/produkt\/neutrogena-clear-defend-2-salicylic-acid-face-wash-200ml\/","title":{"rendered":"Neutrogena Clear &amp; Defend 2% Salicylic Acid Face Wash 200ml"},"content":{"rendered":"<p>Neutrogena Clear &amp; Defend 2% Salicylic Acid Face Wash er en ansigtsrens, der hj\u00e6lper med at forebygge bumser og urenheder. Med ClearDefend-teknologi reducerer den udbrud fra f\u00f8rste vask og bevarer hudens naturlige forsvar. Sk\u00e5nsom og dybderensende, indeholder salicylsyre. Velegnet til daglig brug og sensitiv hud. Parfumeret.<br \/>\n<br \/>200ml<\/p>\n","protected":false},"excerpt":{"rendered":"<p>Neutrogena Clear &amp; Defend 2% Salicylic Acid Face Wash er en ansigtsrens, der hj\u00e6lper med at forebygge bumser og urenheder. Med ClearDefend-teknologi reducerer den udbrud fra f\u00f8rste vask og bevarer hudens naturlige forsvar. Sk\u00e5nsom og dybderensende, indeholder salicylsyre. Velegnet til daglig brug og sensitiv hud. Parfumeret. 200ml<\/p>\n","protected":false},"featured_media":113998,"comment_status":"open","ping_status":"closed","template":"","meta":{"_trash_the_other_posts":false},"product_brand":[],"product_cat":[609],"product_tag":[],"berocket_brand":[1262],"class_list":{"0":"post-114009","1":"product","2":"type-product","3":"status-publish","4":"has-post-thumbnail","6":"product_cat-ansigtsudrensning","7":"pa_brand-neutrogena","8":"berocket_brand-neutrogena","10":"first","11":"instock","12":"sale","13":"taxable","14":"shipping-taxable","15":"purchasable","16":"product-type-simple"},"_links":{"self":[{"href":"https:\/\/stylingagenten.com\/da\/wp-json\/wp\/v2\/product\/114009","targetHints":{"allow":["GET"]}}],"collection":[{"href":"https:\/\/stylingagenten.com\/da\/wp-json\/wp\/v2\/product"}],"about":[{"href":"https:\/\/stylingagenten.com\/da\/wp-json\/wp\/v2\/types\/product"}],"replies":[{"embeddable":true,"href":"https:\/\/stylingagenten.com\/da\/wp-json\/wp\/v2\/comments?post=114009"}],"version-history":[{"count":0,"href":"https:\/\/stylingagenten.com\/da\/wp-json\/wp\/v2\/product\/114009\/revisions"}],"wp:featuredmedia":[{"embeddable":true,"href":"https:\/\/stylingagenten.com\/da\/wp-json\/wp\/v2\/media\/113998"}],"wp:attachment":[{"href":"https:\/\/stylingagenten.com\/da\/wp-json\/wp\/v2\/media?parent=114009"}],"wp:term":[{"taxonomy":"product_brand","embeddable":true,"href":"https:\/\/stylingagenten.com\/da\/wp-json\/wp\/v2\/product_brand?post=114009"},{"taxonomy":"product_cat","embeddable":true,"href":"https:\/\/stylingagenten.com\/da\/wp-json\/wp\/v2\/product_cat?post=114009"},{"taxonomy":"product_tag","embeddable":true,"href":"https:\/\/stylingagenten.com\/da\/wp-json\/wp\/v2\/product_tag?post=114009"},{"taxonomy":"berocket_brand","embeddable":true,"href":"https:\/\/stylingagenten.com\/da\/wp-json\/wp\/v2\/berocket_brand?post=114009"}],"curies":[{"name":"wp","href":"https:\/\/api.w.org\/{rel}","templated":true}]}}