{"id":114005,"date":"2025-05-18T21:03:36","date_gmt":"2025-05-18T21:03:36","guid":{"rendered":"https:\/\/staging2.stylingagenten.com\/da\/produkt\/skin1004-madagascar-centella-poremizing-deep-cleansing-foam-125ml\/"},"modified":"2026-02-05T15:35:30","modified_gmt":"2026-02-05T15:35:30","slug":"skin1004-madagascar-centella-poremizing-deep-cleansing-foam-125ml","status":"publish","type":"product","link":"https:\/\/stylingagenten.com\/da\/produkt\/skin1004-madagascar-centella-poremizing-deep-cleansing-foam-125ml\/","title":{"rendered":"SKIN1004 Madagascar Centella Poremizing Deep Cleansing Foam 125ml"},"content":{"rendered":"<p>SKIN1004 Madagascar Centella Poremizing Deep Cleansing Foam er en alt-i-en ansigtsrens med rosa Himalayasalt. Den vasker grundigt v\u00e6k solcreme, d\u00f8de hudceller og overskydende talg. Rosa Himalayasalt og renset kaolin renser porerne i dybden. Den kl\u00e6brige, cremede pasta omdannes til et rigt skum p\u00e5 huden. Over 80 forskellige mineraler fra Himalayasaltet skaber osmotisk tryk, som effektivt fjerner urenheder fra porerne. Indeholder beroligende Centella Asiatica-ekstrakt (cica) fra Madagaskar, SKIN1004s unikke signaturingrediens. Papain (et proteinnedbrydende enzym fra papaya) og eddike hj\u00e6lper med at fjerne d\u00f8de hudceller og efterlader huden glat og silkeagtig. Kremen er testet til at passe til alle hudtyper, herunder sensitiv og letirriteret hud.<\/p>\n<p>125ml<\/p>\n","protected":false},"excerpt":{"rendered":"<p>SKIN1004 Madagascar Centella Poremizing Deep Cleansing Foam er en alt-i-en ansigtsrens med rosa Himalayasalt. Den vasker grundigt v\u00e6k solcreme, d\u00f8de hudceller og overskydende talg. Rosa Himalayasalt og renset kaolin renser porerne i dybden. Den kl\u00e6brige, cremede pasta omdannes til et rigt skum p\u00e5 huden. Over 80 forskellige mineraler fra Himalayasaltet skaber osmotisk tryk, som effektivt [&hellip;]<\/p>\n","protected":false},"featured_media":113986,"comment_status":"open","ping_status":"closed","template":"","meta":{"_trash_the_other_posts":false},"product_brand":[],"product_cat":[609],"product_tag":[],"berocket_brand":[1422],"class_list":{"0":"post-114005","1":"product","2":"type-product","3":"status-publish","4":"has-post-thumbnail","6":"product_cat-ansigtsudrensning","7":"pa_brand-skin1004","8":"berocket_brand-skin1004","10":"first","11":"instock","12":"sale","13":"taxable","14":"shipping-taxable","15":"purchasable","16":"product-type-simple"},"_links":{"self":[{"href":"https:\/\/stylingagenten.com\/da\/wp-json\/wp\/v2\/product\/114005","targetHints":{"allow":["GET"]}}],"collection":[{"href":"https:\/\/stylingagenten.com\/da\/wp-json\/wp\/v2\/product"}],"about":[{"href":"https:\/\/stylingagenten.com\/da\/wp-json\/wp\/v2\/types\/product"}],"replies":[{"embeddable":true,"href":"https:\/\/stylingagenten.com\/da\/wp-json\/wp\/v2\/comments?post=114005"}],"version-history":[{"count":0,"href":"https:\/\/stylingagenten.com\/da\/wp-json\/wp\/v2\/product\/114005\/revisions"}],"wp:featuredmedia":[{"embeddable":true,"href":"https:\/\/stylingagenten.com\/da\/wp-json\/wp\/v2\/media\/113986"}],"wp:attachment":[{"href":"https:\/\/stylingagenten.com\/da\/wp-json\/wp\/v2\/media?parent=114005"}],"wp:term":[{"taxonomy":"product_brand","embeddable":true,"href":"https:\/\/stylingagenten.com\/da\/wp-json\/wp\/v2\/product_brand?post=114005"},{"taxonomy":"product_cat","embeddable":true,"href":"https:\/\/stylingagenten.com\/da\/wp-json\/wp\/v2\/product_cat?post=114005"},{"taxonomy":"product_tag","embeddable":true,"href":"https:\/\/stylingagenten.com\/da\/wp-json\/wp\/v2\/product_tag?post=114005"},{"taxonomy":"berocket_brand","embeddable":true,"href":"https:\/\/stylingagenten.com\/da\/wp-json\/wp\/v2\/berocket_brand?post=114005"}],"curies":[{"name":"wp","href":"https:\/\/api.w.org\/{rel}","templated":true}]}}