{"id":113995,"date":"2025-05-18T21:03:35","date_gmt":"2025-05-18T21:03:35","guid":{"rendered":"https:\/\/staging2.stylingagenten.com\/da\/produkt\/banila-co-clean-it-zero-cleansing-balm-brightening-100ml\/"},"modified":"2025-12-18T21:31:06","modified_gmt":"2025-12-18T21:31:06","slug":"banila-co-clean-it-zero-cleansing-balm-brightening-100ml","status":"publish","type":"product","link":"https:\/\/stylingagenten.com\/da\/produkt\/banila-co-clean-it-zero-cleansing-balm-brightening-100ml\/","title":{"rendered":"Banila Co Clean It Zero Cleansing Balm Brightening 100ml"},"content":{"rendered":"<p>Banila Co Clean It Zero Cleansing Balm Brightening<\/p>\n<p>Dette er en rensebalsam, der effektivt smelter v\u00e6k snavs og makeuprester uden at udt\u00f8rre huden, og kan bruges som det f\u00f8rste skridt i dobbelt-rensning. P\u00e5f\u00f8res i fast form og omdannes til olie, n\u00e5r den masseres ind i huden.<\/p>\n<p>Mandarin-C\u2122 &#8211; Indeholder mandarinpeelolie og vitaminer for at give en klar hudtone og str\u00e5lende gl\u00f8d efter rensning.<\/p>\n<p>Den friske og fugtgivende rensebalsam leverer vitaminer og fugt til huden samtidig med, at den renser.<\/p>\n<p>100 ml<\/p>\n","protected":false},"excerpt":{"rendered":"<p>Banila Co Clean It Zero Cleansing Balm Brightening Dette er en rensebalsam, der effektivt smelter v\u00e6k snavs og makeuprester uden at udt\u00f8rre huden, og kan bruges som det f\u00f8rste skridt i dobbelt-rensning. P\u00e5f\u00f8res i fast form og omdannes til olie, n\u00e5r den masseres ind i huden. Mandarin-C\u2122 &#8211; Indeholder mandarinpeelolie og vitaminer for at give [&hellip;]<\/p>\n","protected":false},"featured_media":113965,"comment_status":"open","ping_status":"closed","template":"","meta":{"_trash_the_other_posts":false},"product_brand":[],"product_cat":[609],"product_tag":[],"berocket_brand":[1394],"class_list":{"0":"post-113995","1":"product","2":"type-product","3":"status-publish","4":"has-post-thumbnail","6":"product_cat-ansigtsudrensning","7":"pa_brand-banila-co","8":"berocket_brand-banila-co","10":"first","11":"instock","12":"sale","13":"taxable","14":"shipping-taxable","15":"purchasable","16":"product-type-simple"},"_links":{"self":[{"href":"https:\/\/stylingagenten.com\/da\/wp-json\/wp\/v2\/product\/113995","targetHints":{"allow":["GET"]}}],"collection":[{"href":"https:\/\/stylingagenten.com\/da\/wp-json\/wp\/v2\/product"}],"about":[{"href":"https:\/\/stylingagenten.com\/da\/wp-json\/wp\/v2\/types\/product"}],"replies":[{"embeddable":true,"href":"https:\/\/stylingagenten.com\/da\/wp-json\/wp\/v2\/comments?post=113995"}],"version-history":[{"count":0,"href":"https:\/\/stylingagenten.com\/da\/wp-json\/wp\/v2\/product\/113995\/revisions"}],"wp:featuredmedia":[{"embeddable":true,"href":"https:\/\/stylingagenten.com\/da\/wp-json\/wp\/v2\/media\/113965"}],"wp:attachment":[{"href":"https:\/\/stylingagenten.com\/da\/wp-json\/wp\/v2\/media?parent=113995"}],"wp:term":[{"taxonomy":"product_brand","embeddable":true,"href":"https:\/\/stylingagenten.com\/da\/wp-json\/wp\/v2\/product_brand?post=113995"},{"taxonomy":"product_cat","embeddable":true,"href":"https:\/\/stylingagenten.com\/da\/wp-json\/wp\/v2\/product_cat?post=113995"},{"taxonomy":"product_tag","embeddable":true,"href":"https:\/\/stylingagenten.com\/da\/wp-json\/wp\/v2\/product_tag?post=113995"},{"taxonomy":"berocket_brand","embeddable":true,"href":"https:\/\/stylingagenten.com\/da\/wp-json\/wp\/v2\/berocket_brand?post=113995"}],"curies":[{"name":"wp","href":"https:\/\/api.w.org\/{rel}","templated":true}]}}