{"id":113902,"date":"2025-05-18T21:03:20","date_gmt":"2025-05-18T21:03:20","guid":{"rendered":"https:\/\/staging2.stylingagenten.com\/da\/produkt\/peter-thomas-roth-firmx-peeling-gel-100ml\/"},"modified":"2025-12-18T21:55:10","modified_gmt":"2025-12-18T21:55:10","slug":"peter-thomas-roth-firmx-peeling-gel-100ml","status":"publish","type":"product","link":"https:\/\/stylingagenten.com\/da\/produkt\/peter-thomas-roth-firmx-peeling-gel-100ml\/","title":{"rendered":"Peter Thomas Roth FirmX Peeling Gel 100ml"},"content":{"rendered":"<p>Peter Thomas Roth FIRMx Peeling Gel ruller, l\u00f8fter og fejer urenheder v\u00e6k, n\u00e5r den masseres ind i; huden.<\/p>\n<p>Fordele<\/p>\n<p>&#8211; Multi-action ananas, granat\u00e6ble og keratinase enzymer og cellulose eksfolierer effektivt for at hj\u00e6lpe med at afsl\u00f8re en glattere, friskere og lysere hud<\/p>\n<p>&#8211; Hj\u00e6lper med at fjerne urenheder og rense porerne for et mere ungdommeligt, str\u00e5lende og l\u00f8ftet udseende<\/p>\n","protected":false},"excerpt":{"rendered":"<p>Peter Thomas Roth FIRMx Peeling Gel ruller, l\u00f8fter og fejer urenheder v\u00e6k, n\u00e5r den masseres ind i; huden. Fordele &#8211; Multi-action ananas, granat\u00e6ble og keratinase enzymer og cellulose eksfolierer effektivt for at hj\u00e6lpe med at afsl\u00f8re en glattere, friskere og lysere hud &#8211; Hj\u00e6lper med at fjerne urenheder og rense porerne for et mere ungdommeligt, [&hellip;]<\/p>\n","protected":false},"featured_media":113886,"comment_status":"open","ping_status":"closed","template":"","meta":{"_trash_the_other_posts":false},"product_brand":[],"product_cat":[619,1005,717],"product_tag":[],"berocket_brand":[1246],"class_list":{"0":"post-113902","1":"product","2":"type-product","3":"status-publish","4":"has-post-thumbnail","6":"product_cat-ansigts-peeling","7":"product_cat-outlet","8":"product_cat-virale-produkter","9":"pa_brand-peter-thomas-roth","10":"berocket_brand-peter-thomas-roth","12":"first","13":"instock","14":"sale","15":"taxable","16":"shipping-taxable","17":"purchasable","18":"product-type-simple"},"_links":{"self":[{"href":"https:\/\/stylingagenten.com\/da\/wp-json\/wp\/v2\/product\/113902","targetHints":{"allow":["GET"]}}],"collection":[{"href":"https:\/\/stylingagenten.com\/da\/wp-json\/wp\/v2\/product"}],"about":[{"href":"https:\/\/stylingagenten.com\/da\/wp-json\/wp\/v2\/types\/product"}],"replies":[{"embeddable":true,"href":"https:\/\/stylingagenten.com\/da\/wp-json\/wp\/v2\/comments?post=113902"}],"version-history":[{"count":0,"href":"https:\/\/stylingagenten.com\/da\/wp-json\/wp\/v2\/product\/113902\/revisions"}],"wp:featuredmedia":[{"embeddable":true,"href":"https:\/\/stylingagenten.com\/da\/wp-json\/wp\/v2\/media\/113886"}],"wp:attachment":[{"href":"https:\/\/stylingagenten.com\/da\/wp-json\/wp\/v2\/media?parent=113902"}],"wp:term":[{"taxonomy":"product_brand","embeddable":true,"href":"https:\/\/stylingagenten.com\/da\/wp-json\/wp\/v2\/product_brand?post=113902"},{"taxonomy":"product_cat","embeddable":true,"href":"https:\/\/stylingagenten.com\/da\/wp-json\/wp\/v2\/product_cat?post=113902"},{"taxonomy":"product_tag","embeddable":true,"href":"https:\/\/stylingagenten.com\/da\/wp-json\/wp\/v2\/product_tag?post=113902"},{"taxonomy":"berocket_brand","embeddable":true,"href":"https:\/\/stylingagenten.com\/da\/wp-json\/wp\/v2\/berocket_brand?post=113902"}],"curies":[{"name":"wp","href":"https:\/\/api.w.org\/{rel}","templated":true}]}}