{"id":113771,"date":"2025-05-18T21:02:55","date_gmt":"2025-05-18T21:02:55","guid":{"rendered":"https:\/\/staging2.stylingagenten.com\/da\/produkt\/dermalogica-age-smart-daily-superfoliant-57g\/"},"modified":"2026-04-08T15:30:03","modified_gmt":"2026-04-08T15:30:03","slug":"dermalogica-age-smart-daily-superfoliant-57g","status":"publish","type":"product","link":"https:\/\/stylingagenten.com\/da\/produkt\/dermalogica-age-smart-daily-superfoliant-57g\/","title":{"rendered":"Dermalogica AGE Smart Daily Superfoliant 57g"},"content":{"rendered":"<p>Dermalogica AGE Smart Daily Superfoliant\u2122 er en h\u00f8jt aktiv pulvereksfoliant, der g\u00f8r huden ultra-glat og bek\u00e6mper milj\u00f8faktorer, der fremskynder hudens aldring. I udviklingen af Daily Superfoliant har Dermalogica taget h\u00f8jde for de bivirkninger, som luftforurenende partikler kan have p\u00e5 huden. Derfor inkluderer produktet ikke kun ingredienser, der fjerner disse partikler, men ogs\u00e5 ingredienser, der hj\u00e6lper med at styrke hudcellerne og skabe en glat, j\u00e6vn hudoverflade.<\/p>\n<p>Aktiveret kul: Jevner hudens overfladestruktur og fjerner forureninger og overskydende olie.<br \/>\n<br \/>Niacinamid (Vitamin B3): Regulerer olieproduktionen og giver antioxidante fordele.<br \/>\n<br \/>En trio af kraftfulde enzymer: Papain eksfolierer, udj\u00e6vner hudtonen og giver gl\u00f8d. Lipase nedbryder hurtigt og effektivt dybere kapslinger af sebum, oliebaserede forureninger og snavs uden at p\u00e5virke hudens naturlige barriere lipider. Subtilisin stimulerer cellefornyelse.<br \/>\n<br \/>57 g<\/p>\n","protected":false},"excerpt":{"rendered":"<p>Dermalogica AGE Smart Daily Superfoliant\u2122 er en h\u00f8jt aktiv pulvereksfoliant, der g\u00f8r huden ultra-glat og bek\u00e6mper milj\u00f8faktorer, der fremskynder hudens aldring. I udviklingen af Daily Superfoliant har Dermalogica taget h\u00f8jde for de bivirkninger, som luftforurenende partikler kan have p\u00e5 huden. Derfor inkluderer produktet ikke kun ingredienser, der fjerner disse partikler, men ogs\u00e5 ingredienser, der hj\u00e6lper [&hellip;]<\/p>\n","protected":false},"featured_media":113758,"comment_status":"open","ping_status":"closed","template":"","meta":{"_trash_the_other_posts":false},"product_brand":[],"product_cat":[619],"product_tag":[],"berocket_brand":[1420],"class_list":{"0":"post-113771","1":"product","2":"type-product","3":"status-publish","4":"has-post-thumbnail","6":"product_cat-ansigts-peeling","7":"pa_brand-dermalogica","8":"berocket_brand-dermalogica","10":"first","11":"instock","12":"sale","13":"taxable","14":"shipping-taxable","15":"purchasable","16":"product-type-simple"},"_links":{"self":[{"href":"https:\/\/stylingagenten.com\/da\/wp-json\/wp\/v2\/product\/113771","targetHints":{"allow":["GET"]}}],"collection":[{"href":"https:\/\/stylingagenten.com\/da\/wp-json\/wp\/v2\/product"}],"about":[{"href":"https:\/\/stylingagenten.com\/da\/wp-json\/wp\/v2\/types\/product"}],"replies":[{"embeddable":true,"href":"https:\/\/stylingagenten.com\/da\/wp-json\/wp\/v2\/comments?post=113771"}],"version-history":[{"count":0,"href":"https:\/\/stylingagenten.com\/da\/wp-json\/wp\/v2\/product\/113771\/revisions"}],"wp:featuredmedia":[{"embeddable":true,"href":"https:\/\/stylingagenten.com\/da\/wp-json\/wp\/v2\/media\/113758"}],"wp:attachment":[{"href":"https:\/\/stylingagenten.com\/da\/wp-json\/wp\/v2\/media?parent=113771"}],"wp:term":[{"taxonomy":"product_brand","embeddable":true,"href":"https:\/\/stylingagenten.com\/da\/wp-json\/wp\/v2\/product_brand?post=113771"},{"taxonomy":"product_cat","embeddable":true,"href":"https:\/\/stylingagenten.com\/da\/wp-json\/wp\/v2\/product_cat?post=113771"},{"taxonomy":"product_tag","embeddable":true,"href":"https:\/\/stylingagenten.com\/da\/wp-json\/wp\/v2\/product_tag?post=113771"},{"taxonomy":"berocket_brand","embeddable":true,"href":"https:\/\/stylingagenten.com\/da\/wp-json\/wp\/v2\/berocket_brand?post=113771"}],"curies":[{"name":"wp","href":"https:\/\/api.w.org\/{rel}","templated":true}]}}