{"id":113703,"date":"2025-05-18T21:02:40","date_gmt":"2025-05-18T21:02:40","guid":{"rendered":"https:\/\/staging2.stylingagenten.com\/da\/produkt\/milani-green-goddess-sleeping-mask\/"},"modified":"2025-12-18T21:53:05","modified_gmt":"2025-12-18T21:53:05","slug":"milani-green-goddess-sleeping-mask","status":"publish","type":"product","link":"https:\/\/stylingagenten.com\/da\/produkt\/milani-green-goddess-sleeping-mask\/","title":{"rendered":"Milani Green Goddess Sleeping Mask"},"content":{"rendered":"<p>Milani Green Goddess Sleeping Mask &#8211; 60 ml<\/p>\n<p>Tal om sk\u00f8nhedss\u00f8vn! Den transformative Green Goddess Sleeping Mask + Primer beroliger, n\u00e6rer og fugter dybt ind i huden natten over og efterlader huden perfekt primet til p\u00e5f\u00f8ring af makeup. Denne maske indeholder den ekstremt n\u00e6rende \u00f8kologiske Cannabis Sativa Fr\u00f8olie, Hyaluronsyre &amp; vegansk Squalane kan tage din hud til nye niveauer med en gudindelignende gl\u00f8d.<\/p>\n","protected":false},"excerpt":{"rendered":"<p>Milani Green Goddess Sleeping Mask &#8211; 60 ml Tal om sk\u00f8nhedss\u00f8vn! Den transformative Green Goddess Sleeping Mask + Primer beroliger, n\u00e6rer og fugter dybt ind i huden natten over og efterlader huden perfekt primet til p\u00e5f\u00f8ring af makeup. Denne maske indeholder den ekstremt n\u00e6rende \u00f8kologiske Cannabis Sativa Fr\u00f8olie, Hyaluronsyre &amp; vegansk Squalane kan tage din [&hellip;]<\/p>\n","protected":false},"featured_media":113702,"comment_status":"open","ping_status":"closed","template":"","meta":{"_trash_the_other_posts":false},"product_brand":[],"product_cat":[594],"product_tag":[],"berocket_brand":[1027],"class_list":{"0":"post-113703","1":"product","2":"type-product","3":"status-publish","4":"has-post-thumbnail","6":"product_cat-ansigtsmaske","7":"pa_brand-milani","8":"berocket_brand-milani","10":"first","11":"instock","12":"sale","13":"taxable","14":"shipping-taxable","15":"purchasable","16":"product-type-simple"},"_links":{"self":[{"href":"https:\/\/stylingagenten.com\/da\/wp-json\/wp\/v2\/product\/113703","targetHints":{"allow":["GET"]}}],"collection":[{"href":"https:\/\/stylingagenten.com\/da\/wp-json\/wp\/v2\/product"}],"about":[{"href":"https:\/\/stylingagenten.com\/da\/wp-json\/wp\/v2\/types\/product"}],"replies":[{"embeddable":true,"href":"https:\/\/stylingagenten.com\/da\/wp-json\/wp\/v2\/comments?post=113703"}],"version-history":[{"count":0,"href":"https:\/\/stylingagenten.com\/da\/wp-json\/wp\/v2\/product\/113703\/revisions"}],"wp:featuredmedia":[{"embeddable":true,"href":"https:\/\/stylingagenten.com\/da\/wp-json\/wp\/v2\/media\/113702"}],"wp:attachment":[{"href":"https:\/\/stylingagenten.com\/da\/wp-json\/wp\/v2\/media?parent=113703"}],"wp:term":[{"taxonomy":"product_brand","embeddable":true,"href":"https:\/\/stylingagenten.com\/da\/wp-json\/wp\/v2\/product_brand?post=113703"},{"taxonomy":"product_cat","embeddable":true,"href":"https:\/\/stylingagenten.com\/da\/wp-json\/wp\/v2\/product_cat?post=113703"},{"taxonomy":"product_tag","embeddable":true,"href":"https:\/\/stylingagenten.com\/da\/wp-json\/wp\/v2\/product_tag?post=113703"},{"taxonomy":"berocket_brand","embeddable":true,"href":"https:\/\/stylingagenten.com\/da\/wp-json\/wp\/v2\/berocket_brand?post=113703"}],"curies":[{"name":"wp","href":"https:\/\/api.w.org\/{rel}","templated":true}]}}