{"id":113624,"date":"2025-05-18T21:02:25","date_gmt":"2025-05-18T21:02:25","guid":{"rendered":"https:\/\/staging2.stylingagenten.com\/da\/produkt\/shiseido-waso-yuzu-c-sleeping-mask-50ml\/"},"modified":"2026-03-30T07:29:01","modified_gmt":"2026-03-30T07:29:01","slug":"shiseido-waso-yuzu-c-sleeping-mask-50ml","status":"publish","type":"product","link":"https:\/\/stylingagenten.com\/da\/produkt\/shiseido-waso-yuzu-c-sleeping-mask-50ml\/","title":{"rendered":"Shiseido Waso Yuzu-C Sleeping Mask 50ml"},"content":{"rendered":"<p><span data-contrast=\"auto\" lang=\"SV\">En genfugtende natmaske, der genoplader gl\u00f8den hele natten. Drevet af solmodnet&nbsp;Yuzu&nbsp;Citrus. Kend vand frisk. Fungerer som en intensiv fugtindpakning. Selv sovende hud v\u00e5gner op og f\u00f8les fyldig og forfrisket.<\/span>&nbsp;<br \/><span data-contrast=\"auto\" lang=\"SV\">&nbsp;<\/span>&amp;nbsp ;<br \/><span data-contrast=\"auto\" lang=\"DA\">YUZU japansk citrus<\/span>&nbsp;<br \/><span data-contrast=\"auto\" lang=\"DA\">Denne ikoniske citrus kommer fra den solrige region Kochi, Japan og hj\u00e6lper med at h\u00e6ve fugtniveauet* for at holde huden hydreret.<\/span>&nbsp;<br \/>&nbsp;<br \/> <span data-contrast=\"auto\" lang=\"DA\">LANDM\u00d8DENE TIL DIT ANSIGT Ved at arbejde direkte med landm\u00e6ndene fra forskellige regioner i Japan i stedet for med konventionelle leverand\u00f8rer i stor skala, kan vi sikre sporbarheden, friskheden og styrken af \u200b\u200bvores ingredienser og samtidig underst\u00f8tte lokale \u00f8konomier.<\/span>&nbsp;<br \/><span data-contrast=\"auto\" lang=\" EN\">Kraften i hver af disse lokalt producerede ingredienser bliver derefter udnyttet af videnskabsm\u00e6nd til at skabe n\u00e6rende hudpleje med dokumenteret klinisk effektivitet.<\/span>&nbsp;<br \/><span data-contrast=\"auto\" lang=\"SV\">&nbsp;<\/span>&nbsp;<br \/><span data-contrast=\"auto\" lang=\"SV\">&nbsp;<\/span>&nbsp;<br \/><span lang=\" DA\">Lavet med ingredienser af h\u00f8j kvalitet, der bevidst er udvalgt for deres hudfordele.<\/span>&nbsp;<br \/><span data-contrast=\"auto \" lang=\"DA\">Veganer&nbsp;formel<\/span>&nbsp;<br \/><span data-contrast=\"auto\" lang=\"DA\">Formlen indeholder vand udvundet af spildte \u00e6bler.<\/ span>&nbsp;<br \/><span data-contrast=\"auto\" lang=\"SV\">Hver materiale, der bruges i vores emballage, er bevidst valgt.<\/span>&nbsp;<br \/><span data-contrast=\"auto\" lang=\"DA\">For at reducere brugen af \u200b\u200bplastik bruger vi 30 % genbrugte risskaller til ydersiden l\u00e5g.<\/span><span data-ccp-props='{\"201341983\":0,\"335559739\":160,\"335559740\":259}'>&nbsp;<\/span> <\/p>\n","protected":false},"excerpt":{"rendered":"<p>En genfugtende natmaske, der genoplader gl\u00f8den hele natten. Drevet af solmodnet&nbsp;Yuzu&nbsp;Citrus. Kend vand frisk. Fungerer som en intensiv fugtindpakning. Selv sovende hud v\u00e5gner op og f\u00f8les fyldig og forfrisket.&nbsp;&nbsp;&amp;nbsp ;YUZU japansk citrus&nbsp;Denne ikoniske citrus kommer fra den solrige region Kochi, Japan og hj\u00e6lper med at h\u00e6ve fugtniveauet* for at holde huden hydreret.&nbsp;&nbsp; LANDM\u00d8DENE TIL DIT [&hellip;]<\/p>\n","protected":false},"featured_media":113614,"comment_status":"open","ping_status":"closed","template":"","meta":{"_trash_the_other_posts":false},"product_brand":[],"product_cat":[594],"product_tag":[],"berocket_brand":[1193],"class_list":{"0":"post-113624","1":"product","2":"type-product","3":"status-publish","4":"has-post-thumbnail","6":"product_cat-ansigtsmaske","7":"pa_brand-shiseido","8":"berocket_brand-shiseido","10":"first","11":"instock","12":"sale","13":"taxable","14":"shipping-taxable","15":"purchasable","16":"product-type-simple"},"_links":{"self":[{"href":"https:\/\/stylingagenten.com\/da\/wp-json\/wp\/v2\/product\/113624","targetHints":{"allow":["GET"]}}],"collection":[{"href":"https:\/\/stylingagenten.com\/da\/wp-json\/wp\/v2\/product"}],"about":[{"href":"https:\/\/stylingagenten.com\/da\/wp-json\/wp\/v2\/types\/product"}],"replies":[{"embeddable":true,"href":"https:\/\/stylingagenten.com\/da\/wp-json\/wp\/v2\/comments?post=113624"}],"version-history":[{"count":0,"href":"https:\/\/stylingagenten.com\/da\/wp-json\/wp\/v2\/product\/113624\/revisions"}],"wp:featuredmedia":[{"embeddable":true,"href":"https:\/\/stylingagenten.com\/da\/wp-json\/wp\/v2\/media\/113614"}],"wp:attachment":[{"href":"https:\/\/stylingagenten.com\/da\/wp-json\/wp\/v2\/media?parent=113624"}],"wp:term":[{"taxonomy":"product_brand","embeddable":true,"href":"https:\/\/stylingagenten.com\/da\/wp-json\/wp\/v2\/product_brand?post=113624"},{"taxonomy":"product_cat","embeddable":true,"href":"https:\/\/stylingagenten.com\/da\/wp-json\/wp\/v2\/product_cat?post=113624"},{"taxonomy":"product_tag","embeddable":true,"href":"https:\/\/stylingagenten.com\/da\/wp-json\/wp\/v2\/product_tag?post=113624"},{"taxonomy":"berocket_brand","embeddable":true,"href":"https:\/\/stylingagenten.com\/da\/wp-json\/wp\/v2\/berocket_brand?post=113624"}],"curies":[{"name":"wp","href":"https:\/\/api.w.org\/{rel}","templated":true}]}}