{"id":113508,"date":"2025-05-18T21:02:01","date_gmt":"2025-05-18T21:02:01","guid":{"rendered":"https:\/\/staging2.stylingagenten.com\/da\/produkt\/cosrx-full-fit-propolis-honey-overnight-mask-60ml\/"},"modified":"2025-12-18T21:40:26","modified_gmt":"2025-12-18T21:40:26","slug":"cosrx-full-fit-propolis-honey-overnight-mask-60ml","status":"publish","type":"product","link":"https:\/\/stylingagenten.com\/da\/produkt\/cosrx-full-fit-propolis-honey-overnight-mask-60ml\/","title":{"rendered":"COSRX Full Fit Propolis Honey Overnight Mask 60ml"},"content":{"rendered":"<p>COSRX Full Fit Propolis Honey Overnight Mask 60ml<br \/>Full Fit Propolis Honey Overnight Mask er en let, k\u00f8lende maske med propolisekstrakt og naturlig bivoks. Den har en beroligende, forfriskende effekt og reducerer r\u00f8dme. Den har en behagelig gelkonsistens, der hurtigt absorberes af huden. K\u00f8ler solskoldet eller opvarmet hud. Dette er et multifunktionelt produkt, der kan bruges som rensemiddel, fugt\/natmaske eller fugtighedscreme. Indeholder hele 87,26 % propolisekstrakt, som har en dybdehelende effekt og giver nyt liv til tr\u00e6t og mat hud.<\/p>\n<p>Lavet med f\u00e5 og ikke-irriterende ingredienser for at v\u00e6re mild og blid. Hypoallergen og dermatologisk testet. Fri for parabener, sulfater, alkohol og mineralolier. Indeholder ingen kunstige dufte, men kan have en let duft fra dets unikke ingredienser.<br \/>Velegnet til alle hudtyper, specielt formuleret til fedtet, fedtet og akneudsat hud. Til t\u00f8r og kombineret hud, brug i stedet COSRX Ultra Nourishing Rice Overnight Spa Mask.<\/p>\n","protected":false},"excerpt":{"rendered":"<p>COSRX Full Fit Propolis Honey Overnight Mask 60mlFull Fit Propolis Honey Overnight Mask er en let, k\u00f8lende maske med propolisekstrakt og naturlig bivoks. Den har en beroligende, forfriskende effekt og reducerer r\u00f8dme. Den har en behagelig gelkonsistens, der hurtigt absorberes af huden. K\u00f8ler solskoldet eller opvarmet hud. Dette er et multifunktionelt produkt, der kan bruges [&hellip;]<\/p>\n","protected":false},"featured_media":113488,"comment_status":"open","ping_status":"closed","template":"","meta":{"_trash_the_other_posts":false},"product_brand":[],"product_cat":[594,1001],"product_tag":[],"berocket_brand":[1396],"class_list":{"0":"post-113508","1":"product","2":"type-product","3":"status-publish","4":"has-post-thumbnail","6":"product_cat-ansigtsmaske","7":"product_cat-k-beauty","8":"pa_brand-cosrx","9":"berocket_brand-cosrx","11":"first","12":"instock","13":"sale","14":"taxable","15":"shipping-taxable","16":"purchasable","17":"product-type-simple"},"_links":{"self":[{"href":"https:\/\/stylingagenten.com\/da\/wp-json\/wp\/v2\/product\/113508","targetHints":{"allow":["GET"]}}],"collection":[{"href":"https:\/\/stylingagenten.com\/da\/wp-json\/wp\/v2\/product"}],"about":[{"href":"https:\/\/stylingagenten.com\/da\/wp-json\/wp\/v2\/types\/product"}],"replies":[{"embeddable":true,"href":"https:\/\/stylingagenten.com\/da\/wp-json\/wp\/v2\/comments?post=113508"}],"version-history":[{"count":0,"href":"https:\/\/stylingagenten.com\/da\/wp-json\/wp\/v2\/product\/113508\/revisions"}],"wp:featuredmedia":[{"embeddable":true,"href":"https:\/\/stylingagenten.com\/da\/wp-json\/wp\/v2\/media\/113488"}],"wp:attachment":[{"href":"https:\/\/stylingagenten.com\/da\/wp-json\/wp\/v2\/media?parent=113508"}],"wp:term":[{"taxonomy":"product_brand","embeddable":true,"href":"https:\/\/stylingagenten.com\/da\/wp-json\/wp\/v2\/product_brand?post=113508"},{"taxonomy":"product_cat","embeddable":true,"href":"https:\/\/stylingagenten.com\/da\/wp-json\/wp\/v2\/product_cat?post=113508"},{"taxonomy":"product_tag","embeddable":true,"href":"https:\/\/stylingagenten.com\/da\/wp-json\/wp\/v2\/product_tag?post=113508"},{"taxonomy":"berocket_brand","embeddable":true,"href":"https:\/\/stylingagenten.com\/da\/wp-json\/wp\/v2\/berocket_brand?post=113508"}],"curies":[{"name":"wp","href":"https:\/\/api.w.org\/{rel}","templated":true}]}}