{"id":113503,"date":"2025-05-18T21:02:01","date_gmt":"2025-05-18T21:02:01","guid":{"rendered":"https:\/\/staging2.stylingagenten.com\/da\/produkt\/klairs-freshly-juiced-vitamin-e-mask-90ml\/"},"modified":"2026-03-15T18:57:49","modified_gmt":"2026-03-15T18:57:49","slug":"klairs-freshly-juiced-vitamin-e-mask-90ml","status":"publish","type":"product","link":"https:\/\/stylingagenten.com\/da\/produkt\/klairs-freshly-juiced-vitamin-e-mask-90ml\/","title":{"rendered":"Klairs Freshly Juiced Vitamin E Mask 90ml"},"content":{"rendered":"<p>Klairs Freshly Juiced Vitamin E Mask 90ml<br \/>Freshly Juiced Vitamin E Mask er et multifunktionelt produkt, der kan bruges som fugtmaske, natmaske eller som dagcreme.<br \/>Hvordan virker det? Freshly Juiced Vitamin E Mask er formuleret med tre forskellige ingredienser, der alle hj\u00e6lper huden p\u00e5 forskellige m\u00e5der.<br \/>&#8211; Vitamin E \u2013 Forhindrer sm\u00e5 partikler udefra i at tr\u00e6nge ind i huden, hvilket kan give rynker. E-vitamin har ogs\u00e5 bl\u00f8dg\u00f8rende egenskaber, samtidig med at det reducerer inflammation og beskytter huden mod solskader.<br \/>&#8211; Niacinamid er en fantastisk ingrediens til dem med fedtet, akne-tilb\u00f8jelig hud og arbejder p\u00e5 at balancere talgproduktionen, mens det stabiliserer C-vitamin, som booster effekten af vitamin c-produkter.<br \/>&#8211; Adenosin. Dette er et stof, der findes i alle celler i vores krop, og som styrker vores hud ved at fremme kollagenproduktionen. Det har ogs\u00e5 anti-inflammatoriske egenskaber, hvilket g\u00f8r det effektivt til s\u00e5rheling og hudregenerering. Det forbedrer ogs\u00e5 acne for\u00e5rsaget af fedtet hud.<br \/>Perfekt til dem, der \u00f8nsker at forhindre hudens aldring og arbejde p\u00e5 fine linjer og f\u00e5 en j\u00e6vn hudtone. Velegnet til alle hudtyper, ogs\u00e5 den mest f\u00f8lsomme.<\/p>\n","protected":false},"excerpt":{"rendered":"<p>Klairs Freshly Juiced Vitamin E Mask 90mlFreshly Juiced Vitamin E Mask er et multifunktionelt produkt, der kan bruges som fugtmaske, natmaske eller som dagcreme.Hvordan virker det? Freshly Juiced Vitamin E Mask er formuleret med tre forskellige ingredienser, der alle hj\u00e6lper huden p\u00e5 forskellige m\u00e5der.&#8211; Vitamin E \u2013 Forhindrer sm\u00e5 partikler udefra i at tr\u00e6nge ind [&hellip;]<\/p>\n","protected":false},"featured_media":113483,"comment_status":"open","ping_status":"closed","template":"","meta":{"_trash_the_other_posts":false},"product_brand":[],"product_cat":[594,1001],"product_tag":[3126],"berocket_brand":[1397],"class_list":{"0":"post-113503","1":"product","2":"type-product","3":"status-publish","4":"has-post-thumbnail","6":"product_cat-ansigtsmaske","7":"product_cat-k-beauty","8":"product_tag-klairs-freshly-juiced-vitamin-e-mask","9":"pa_brand-klairs","10":"pa_variant-90ml","11":"berocket_brand-klairs","13":"first","14":"instock","15":"sale","16":"taxable","17":"shipping-taxable","18":"purchasable","19":"product-type-simple"},"_links":{"self":[{"href":"https:\/\/stylingagenten.com\/da\/wp-json\/wp\/v2\/product\/113503","targetHints":{"allow":["GET"]}}],"collection":[{"href":"https:\/\/stylingagenten.com\/da\/wp-json\/wp\/v2\/product"}],"about":[{"href":"https:\/\/stylingagenten.com\/da\/wp-json\/wp\/v2\/types\/product"}],"replies":[{"embeddable":true,"href":"https:\/\/stylingagenten.com\/da\/wp-json\/wp\/v2\/comments?post=113503"}],"version-history":[{"count":0,"href":"https:\/\/stylingagenten.com\/da\/wp-json\/wp\/v2\/product\/113503\/revisions"}],"wp:featuredmedia":[{"embeddable":true,"href":"https:\/\/stylingagenten.com\/da\/wp-json\/wp\/v2\/media\/113483"}],"wp:attachment":[{"href":"https:\/\/stylingagenten.com\/da\/wp-json\/wp\/v2\/media?parent=113503"}],"wp:term":[{"taxonomy":"product_brand","embeddable":true,"href":"https:\/\/stylingagenten.com\/da\/wp-json\/wp\/v2\/product_brand?post=113503"},{"taxonomy":"product_cat","embeddable":true,"href":"https:\/\/stylingagenten.com\/da\/wp-json\/wp\/v2\/product_cat?post=113503"},{"taxonomy":"product_tag","embeddable":true,"href":"https:\/\/stylingagenten.com\/da\/wp-json\/wp\/v2\/product_tag?post=113503"},{"taxonomy":"berocket_brand","embeddable":true,"href":"https:\/\/stylingagenten.com\/da\/wp-json\/wp\/v2\/berocket_brand?post=113503"}],"curies":[{"name":"wp","href":"https:\/\/api.w.org\/{rel}","templated":true}]}}