{"id":113457,"date":"2025-05-18T21:01:48","date_gmt":"2025-05-18T21:01:48","guid":{"rendered":"https:\/\/staging2.stylingagenten.com\/da\/produkt\/im-from-mugwort-mask-110g\/"},"modified":"2025-12-18T21:43:55","modified_gmt":"2025-12-18T21:43:55","slug":"im-from-mugwort-mask-110g","status":"publish","type":"product","link":"https:\/\/stylingagenten.com\/da\/produkt\/im-from-mugwort-mask-110g\/","title":{"rendered":"I&#8217;m From Mugwort Mask 110g"},"content":{"rendered":"<p>Dette er en gelmaske, der indeholder bynke (Mal\u00f6rt p\u00e5 svensk) fra \u00f8en Ganghwa. Det er en ingrediens, der beskytter f\u00f8lsom og acneudsat hud. Den giver hurtig lindring til beskadiget, irriteret hud og hj\u00e6lper med en frisk, forfriskende f\u00f8lelse.<\/p>\n<p>Den st\u00e6rkt koncentrerede gelformel bevarer de aktive ingredienser fra planteekstrakter og hj\u00e6lper med dets fordele direkte p\u00e5 huden. Denne maske har en beroligende effekt og giver en behagelig, k\u00f8lende effekt. Indeholder ekstrakt fra Centella Asiatica som er kendt for sine virkninger og behandler f\u00f8lsom og irriteret hud meget effektivt. Ved brug i l\u00f8bet af dagen anbefales det at p\u00e5f\u00f8re SPF 15 eller h\u00f8jere efterf\u00f8lgende.<\/p>\n","protected":false},"excerpt":{"rendered":"<p>Dette er en gelmaske, der indeholder bynke (Mal\u00f6rt p\u00e5 svensk) fra \u00f8en Ganghwa. Det er en ingrediens, der beskytter f\u00f8lsom og acneudsat hud. Den giver hurtig lindring til beskadiget, irriteret hud og hj\u00e6lper med en frisk, forfriskende f\u00f8lelse. Den st\u00e6rkt koncentrerede gelformel bevarer de aktive ingredienser fra planteekstrakter og hj\u00e6lper med dets fordele direkte p\u00e5 [&hellip;]<\/p>\n","protected":false},"featured_media":113452,"comment_status":"open","ping_status":"closed","template":"","meta":{"_trash_the_other_posts":false},"product_brand":[],"product_cat":[594,1001],"product_tag":[],"berocket_brand":[1407],"class_list":{"0":"post-113457","1":"product","2":"type-product","3":"status-publish","4":"has-post-thumbnail","6":"product_cat-ansigtsmaske","7":"product_cat-k-beauty","8":"pa_brand-im-from","9":"berocket_brand-im-from","11":"first","12":"instock","13":"sale","14":"taxable","15":"shipping-taxable","16":"purchasable","17":"product-type-simple"},"_links":{"self":[{"href":"https:\/\/stylingagenten.com\/da\/wp-json\/wp\/v2\/product\/113457","targetHints":{"allow":["GET"]}}],"collection":[{"href":"https:\/\/stylingagenten.com\/da\/wp-json\/wp\/v2\/product"}],"about":[{"href":"https:\/\/stylingagenten.com\/da\/wp-json\/wp\/v2\/types\/product"}],"replies":[{"embeddable":true,"href":"https:\/\/stylingagenten.com\/da\/wp-json\/wp\/v2\/comments?post=113457"}],"version-history":[{"count":0,"href":"https:\/\/stylingagenten.com\/da\/wp-json\/wp\/v2\/product\/113457\/revisions"}],"wp:featuredmedia":[{"embeddable":true,"href":"https:\/\/stylingagenten.com\/da\/wp-json\/wp\/v2\/media\/113452"}],"wp:attachment":[{"href":"https:\/\/stylingagenten.com\/da\/wp-json\/wp\/v2\/media?parent=113457"}],"wp:term":[{"taxonomy":"product_brand","embeddable":true,"href":"https:\/\/stylingagenten.com\/da\/wp-json\/wp\/v2\/product_brand?post=113457"},{"taxonomy":"product_cat","embeddable":true,"href":"https:\/\/stylingagenten.com\/da\/wp-json\/wp\/v2\/product_cat?post=113457"},{"taxonomy":"product_tag","embeddable":true,"href":"https:\/\/stylingagenten.com\/da\/wp-json\/wp\/v2\/product_tag?post=113457"},{"taxonomy":"berocket_brand","embeddable":true,"href":"https:\/\/stylingagenten.com\/da\/wp-json\/wp\/v2\/berocket_brand?post=113457"}],"curies":[{"name":"wp","href":"https:\/\/api.w.org\/{rel}","templated":true}]}}