{"id":113397,"date":"2025-05-18T21:01:33","date_gmt":"2025-05-18T21:01:33","guid":{"rendered":"https:\/\/staging2.stylingagenten.com\/da\/produkt\/cosrx-master-patch-x-large-10-patches\/"},"modified":"2025-12-18T21:40:12","modified_gmt":"2025-12-18T21:40:12","slug":"cosrx-master-patch-x-large-10-patches","status":"publish","type":"product","link":"https:\/\/stylingagenten.com\/da\/produkt\/cosrx-master-patch-x-large-10-patches\/","title":{"rendered":"COSRX Master Patch X-Large 10 Patches"},"content":{"rendered":"<p>COSRX Master Patch X-Large er acne-plastre, der behandler st\u00f8rre omr\u00e5der med urenheder og bumser. Med en st\u00f8rrelse p\u00e5 30 x 60 mm kan du bruge \u00e9t plaster til at d\u00e6kke et omr\u00e5de med flere bumser. Plastrene er lavet af hudvenligt hydrokolloidmateriale, der tr\u00e6kker bakterier og snavs ud af bumsen og beroliger huden.<br \/>\n<br \/>COSRX Master Patch X-Large indeholder niacinamid, som hj\u00e6lper med at behandle og forebygge bumser. Morgenen efter brug vil bumsen v\u00e6re markant mindre, og huden heler hurtigere uden at efterlade ar. Dette fremmer en ren og klar hud.<\/p>\n<p>En pakke indeholder 10 plastre.<\/p>\n","protected":false},"excerpt":{"rendered":"<p>COSRX Master Patch X-Large er acne-plastre, der behandler st\u00f8rre omr\u00e5der med urenheder og bumser. Med en st\u00f8rrelse p\u00e5 30 x 60 mm kan du bruge \u00e9t plaster til at d\u00e6kke et omr\u00e5de med flere bumser. Plastrene er lavet af hudvenligt hydrokolloidmateriale, der tr\u00e6kker bakterier og snavs ud af bumsen og beroliger huden. COSRX Master Patch [&hellip;]<\/p>\n","protected":false},"featured_media":113381,"comment_status":"open","ping_status":"closed","template":"","meta":{"_trash_the_other_posts":false},"product_brand":[],"product_cat":[594,1001],"product_tag":[],"berocket_brand":[1396],"class_list":{"0":"post-113397","1":"product","2":"type-product","3":"status-publish","4":"has-post-thumbnail","6":"product_cat-ansigtsmaske","7":"product_cat-k-beauty","8":"pa_brand-cosrx","9":"berocket_brand-cosrx","11":"first","12":"instock","13":"sale","14":"taxable","15":"shipping-taxable","16":"purchasable","17":"product-type-simple"},"_links":{"self":[{"href":"https:\/\/stylingagenten.com\/da\/wp-json\/wp\/v2\/product\/113397","targetHints":{"allow":["GET"]}}],"collection":[{"href":"https:\/\/stylingagenten.com\/da\/wp-json\/wp\/v2\/product"}],"about":[{"href":"https:\/\/stylingagenten.com\/da\/wp-json\/wp\/v2\/types\/product"}],"replies":[{"embeddable":true,"href":"https:\/\/stylingagenten.com\/da\/wp-json\/wp\/v2\/comments?post=113397"}],"version-history":[{"count":0,"href":"https:\/\/stylingagenten.com\/da\/wp-json\/wp\/v2\/product\/113397\/revisions"}],"wp:featuredmedia":[{"embeddable":true,"href":"https:\/\/stylingagenten.com\/da\/wp-json\/wp\/v2\/media\/113381"}],"wp:attachment":[{"href":"https:\/\/stylingagenten.com\/da\/wp-json\/wp\/v2\/media?parent=113397"}],"wp:term":[{"taxonomy":"product_brand","embeddable":true,"href":"https:\/\/stylingagenten.com\/da\/wp-json\/wp\/v2\/product_brand?post=113397"},{"taxonomy":"product_cat","embeddable":true,"href":"https:\/\/stylingagenten.com\/da\/wp-json\/wp\/v2\/product_cat?post=113397"},{"taxonomy":"product_tag","embeddable":true,"href":"https:\/\/stylingagenten.com\/da\/wp-json\/wp\/v2\/product_tag?post=113397"},{"taxonomy":"berocket_brand","embeddable":true,"href":"https:\/\/stylingagenten.com\/da\/wp-json\/wp\/v2\/berocket_brand?post=113397"}],"curies":[{"name":"wp","href":"https:\/\/api.w.org\/{rel}","templated":true}]}}