{"id":113068,"date":"2025-05-18T21:00:44","date_gmt":"2025-05-18T21:00:44","guid":{"rendered":"https:\/\/staging2.stylingagenten.com\/da\/produkt\/filorga-oxygen-glow-cream-50-ml\/"},"modified":"2026-04-14T07:09:32","modified_gmt":"2026-04-14T07:09:32","slug":"filorga-oxygen-glow-cream-50-ml","status":"publish","type":"product","link":"https:\/\/stylingagenten.com\/da\/produkt\/filorga-oxygen-glow-cream-50-ml\/","title":{"rendered":"Filorga Oxygen-Glow Cream 50 ml"},"content":{"rendered":"<p>Creme, der booster udstr\u00e5ling, til naturlig smuk hud. Fugter, bl\u00f8dg\u00f8r, udj\u00e6vner hudoverfladen og hudtonen og afgifter huden. En kombination af en energigivende iltbooster, fugtgivende og volumengivende hyaluronsyre og dr\u00e6nende L-enzym giver en fejlfri hud hver dag. Velegnet til alle hudtyper, uj\u00e6vn hudoverflade og fugtfattig hud.<\/p>\n<p>-Afgifter huden og giver en \u00f8jeblikkelig gl\u00f8d<br \/>-&Aring;fugter og bl\u00f8dg\u00f8r<br \/> -J\u00e6vner hudoverfladen og hudtonen <\/p>\n","protected":false},"excerpt":{"rendered":"<p>Creme, der booster udstr\u00e5ling, til naturlig smuk hud. Fugter, bl\u00f8dg\u00f8r, udj\u00e6vner hudoverfladen og hudtonen og afgifter huden. En kombination af en energigivende iltbooster, fugtgivende og volumengivende hyaluronsyre og dr\u00e6nende L-enzym giver en fejlfri hud hver dag. Velegnet til alle hudtyper, uj\u00e6vn hudoverflade og fugtfattig hud. -Afgifter huden og giver en \u00f8jeblikkelig gl\u00f8d-&Aring;fugter og bl\u00f8dg\u00f8r -J\u00e6vner [&hellip;]<\/p>\n","protected":false},"featured_media":113041,"comment_status":"open","ping_status":"closed","template":"","meta":{"_trash_the_other_posts":false},"product_brand":[],"product_cat":[559],"product_tag":[],"berocket_brand":[1317],"class_list":{"0":"post-113068","1":"product","2":"type-product","3":"status-publish","4":"has-post-thumbnail","6":"product_cat-kasvovoide","7":"pa_brand-filorga","8":"berocket_brand-filorga","10":"first","11":"instock","12":"sale","13":"taxable","14":"shipping-taxable","15":"purchasable","16":"product-type-simple"},"_links":{"self":[{"href":"https:\/\/stylingagenten.com\/da\/wp-json\/wp\/v2\/product\/113068","targetHints":{"allow":["GET"]}}],"collection":[{"href":"https:\/\/stylingagenten.com\/da\/wp-json\/wp\/v2\/product"}],"about":[{"href":"https:\/\/stylingagenten.com\/da\/wp-json\/wp\/v2\/types\/product"}],"replies":[{"embeddable":true,"href":"https:\/\/stylingagenten.com\/da\/wp-json\/wp\/v2\/comments?post=113068"}],"version-history":[{"count":0,"href":"https:\/\/stylingagenten.com\/da\/wp-json\/wp\/v2\/product\/113068\/revisions"}],"wp:featuredmedia":[{"embeddable":true,"href":"https:\/\/stylingagenten.com\/da\/wp-json\/wp\/v2\/media\/113041"}],"wp:attachment":[{"href":"https:\/\/stylingagenten.com\/da\/wp-json\/wp\/v2\/media?parent=113068"}],"wp:term":[{"taxonomy":"product_brand","embeddable":true,"href":"https:\/\/stylingagenten.com\/da\/wp-json\/wp\/v2\/product_brand?post=113068"},{"taxonomy":"product_cat","embeddable":true,"href":"https:\/\/stylingagenten.com\/da\/wp-json\/wp\/v2\/product_cat?post=113068"},{"taxonomy":"product_tag","embeddable":true,"href":"https:\/\/stylingagenten.com\/da\/wp-json\/wp\/v2\/product_tag?post=113068"},{"taxonomy":"berocket_brand","embeddable":true,"href":"https:\/\/stylingagenten.com\/da\/wp-json\/wp\/v2\/berocket_brand?post=113068"}],"curies":[{"name":"wp","href":"https:\/\/api.w.org\/{rel}","templated":true}]}}