{"id":112860,"date":"2025-05-18T21:00:15","date_gmt":"2025-05-18T21:00:15","guid":{"rendered":"https:\/\/staging2.stylingagenten.com\/da\/produkt\/klairs-midnight-blue-calming-cream-60ml\/"},"modified":"2026-01-12T08:18:00","modified_gmt":"2026-01-12T08:18:00","slug":"klairs-midnight-blue-calming-cream-60ml","status":"publish","type":"product","link":"https:\/\/stylingagenten.com\/da\/produkt\/klairs-midnight-blue-calming-cream-60ml\/","title":{"rendered":"Klairs Midnight Blue Calming Cream 60ml"},"content":{"rendered":"<p>Klairs Midnight Blue Calming Cream 60ml <br \/>Denne creme beskytter huden, fornyer hudceller og beroliger og beroliger ekstremt irriteret, stresset hud. I mods\u00e6tning til almindelige bl\u00f8dg\u00f8rende cremer kommer en lille m\u00e6ngde langt takket v\u00e6re den meget koncentrerede formel. Kan perfekt bruges som pletbehandling p\u00e5 dine mest problematiske omr\u00e5der, men kan ogs\u00e5 bruges i hele ansigtet. <\/p>\n<p>Cremen fungerer som et tyndt, beskyttende lag og \u00f8ger cellefornyelsen i huden, selv n\u00e5r du bruger den under makeup. <\/p>\n<p>\u2022 Guajazulen, er en plantebaseret komponent udvundet af kamilleolie, virker beroligende og reparerende p\u00e5 huden, genopbygger beskadiget hud og giver lindring. <\/p>\n<p>\u2022 Guajazul giver cremen en naturlig bl\u00e5 farve. <\/p>\n<p>\u2022 Centella Asiatica letter cellefornyelsen og forhindrer ardannelse og hyperpigmentering. Perfekt til fedtet, acne-tilb\u00f8jelige og f\u00f8lsomme hudtyper. <\/p>\n<p>Denne creme kan med fordel bruges til at lindre solskoldet hud, efter barbering og poret\u00f8mning eller efter laserbehandling.<\/p>\n","protected":false},"excerpt":{"rendered":"<p>Klairs Midnight Blue Calming Cream 60ml Denne creme beskytter huden, fornyer hudceller og beroliger og beroliger ekstremt irriteret, stresset hud. I mods\u00e6tning til almindelige bl\u00f8dg\u00f8rende cremer kommer en lille m\u00e6ngde langt takket v\u00e6re den meget koncentrerede formel. Kan perfekt bruges som pletbehandling p\u00e5 dine mest problematiske omr\u00e5der, men kan ogs\u00e5 bruges i hele ansigtet. Cremen [&hellip;]<\/p>\n","protected":false},"featured_media":112847,"comment_status":"open","ping_status":"closed","template":"","meta":{"_trash_the_other_posts":false},"product_brand":[],"product_cat":[559,1001],"product_tag":[3127],"berocket_brand":[1397],"class_list":{"0":"post-112860","1":"product","2":"type-product","3":"status-publish","4":"has-post-thumbnail","6":"product_cat-kasvovoide","7":"product_cat-k-beauty","8":"product_tag-klairs-midnight-blue-calming-cream","9":"pa_brand-klairs","10":"pa_variant-60ml","11":"berocket_brand-klairs","13":"first","14":"instock","15":"sale","16":"taxable","17":"shipping-taxable","18":"purchasable","19":"product-type-simple"},"_links":{"self":[{"href":"https:\/\/stylingagenten.com\/da\/wp-json\/wp\/v2\/product\/112860","targetHints":{"allow":["GET"]}}],"collection":[{"href":"https:\/\/stylingagenten.com\/da\/wp-json\/wp\/v2\/product"}],"about":[{"href":"https:\/\/stylingagenten.com\/da\/wp-json\/wp\/v2\/types\/product"}],"replies":[{"embeddable":true,"href":"https:\/\/stylingagenten.com\/da\/wp-json\/wp\/v2\/comments?post=112860"}],"version-history":[{"count":0,"href":"https:\/\/stylingagenten.com\/da\/wp-json\/wp\/v2\/product\/112860\/revisions"}],"wp:featuredmedia":[{"embeddable":true,"href":"https:\/\/stylingagenten.com\/da\/wp-json\/wp\/v2\/media\/112847"}],"wp:attachment":[{"href":"https:\/\/stylingagenten.com\/da\/wp-json\/wp\/v2\/media?parent=112860"}],"wp:term":[{"taxonomy":"product_brand","embeddable":true,"href":"https:\/\/stylingagenten.com\/da\/wp-json\/wp\/v2\/product_brand?post=112860"},{"taxonomy":"product_cat","embeddable":true,"href":"https:\/\/stylingagenten.com\/da\/wp-json\/wp\/v2\/product_cat?post=112860"},{"taxonomy":"product_tag","embeddable":true,"href":"https:\/\/stylingagenten.com\/da\/wp-json\/wp\/v2\/product_tag?post=112860"},{"taxonomy":"berocket_brand","embeddable":true,"href":"https:\/\/stylingagenten.com\/da\/wp-json\/wp\/v2\/berocket_brand?post=112860"}],"curies":[{"name":"wp","href":"https:\/\/api.w.org\/{rel}","templated":true}]}}