{"id":112837,"date":"2025-05-18T21:00:12","date_gmt":"2025-05-18T21:00:12","guid":{"rendered":"https:\/\/staging2.stylingagenten.com\/da\/produkt\/cosrx-the-retinol-0-1-cream-20ml\/"},"modified":"2025-11-19T12:19:25","modified_gmt":"2025-11-19T12:19:25","slug":"cosrx-the-retinol-0-1-cream-20ml","status":"publish","type":"product","link":"https:\/\/stylingagenten.com\/da\/produkt\/cosrx-the-retinol-0-1-cream-20ml\/","title":{"rendered":"COSRX The Retinol 0.1 Cream 20ml"},"content":{"rendered":"<p>COSRX The Retinol 0.1 Cream 20ml<br \/>Bek\u00e6mp \u00e6ldningstegnene med denne kraftfulde ansigtscreme, der indeholder 0,1 % ren retinol for at \u00f8ge hudens elasticitet, reducere rynker og genoprette hudens udstr\u00e5ling. Ansigtscremen indeholder ogs\u00e5 panthenol for at reducere irritation, adenosin for at modvirke slap hud og tocotrienol (en form for E-vitamin) for at afv\u00e6rge frie radikaler.<br \/>\u2022Indeholder 0,1% retinol for at genoprette hudens elasticitet.<br \/>\u2022Pakket med aktive ingredienser som retinol, panthenol, adenosin og tocotrienol.<br \/>\u2022Hj\u00e6lper med at udglatte rynker og fine linjer.<\/p>\n","protected":false},"excerpt":{"rendered":"<p>COSRX The Retinol 0.1 Cream 20mlBek\u00e6mp \u00e6ldningstegnene med denne kraftfulde ansigtscreme, der indeholder 0,1 % ren retinol for at \u00f8ge hudens elasticitet, reducere rynker og genoprette hudens udstr\u00e5ling. Ansigtscremen indeholder ogs\u00e5 panthenol for at reducere irritation, adenosin for at modvirke slap hud og tocotrienol (en form for E-vitamin) for at afv\u00e6rge frie radikaler.\u2022Indeholder 0,1% retinol [&hellip;]<\/p>\n","protected":false},"featured_media":112824,"comment_status":"open","ping_status":"closed","template":"","meta":{"_trash_the_other_posts":false},"product_brand":[],"product_cat":[559,1001],"product_tag":[],"berocket_brand":[1396],"class_list":{"0":"post-112837","1":"product","2":"type-product","3":"status-publish","4":"has-post-thumbnail","6":"product_cat-kasvovoide","7":"product_cat-k-beauty","8":"pa_brand-cosrx","9":"berocket_brand-cosrx","11":"first","12":"outofstock","13":"sale","14":"taxable","15":"shipping-taxable","16":"purchasable","17":"product-type-simple"},"_links":{"self":[{"href":"https:\/\/stylingagenten.com\/da\/wp-json\/wp\/v2\/product\/112837","targetHints":{"allow":["GET"]}}],"collection":[{"href":"https:\/\/stylingagenten.com\/da\/wp-json\/wp\/v2\/product"}],"about":[{"href":"https:\/\/stylingagenten.com\/da\/wp-json\/wp\/v2\/types\/product"}],"replies":[{"embeddable":true,"href":"https:\/\/stylingagenten.com\/da\/wp-json\/wp\/v2\/comments?post=112837"}],"version-history":[{"count":0,"href":"https:\/\/stylingagenten.com\/da\/wp-json\/wp\/v2\/product\/112837\/revisions"}],"wp:featuredmedia":[{"embeddable":true,"href":"https:\/\/stylingagenten.com\/da\/wp-json\/wp\/v2\/media\/112824"}],"wp:attachment":[{"href":"https:\/\/stylingagenten.com\/da\/wp-json\/wp\/v2\/media?parent=112837"}],"wp:term":[{"taxonomy":"product_brand","embeddable":true,"href":"https:\/\/stylingagenten.com\/da\/wp-json\/wp\/v2\/product_brand?post=112837"},{"taxonomy":"product_cat","embeddable":true,"href":"https:\/\/stylingagenten.com\/da\/wp-json\/wp\/v2\/product_cat?post=112837"},{"taxonomy":"product_tag","embeddable":true,"href":"https:\/\/stylingagenten.com\/da\/wp-json\/wp\/v2\/product_tag?post=112837"},{"taxonomy":"berocket_brand","embeddable":true,"href":"https:\/\/stylingagenten.com\/da\/wp-json\/wp\/v2\/berocket_brand?post=112837"}],"curies":[{"name":"wp","href":"https:\/\/api.w.org\/{rel}","templated":true}]}}