{"id":112827,"date":"2025-05-18T21:00:11","date_gmt":"2025-05-18T21:00:11","guid":{"rendered":"https:\/\/staging2.stylingagenten.com\/da\/produkt\/cosrx-oil-free-ultra-moisturizing-lotion-100ml\/"},"modified":"2025-12-24T21:56:46","modified_gmt":"2025-12-24T21:56:46","slug":"cosrx-oil-free-ultra-moisturizing-lotion-100ml","status":"publish","type":"product","link":"https:\/\/stylingagenten.com\/da\/produkt\/cosrx-oil-free-ultra-moisturizing-lotion-100ml\/","title":{"rendered":"COSRX Oil Free Ultra Moisturizing Lotion 100ml"},"content":{"rendered":"<p>COSRX Oil Free Ultra Moisturizing Lotion 100ml<br \/>Dette er en let, men yderst fugtgivende creme, der passer til alle hudtyper. Den har en let og fedtet konsistens (uden at indeholde specifik olie), som hurtigt absorberes i huden uden at efterlade nogen kl\u00e6brig f\u00f8lelse, hvilket g\u00f8r den perfekt selv til en mere fedtet hud. Indeholder birkesaft, der effektivt genopretter fugt og bevarer hudens evne til at fugte, hvilket g\u00f8r den meget velegnet selv til t\u00f8r hud. Efterlader huden frisk, bl\u00f8d og silkebl\u00f8d.<br \/>Simpel og hygiejnisk pumpeflaske, der g\u00f8r doseringen nem. <br \/>Allergivenlig og dermatologisk testet. Fri for parabener, sulfater, alkohol og mineralolier. Indeholder ingen kunstige dufte, men kan dog have en let duft fra dets unikke ingredienser. Dette produkt er ogs\u00e5 helt vegansk.<\/p>\n","protected":false},"excerpt":{"rendered":"<p>COSRX Oil Free Ultra Moisturizing Lotion 100mlDette er en let, men yderst fugtgivende creme, der passer til alle hudtyper. Den har en let og fedtet konsistens (uden at indeholde specifik olie), som hurtigt absorberes i huden uden at efterlade nogen kl\u00e6brig f\u00f8lelse, hvilket g\u00f8r den perfekt selv til en mere fedtet hud. Indeholder birkesaft, der [&hellip;]<\/p>\n","protected":false},"featured_media":112816,"comment_status":"open","ping_status":"closed","template":"","meta":{"_trash_the_other_posts":false},"product_brand":[],"product_cat":[559,1001],"product_tag":[],"berocket_brand":[1396],"class_list":{"0":"post-112827","1":"product","2":"type-product","3":"status-publish","4":"has-post-thumbnail","6":"product_cat-kasvovoide","7":"product_cat-k-beauty","8":"pa_brand-cosrx","9":"berocket_brand-cosrx","11":"first","12":"instock","13":"sale","14":"taxable","15":"shipping-taxable","16":"purchasable","17":"product-type-simple"},"_links":{"self":[{"href":"https:\/\/stylingagenten.com\/da\/wp-json\/wp\/v2\/product\/112827","targetHints":{"allow":["GET"]}}],"collection":[{"href":"https:\/\/stylingagenten.com\/da\/wp-json\/wp\/v2\/product"}],"about":[{"href":"https:\/\/stylingagenten.com\/da\/wp-json\/wp\/v2\/types\/product"}],"replies":[{"embeddable":true,"href":"https:\/\/stylingagenten.com\/da\/wp-json\/wp\/v2\/comments?post=112827"}],"version-history":[{"count":0,"href":"https:\/\/stylingagenten.com\/da\/wp-json\/wp\/v2\/product\/112827\/revisions"}],"wp:featuredmedia":[{"embeddable":true,"href":"https:\/\/stylingagenten.com\/da\/wp-json\/wp\/v2\/media\/112816"}],"wp:attachment":[{"href":"https:\/\/stylingagenten.com\/da\/wp-json\/wp\/v2\/media?parent=112827"}],"wp:term":[{"taxonomy":"product_brand","embeddable":true,"href":"https:\/\/stylingagenten.com\/da\/wp-json\/wp\/v2\/product_brand?post=112827"},{"taxonomy":"product_cat","embeddable":true,"href":"https:\/\/stylingagenten.com\/da\/wp-json\/wp\/v2\/product_cat?post=112827"},{"taxonomy":"product_tag","embeddable":true,"href":"https:\/\/stylingagenten.com\/da\/wp-json\/wp\/v2\/product_tag?post=112827"},{"taxonomy":"berocket_brand","embeddable":true,"href":"https:\/\/stylingagenten.com\/da\/wp-json\/wp\/v2\/berocket_brand?post=112827"}],"curies":[{"name":"wp","href":"https:\/\/api.w.org\/{rel}","templated":true}]}}