{"id":112779,"date":"2025-05-18T21:00:02","date_gmt":"2025-05-18T21:00:02","guid":{"rendered":"https:\/\/staging2.stylingagenten.com\/da\/produkt\/make-prem-safe-me-relief-watery-cream-80ml\/"},"modified":"2025-12-18T21:50:30","modified_gmt":"2025-12-18T21:50:30","slug":"make-prem-safe-me-relief-watery-cream-80ml","status":"publish","type":"product","link":"https:\/\/stylingagenten.com\/da\/produkt\/make-prem-safe-me-relief-watery-cream-80ml\/","title":{"rendered":"Make P:rem Safe Me. Relief Watery Cream 80ml"},"content":{"rendered":"<p>En fugtighedscreme til daglig brug, velegnet til b\u00e5de fedtet og t\u00f8r hud. Tr\u00e6nger hurtigt ind i huden og giver en dejlig k\u00f8lende fornemmelse p\u00e5 huden. Har en let gel-lignende tekstur, der giver hurtig hydrering.<\/p>\n<p>Indeholder 80 % Opuntia Ficus-Indica (Cactus) stammeekstrakt fra Jeju-\u00f8erne, hyaluronsyre og panthenol, der giver \u00f8jeblikkelig hydrering og beroliger irriteret hud. Virker ogs\u00e5 aktivt for at styrke hudbarrieren.<\/p>\n<p>Kan ogs\u00e5 bruges p\u00e5 kroppen.<\/p>\n<p>Helt fri for silikoner, parabener, mineralolie og syntetiske dufte<\/p>\n","protected":false},"excerpt":{"rendered":"<p>En fugtighedscreme til daglig brug, velegnet til b\u00e5de fedtet og t\u00f8r hud. Tr\u00e6nger hurtigt ind i huden og giver en dejlig k\u00f8lende fornemmelse p\u00e5 huden. Har en let gel-lignende tekstur, der giver hurtig hydrering. Indeholder 80 % Opuntia Ficus-Indica (Cactus) stammeekstrakt fra Jeju-\u00f8erne, hyaluronsyre og panthenol, der giver \u00f8jeblikkelig hydrering og beroliger irriteret hud. Virker [&hellip;]<\/p>\n","protected":false},"featured_media":112766,"comment_status":"open","ping_status":"closed","template":"","meta":{"_trash_the_other_posts":false},"product_brand":[],"product_cat":[559,1001],"product_tag":[],"berocket_brand":[1408],"class_list":{"0":"post-112779","1":"product","2":"type-product","3":"status-publish","4":"has-post-thumbnail","6":"product_cat-kasvovoide","7":"product_cat-k-beauty","8":"pa_brand-make-prem","9":"berocket_brand-make-prem","11":"first","12":"instock","13":"sale","14":"taxable","15":"shipping-taxable","16":"purchasable","17":"product-type-simple"},"_links":{"self":[{"href":"https:\/\/stylingagenten.com\/da\/wp-json\/wp\/v2\/product\/112779","targetHints":{"allow":["GET"]}}],"collection":[{"href":"https:\/\/stylingagenten.com\/da\/wp-json\/wp\/v2\/product"}],"about":[{"href":"https:\/\/stylingagenten.com\/da\/wp-json\/wp\/v2\/types\/product"}],"replies":[{"embeddable":true,"href":"https:\/\/stylingagenten.com\/da\/wp-json\/wp\/v2\/comments?post=112779"}],"version-history":[{"count":0,"href":"https:\/\/stylingagenten.com\/da\/wp-json\/wp\/v2\/product\/112779\/revisions"}],"wp:featuredmedia":[{"embeddable":true,"href":"https:\/\/stylingagenten.com\/da\/wp-json\/wp\/v2\/media\/112766"}],"wp:attachment":[{"href":"https:\/\/stylingagenten.com\/da\/wp-json\/wp\/v2\/media?parent=112779"}],"wp:term":[{"taxonomy":"product_brand","embeddable":true,"href":"https:\/\/stylingagenten.com\/da\/wp-json\/wp\/v2\/product_brand?post=112779"},{"taxonomy":"product_cat","embeddable":true,"href":"https:\/\/stylingagenten.com\/da\/wp-json\/wp\/v2\/product_cat?post=112779"},{"taxonomy":"product_tag","embeddable":true,"href":"https:\/\/stylingagenten.com\/da\/wp-json\/wp\/v2\/product_tag?post=112779"},{"taxonomy":"berocket_brand","embeddable":true,"href":"https:\/\/stylingagenten.com\/da\/wp-json\/wp\/v2\/berocket_brand?post=112779"}],"curies":[{"name":"wp","href":"https:\/\/api.w.org\/{rel}","templated":true}]}}