{"id":112733,"date":"2025-05-18T20:59:56","date_gmt":"2025-05-18T20:59:56","guid":{"rendered":"https:\/\/staging2.stylingagenten.com\/da\/produkt\/round-lab-mugwort-calming-cream-80ml\/"},"modified":"2026-04-01T12:48:37","modified_gmt":"2026-04-01T12:48:37","slug":"round-lab-mugwort-calming-cream-80ml","status":"publish","type":"product","link":"https:\/\/stylingagenten.com\/da\/produkt\/round-lab-mugwort-calming-cream-80ml\/","title":{"rendered":"Round Lab Mugwort Calming Cream 80ml"},"content":{"rendered":"<p>Opn\u00e5 dugfrisk og frisk hud med Round Lab Mugwort Calming Cream! Beriget med Sea Breeze Artemisia Extract og Madecassoside, beroliger denne creme og afhj\u00e6lper hud, der er p\u00e5virket af stress og milj\u00f8m\u00e6ssige faktorer.<\/p>\n<p>Pakket med vitamin A, B og beta-caroten for at berolige og genoprette hudens balance. Med sine potente antiinflammatoriske egenskaber styrker Artemisia Extract huden og opbygger dens modstandsdygtighed og styrke. Mugwort-ekstrakt og Madecassoside beroliger irriteret hud og \u00f8ger fugtighedsbevarelsen.<\/p>\n<p>Artemisia Vulgaris Extract hj\u00e6lper med at berolige og reducere r\u00f8dme, samtidig med at det h\u00e5ndterer acne og urenheder. Panthenol &amp; Allantoin forhindrer fugttab og fugter hurtigt huden, hvilket resulterer i en glattere f\u00f8lelse og udseende. Madecassoside udj\u00e6vner huden ved at reducere bet\u00e6ndelse, r\u00f8dme, t\u00f8rhed og hj\u00e6lper med hudtilstande som acne eller rosacea.<\/p>\n<p>80ml<\/p>\n","protected":false},"excerpt":{"rendered":"<p>Opn\u00e5 dugfrisk og frisk hud med Round Lab Mugwort Calming Cream! Beriget med Sea Breeze Artemisia Extract og Madecassoside, beroliger denne creme og afhj\u00e6lper hud, der er p\u00e5virket af stress og milj\u00f8m\u00e6ssige faktorer. Pakket med vitamin A, B og beta-caroten for at berolige og genoprette hudens balance. Med sine potente antiinflammatoriske egenskaber styrker Artemisia Extract [&hellip;]<\/p>\n","protected":false},"featured_media":112706,"comment_status":"open","ping_status":"closed","template":"","meta":{"_trash_the_other_posts":false},"product_brand":[],"product_cat":[559,1001],"product_tag":[],"berocket_brand":[1415],"class_list":{"0":"post-112733","1":"product","2":"type-product","3":"status-publish","4":"has-post-thumbnail","6":"product_cat-kasvovoide","7":"product_cat-k-beauty","8":"pa_brand-round-lab","9":"berocket_brand-round-lab","11":"first","12":"instock","13":"sale","14":"taxable","15":"shipping-taxable","16":"purchasable","17":"product-type-simple"},"_links":{"self":[{"href":"https:\/\/stylingagenten.com\/da\/wp-json\/wp\/v2\/product\/112733","targetHints":{"allow":["GET"]}}],"collection":[{"href":"https:\/\/stylingagenten.com\/da\/wp-json\/wp\/v2\/product"}],"about":[{"href":"https:\/\/stylingagenten.com\/da\/wp-json\/wp\/v2\/types\/product"}],"replies":[{"embeddable":true,"href":"https:\/\/stylingagenten.com\/da\/wp-json\/wp\/v2\/comments?post=112733"}],"version-history":[{"count":0,"href":"https:\/\/stylingagenten.com\/da\/wp-json\/wp\/v2\/product\/112733\/revisions"}],"wp:featuredmedia":[{"embeddable":true,"href":"https:\/\/stylingagenten.com\/da\/wp-json\/wp\/v2\/media\/112706"}],"wp:attachment":[{"href":"https:\/\/stylingagenten.com\/da\/wp-json\/wp\/v2\/media?parent=112733"}],"wp:term":[{"taxonomy":"product_brand","embeddable":true,"href":"https:\/\/stylingagenten.com\/da\/wp-json\/wp\/v2\/product_brand?post=112733"},{"taxonomy":"product_cat","embeddable":true,"href":"https:\/\/stylingagenten.com\/da\/wp-json\/wp\/v2\/product_cat?post=112733"},{"taxonomy":"product_tag","embeddable":true,"href":"https:\/\/stylingagenten.com\/da\/wp-json\/wp\/v2\/product_tag?post=112733"},{"taxonomy":"berocket_brand","embeddable":true,"href":"https:\/\/stylingagenten.com\/da\/wp-json\/wp\/v2\/berocket_brand?post=112733"}],"curies":[{"name":"wp","href":"https:\/\/api.w.org\/{rel}","templated":true}]}}