{"id":112730,"date":"2025-05-18T20:59:55","date_gmt":"2025-05-18T20:59:55","guid":{"rendered":"https:\/\/staging2.stylingagenten.com\/da\/produkt\/round-lab-soybean-nourishing-cream-80ml\/"},"modified":"2026-03-04T13:19:16","modified_gmt":"2026-03-04T13:19:16","slug":"round-lab-soybean-nourishing-cream-80ml","status":"publish","type":"product","link":"https:\/\/stylingagenten.com\/da\/produkt\/round-lab-soybean-nourishing-cream-80ml\/","title":{"rendered":"Round Lab Soybean Nourishing Cream 80ml"},"content":{"rendered":"<p>Oplev den ultimative fugtbombe med Round Lab Soybean Nourishing Cream 80ml! Denne prisvindende creme er proppet med n\u00e6ringsstoffer fra sorte sojab\u00f8nner, ceramider og adenosin for at give din hud en intens fugtighedsboost uden kl\u00e6brighed. Cremen er kendt for effektivt at reducere synligheden af rynker og forbedre hudens struktur, elasticitet og fugtniveauer.<\/p>\n<p>Den sunde dosis af ceramider og sort sojab\u00f8nneekstrakt giver langvarig fugt, perfekt til at berolige og pleje revnet eller t\u00f8r hud, der er p\u00e5virket af stress og ydre p\u00e5virkninger. Glycine Max (sojab\u00f8nner) fr\u00f8ekstrakt (1.000 ppm) beskytter huden mod frie radikaler og hj\u00e6lper med at reducere synligheden af rynker og fine linjer. Ceramid NP beroliger irriteret hud og giver ekstra pleje til t\u00f8r og ru hud. Med h\u00f8je antioxidanter er Curcuma Longa (Gurkemeje) Rodudtr\u00e6k en kraftfuld fugtgiver med anti-aging egenskaber.<\/p>\n<p>80ml<\/p>\n","protected":false},"excerpt":{"rendered":"<p>Oplev den ultimative fugtbombe med Round Lab Soybean Nourishing Cream 80ml! Denne prisvindende creme er proppet med n\u00e6ringsstoffer fra sorte sojab\u00f8nner, ceramider og adenosin for at give din hud en intens fugtighedsboost uden kl\u00e6brighed. Cremen er kendt for effektivt at reducere synligheden af rynker og forbedre hudens struktur, elasticitet og fugtniveauer. Den sunde dosis af [&hellip;]<\/p>\n","protected":false},"featured_media":112704,"comment_status":"open","ping_status":"closed","template":"","meta":{"_trash_the_other_posts":false},"product_brand":[],"product_cat":[559,1001],"product_tag":[],"berocket_brand":[1415],"class_list":{"0":"post-112730","1":"product","2":"type-product","3":"status-publish","4":"has-post-thumbnail","6":"product_cat-kasvovoide","7":"product_cat-k-beauty","8":"pa_brand-round-lab","9":"berocket_brand-round-lab","11":"first","12":"instock","13":"sale","14":"taxable","15":"shipping-taxable","16":"purchasable","17":"product-type-simple"},"_links":{"self":[{"href":"https:\/\/stylingagenten.com\/da\/wp-json\/wp\/v2\/product\/112730","targetHints":{"allow":["GET"]}}],"collection":[{"href":"https:\/\/stylingagenten.com\/da\/wp-json\/wp\/v2\/product"}],"about":[{"href":"https:\/\/stylingagenten.com\/da\/wp-json\/wp\/v2\/types\/product"}],"replies":[{"embeddable":true,"href":"https:\/\/stylingagenten.com\/da\/wp-json\/wp\/v2\/comments?post=112730"}],"version-history":[{"count":0,"href":"https:\/\/stylingagenten.com\/da\/wp-json\/wp\/v2\/product\/112730\/revisions"}],"wp:featuredmedia":[{"embeddable":true,"href":"https:\/\/stylingagenten.com\/da\/wp-json\/wp\/v2\/media\/112704"}],"wp:attachment":[{"href":"https:\/\/stylingagenten.com\/da\/wp-json\/wp\/v2\/media?parent=112730"}],"wp:term":[{"taxonomy":"product_brand","embeddable":true,"href":"https:\/\/stylingagenten.com\/da\/wp-json\/wp\/v2\/product_brand?post=112730"},{"taxonomy":"product_cat","embeddable":true,"href":"https:\/\/stylingagenten.com\/da\/wp-json\/wp\/v2\/product_cat?post=112730"},{"taxonomy":"product_tag","embeddable":true,"href":"https:\/\/stylingagenten.com\/da\/wp-json\/wp\/v2\/product_tag?post=112730"},{"taxonomy":"berocket_brand","embeddable":true,"href":"https:\/\/stylingagenten.com\/da\/wp-json\/wp\/v2\/berocket_brand?post=112730"}],"curies":[{"name":"wp","href":"https:\/\/api.w.org\/{rel}","templated":true}]}}