{"id":112724,"date":"2025-05-18T20:59:55","date_gmt":"2025-05-18T20:59:55","guid":{"rendered":"https:\/\/staging2.stylingagenten.com\/da\/produkt\/round-lab-dokdo-cream-80ml\/"},"modified":"2026-04-06T17:37:34","modified_gmt":"2026-04-06T17:37:34","slug":"round-lab-dokdo-cream-80ml","status":"publish","type":"product","link":"https:\/\/stylingagenten.com\/da\/produkt\/round-lab-dokdo-cream-80ml\/","title":{"rendered":"Round Lab Dokdo Cream 80ml"},"content":{"rendered":"<p>Round Lab Dokdo Cream er designet til at n\u00e6re og pleje alle hudtyper, b\u00e5de morgen og aften. Denne let absorberende creme er nem at p\u00e5f\u00f8re og efterlader ingen olieagtig f\u00f8lelse. I stedet vil den efterlade huden utroligt bl\u00f8d, glat og velplejet hele dagen.<\/p>\n<p>Efter rensning, p\u00e5f\u00f8r en passende m\u00e6ngde p\u00e5 ansigtet, halsen og dekolletage, og masser den forsigtigt ind for at opn\u00e5 en j\u00e6vn og str\u00e5lende hudtone. Beriget med n\u00f8je udvalgte ingredienser, hj\u00e6lper denne creme med at genoprette hudens naturlige balance og efterlader den ungdommelig og str\u00e5lende.<\/p>\n<p>80 ml<\/p>\n","protected":false},"excerpt":{"rendered":"<p>Round Lab Dokdo Cream er designet til at n\u00e6re og pleje alle hudtyper, b\u00e5de morgen og aften. Denne let absorberende creme er nem at p\u00e5f\u00f8re og efterlader ingen olieagtig f\u00f8lelse. I stedet vil den efterlade huden utroligt bl\u00f8d, glat og velplejet hele dagen. Efter rensning, p\u00e5f\u00f8r en passende m\u00e6ngde p\u00e5 ansigtet, halsen og dekolletage, og [&hellip;]<\/p>\n","protected":false},"featured_media":112705,"comment_status":"open","ping_status":"closed","template":"","meta":{"_trash_the_other_posts":false},"product_brand":[],"product_cat":[559,1001],"product_tag":[],"berocket_brand":[1415],"class_list":{"0":"post-112724","1":"product","2":"type-product","3":"status-publish","4":"has-post-thumbnail","6":"product_cat-kasvovoide","7":"product_cat-k-beauty","8":"pa_brand-round-lab","9":"berocket_brand-round-lab","11":"first","12":"instock","13":"sale","14":"taxable","15":"shipping-taxable","16":"purchasable","17":"product-type-simple"},"_links":{"self":[{"href":"https:\/\/stylingagenten.com\/da\/wp-json\/wp\/v2\/product\/112724","targetHints":{"allow":["GET"]}}],"collection":[{"href":"https:\/\/stylingagenten.com\/da\/wp-json\/wp\/v2\/product"}],"about":[{"href":"https:\/\/stylingagenten.com\/da\/wp-json\/wp\/v2\/types\/product"}],"replies":[{"embeddable":true,"href":"https:\/\/stylingagenten.com\/da\/wp-json\/wp\/v2\/comments?post=112724"}],"version-history":[{"count":0,"href":"https:\/\/stylingagenten.com\/da\/wp-json\/wp\/v2\/product\/112724\/revisions"}],"wp:featuredmedia":[{"embeddable":true,"href":"https:\/\/stylingagenten.com\/da\/wp-json\/wp\/v2\/media\/112705"}],"wp:attachment":[{"href":"https:\/\/stylingagenten.com\/da\/wp-json\/wp\/v2\/media?parent=112724"}],"wp:term":[{"taxonomy":"product_brand","embeddable":true,"href":"https:\/\/stylingagenten.com\/da\/wp-json\/wp\/v2\/product_brand?post=112724"},{"taxonomy":"product_cat","embeddable":true,"href":"https:\/\/stylingagenten.com\/da\/wp-json\/wp\/v2\/product_cat?post=112724"},{"taxonomy":"product_tag","embeddable":true,"href":"https:\/\/stylingagenten.com\/da\/wp-json\/wp\/v2\/product_tag?post=112724"},{"taxonomy":"berocket_brand","embeddable":true,"href":"https:\/\/stylingagenten.com\/da\/wp-json\/wp\/v2\/berocket_brand?post=112724"}],"curies":[{"name":"wp","href":"https:\/\/api.w.org\/{rel}","templated":true}]}}