{"id":112674,"date":"2025-05-18T20:59:48","date_gmt":"2025-05-18T20:59:48","guid":{"rendered":"https:\/\/staging2.stylingagenten.com\/da\/produkt\/nuxe-aquabella-beauty-revealing-moisturising-emulsion-50ml\/"},"modified":"2025-12-18T21:53:21","modified_gmt":"2025-12-18T21:53:21","slug":"nuxe-aquabella-beauty-revealing-moisturising-emulsion-50ml","status":"publish","type":"product","link":"https:\/\/stylingagenten.com\/da\/produkt\/nuxe-aquabella-beauty-revealing-moisturising-emulsion-50ml\/","title":{"rendered":"Nuxe Aquabella Beauty Revealing Moisturising Emulsion 50ml"},"content":{"rendered":"<p>Nuxe Aquabella Beauty Revealing Moisturising Emulsion er en let creme, der tilpasser sig ansigtets forskellige behov, tilf\u00f8rer fugt til t\u00f8rre omr\u00e5der med hvid \u00e5kande, mens den arbejder p\u00e5 at holde olieholdige omr\u00e5der matte med silicapulver, som ogs\u00e5 eksfolierer.<\/p>\n<p>50ml<\/p>\n","protected":false},"excerpt":{"rendered":"<p>Nuxe Aquabella Beauty Revealing Moisturising Emulsion er en let creme, der tilpasser sig ansigtets forskellige behov, tilf\u00f8rer fugt til t\u00f8rre omr\u00e5der med hvid \u00e5kande, mens den arbejder p\u00e5 at holde olieholdige omr\u00e5der matte med silicapulver, som ogs\u00e5 eksfolierer. 50ml<\/p>\n","protected":false},"featured_media":112660,"comment_status":"open","ping_status":"closed","template":"","meta":{"_trash_the_other_posts":false},"product_brand":[],"product_cat":[559],"product_tag":[],"berocket_brand":[1024],"class_list":{"0":"post-112674","1":"product","2":"type-product","3":"status-publish","4":"has-post-thumbnail","6":"product_cat-kasvovoide","7":"pa_brand-nuxe","8":"berocket_brand-nuxe","10":"first","11":"instock","12":"sale","13":"taxable","14":"shipping-taxable","15":"purchasable","16":"product-type-simple"},"_links":{"self":[{"href":"https:\/\/stylingagenten.com\/da\/wp-json\/wp\/v2\/product\/112674","targetHints":{"allow":["GET"]}}],"collection":[{"href":"https:\/\/stylingagenten.com\/da\/wp-json\/wp\/v2\/product"}],"about":[{"href":"https:\/\/stylingagenten.com\/da\/wp-json\/wp\/v2\/types\/product"}],"replies":[{"embeddable":true,"href":"https:\/\/stylingagenten.com\/da\/wp-json\/wp\/v2\/comments?post=112674"}],"version-history":[{"count":0,"href":"https:\/\/stylingagenten.com\/da\/wp-json\/wp\/v2\/product\/112674\/revisions"}],"wp:featuredmedia":[{"embeddable":true,"href":"https:\/\/stylingagenten.com\/da\/wp-json\/wp\/v2\/media\/112660"}],"wp:attachment":[{"href":"https:\/\/stylingagenten.com\/da\/wp-json\/wp\/v2\/media?parent=112674"}],"wp:term":[{"taxonomy":"product_brand","embeddable":true,"href":"https:\/\/stylingagenten.com\/da\/wp-json\/wp\/v2\/product_brand?post=112674"},{"taxonomy":"product_cat","embeddable":true,"href":"https:\/\/stylingagenten.com\/da\/wp-json\/wp\/v2\/product_cat?post=112674"},{"taxonomy":"product_tag","embeddable":true,"href":"https:\/\/stylingagenten.com\/da\/wp-json\/wp\/v2\/product_tag?post=112674"},{"taxonomy":"berocket_brand","embeddable":true,"href":"https:\/\/stylingagenten.com\/da\/wp-json\/wp\/v2\/berocket_brand?post=112674"}],"curies":[{"name":"wp","href":"https:\/\/api.w.org\/{rel}","templated":true}]}}