{"id":112664,"date":"2025-05-18T20:59:47","date_gmt":"2025-05-18T20:59:47","guid":{"rendered":"https:\/\/staging2.stylingagenten.com\/da\/produkt\/nuxe-merveillance-lift-firming-powdery-cream-50ml\/"},"modified":"2025-12-18T21:53:30","modified_gmt":"2025-12-18T21:53:30","slug":"nuxe-merveillance-lift-firming-powdery-cream-50ml","status":"publish","type":"product","link":"https:\/\/stylingagenten.com\/da\/produkt\/nuxe-merveillance-lift-firming-powdery-cream-50ml\/","title":{"rendered":"Nuxe Merveillance Lift Firming Powdery Cream 50ml"},"content":{"rendered":"<p>Nuxe Merveillance Lift Firming Powdery Day Cream er en uds\u00f8gt og effektiv anti-aging dagcreme til kvinder over 35 \u00e5r med normal til kombineret hud. Den er skabt med en innovativ pudderagtig konsistens, der giver \u00f8jeblikkelige anti-aging resultater og giver huden et l\u00f8ftet udseende og en mere fejlfri finish. Denne dagcreme er fremstillet af ingredienser med 96% naturlig oprindelse.<\/p>\n<p>Den er beriget med en meget kraftfuld mikroalgeolie, Chlorella Vulgaris, som intensivt regenererer og styrker hudens strukturer for at udglatte rynker og stramme huden op. Efter 2 m\u00e5neder er huden fastere, glattere og ser mere ungdommelig ud. Cremeren har vidunderlige duftnoter af hvid musk, magnolia og fresia, som g\u00f8r, at b\u00e5de huden og sanserne bliver betaget af denne creme og g\u00f8r p\u00e5f\u00f8ringen til en meget behagelig oplevelse hver morgen. Cremen er vegansk, fri for parabener og silikone.<\/p>\n<p>50ml<\/p>\n","protected":false},"excerpt":{"rendered":"<p>Nuxe Merveillance Lift Firming Powdery Day Cream er en uds\u00f8gt og effektiv anti-aging dagcreme til kvinder over 35 \u00e5r med normal til kombineret hud. Den er skabt med en innovativ pudderagtig konsistens, der giver \u00f8jeblikkelige anti-aging resultater og giver huden et l\u00f8ftet udseende og en mere fejlfri finish. Denne dagcreme er fremstillet af ingredienser med [&hellip;]<\/p>\n","protected":false},"featured_media":112626,"comment_status":"open","ping_status":"closed","template":"","meta":{"_trash_the_other_posts":false},"product_brand":[],"product_cat":[559],"product_tag":[],"berocket_brand":[1024],"class_list":{"0":"post-112664","1":"product","2":"type-product","3":"status-publish","4":"has-post-thumbnail","6":"product_cat-kasvovoide","7":"pa_brand-nuxe","8":"berocket_brand-nuxe","10":"first","11":"instock","12":"sale","13":"taxable","14":"shipping-taxable","15":"purchasable","16":"product-type-simple"},"_links":{"self":[{"href":"https:\/\/stylingagenten.com\/da\/wp-json\/wp\/v2\/product\/112664","targetHints":{"allow":["GET"]}}],"collection":[{"href":"https:\/\/stylingagenten.com\/da\/wp-json\/wp\/v2\/product"}],"about":[{"href":"https:\/\/stylingagenten.com\/da\/wp-json\/wp\/v2\/types\/product"}],"replies":[{"embeddable":true,"href":"https:\/\/stylingagenten.com\/da\/wp-json\/wp\/v2\/comments?post=112664"}],"version-history":[{"count":0,"href":"https:\/\/stylingagenten.com\/da\/wp-json\/wp\/v2\/product\/112664\/revisions"}],"wp:featuredmedia":[{"embeddable":true,"href":"https:\/\/stylingagenten.com\/da\/wp-json\/wp\/v2\/media\/112626"}],"wp:attachment":[{"href":"https:\/\/stylingagenten.com\/da\/wp-json\/wp\/v2\/media?parent=112664"}],"wp:term":[{"taxonomy":"product_brand","embeddable":true,"href":"https:\/\/stylingagenten.com\/da\/wp-json\/wp\/v2\/product_brand?post=112664"},{"taxonomy":"product_cat","embeddable":true,"href":"https:\/\/stylingagenten.com\/da\/wp-json\/wp\/v2\/product_cat?post=112664"},{"taxonomy":"product_tag","embeddable":true,"href":"https:\/\/stylingagenten.com\/da\/wp-json\/wp\/v2\/product_tag?post=112664"},{"taxonomy":"berocket_brand","embeddable":true,"href":"https:\/\/stylingagenten.com\/da\/wp-json\/wp\/v2\/berocket_brand?post=112664"}],"curies":[{"name":"wp","href":"https:\/\/api.w.org\/{rel}","templated":true}]}}