{"id":112659,"date":"2025-05-18T20:59:47","date_gmt":"2025-05-18T20:59:47","guid":{"rendered":"https:\/\/staging2.stylingagenten.com\/da\/produkt\/dermalogica-skin-smoothing-cream-50ml\/"},"modified":"2026-04-08T15:30:24","modified_gmt":"2026-04-08T15:30:24","slug":"dermalogica-skin-smoothing-cream-50ml","status":"publish","type":"product","link":"https:\/\/stylingagenten.com\/da\/produkt\/dermalogica-skin-smoothing-cream-50ml\/","title":{"rendered":"Dermalogica Skin Smoothing Cream 50ml"},"content":{"rendered":"<p>Dermalogica Skin Smoothing Cream er en medium-let fugtighedscreme, der bevarer hudens fugtbalance og struktur. Innovative ingredienser som Active HydraMesh Technology\u2122 giver langvarig fugt til hudens \u00f8verste lag. Active HydraMesh Technology\u2122 danner ogs\u00e5 et usynligt skjold mod ydre p\u00e5virkninger og balancerer hudens mikroflora.<\/p>\n<p>Active HydraMesh Technology\u2122: Fugter huden og styrker dens beskyttelse.<br \/>\n<br \/>Et kompleks med l\u00e6gekatost, agurk og arnica bl\u00f8dg\u00f8r og beroliger.<br \/>\n<br \/>Vindruekerneekstrakt modvirker skader for\u00e5rsaget af frie radikaler.<br \/>\n<br \/>Vitamin C styrker hudens eget forsvar mod oxidativ stress.<br \/>\n<br \/>Vitamin E bl\u00f8dg\u00f8r huden.<br \/>\n<br \/>50ml<\/p>\n","protected":false},"excerpt":{"rendered":"<p>Dermalogica Skin Smoothing Cream er en medium-let fugtighedscreme, der bevarer hudens fugtbalance og struktur. Innovative ingredienser som Active HydraMesh Technology\u2122 giver langvarig fugt til hudens \u00f8verste lag. Active HydraMesh Technology\u2122 danner ogs\u00e5 et usynligt skjold mod ydre p\u00e5virkninger og balancerer hudens mikroflora. Active HydraMesh Technology\u2122: Fugter huden og styrker dens beskyttelse. Et kompleks med l\u00e6gekatost, [&hellip;]<\/p>\n","protected":false},"featured_media":112649,"comment_status":"open","ping_status":"closed","template":"","meta":{"_trash_the_other_posts":false},"product_brand":[],"product_cat":[559],"product_tag":[2798],"berocket_brand":[1420],"class_list":{"0":"post-112659","1":"product","2":"type-product","3":"status-publish","4":"has-post-thumbnail","6":"product_cat-kasvovoide","7":"product_tag-dermalogica-skin-smoothing-cream","8":"pa_brand-dermalogica","9":"pa_variant-50ml","10":"berocket_brand-dermalogica","12":"first","13":"instock","14":"sale","15":"taxable","16":"shipping-taxable","17":"purchasable","18":"product-type-simple"},"_links":{"self":[{"href":"https:\/\/stylingagenten.com\/da\/wp-json\/wp\/v2\/product\/112659","targetHints":{"allow":["GET"]}}],"collection":[{"href":"https:\/\/stylingagenten.com\/da\/wp-json\/wp\/v2\/product"}],"about":[{"href":"https:\/\/stylingagenten.com\/da\/wp-json\/wp\/v2\/types\/product"}],"replies":[{"embeddable":true,"href":"https:\/\/stylingagenten.com\/da\/wp-json\/wp\/v2\/comments?post=112659"}],"version-history":[{"count":0,"href":"https:\/\/stylingagenten.com\/da\/wp-json\/wp\/v2\/product\/112659\/revisions"}],"wp:featuredmedia":[{"embeddable":true,"href":"https:\/\/stylingagenten.com\/da\/wp-json\/wp\/v2\/media\/112649"}],"wp:attachment":[{"href":"https:\/\/stylingagenten.com\/da\/wp-json\/wp\/v2\/media?parent=112659"}],"wp:term":[{"taxonomy":"product_brand","embeddable":true,"href":"https:\/\/stylingagenten.com\/da\/wp-json\/wp\/v2\/product_brand?post=112659"},{"taxonomy":"product_cat","embeddable":true,"href":"https:\/\/stylingagenten.com\/da\/wp-json\/wp\/v2\/product_cat?post=112659"},{"taxonomy":"product_tag","embeddable":true,"href":"https:\/\/stylingagenten.com\/da\/wp-json\/wp\/v2\/product_tag?post=112659"},{"taxonomy":"berocket_brand","embeddable":true,"href":"https:\/\/stylingagenten.com\/da\/wp-json\/wp\/v2\/berocket_brand?post=112659"}],"curies":[{"name":"wp","href":"https:\/\/api.w.org\/{rel}","templated":true}]}}